{"id":1023982,"date":"2025-05-27T14:32:41","date_gmt":"2025-05-27T12:32:41","guid":{"rendered":"https:\/\/www.claret.cat\/llibre\/algun-dia-tothom-hi-haura-estat-sempre-en-contra-9791387672218\/"},"modified":"2026-04-13T14:01:07","modified_gmt":"2026-04-13T12:01:07","slug":"algun-dia-tothom-hi-haura-estat-sempre-en-contra-9791387672218","status":"publish","type":"product","link":"https:\/\/www.claret.cat\/es\/libro\/algun-dia-tothom-hi-haura-estat-sempre-en-contra-9791387672218\/","title":{"rendered":"ALGUN DIA TOTHOM HI HAUR\u00c0 ESTAT SEMPRE EN CONTRA"},"content":{"rendered":"<p>El 25 d\u2019octubre de 2023, tot just tres setmanes despr\u00e9s del bombardeig de Gaza, Omar El Akkad va tuitejar: \u00abAlgun dia, quan ja no sigui perill\u00f3s, quan dir les coses pel seu nom ja no tingui consequ\u00a8\u00e8ncies, quan sigui massa tard per exigir responsabilitats a ning\u00fa, tothom hi haur\u00e0 estat sempre en contra\u00bb. El tuit va tenir m\u00e9s de 10 milions de visualitzacions.<br \/> Com a immigrant nascut a Egipte i instal\u00b7lat al m\u00f3n occidental des de molt jove, Omar El Akkad estava conven\u00e7ut que Occident era una terra de llibertat i just\u00edcia. Per\u00f2 en els \u00faltims vint anys, durant els quals ha exercit de periodista en primer\u00edssima l\u00ednia i ha sigut testimoni de la matan\u00e7a indiscriminada de la poblaci\u00f3 de Gaza per part d\u2019Israel, ha arribat a la conclusi\u00f3 que la base moral sobre la qual s\u2019ha erigit el m\u00f3n Occidental \u00e9s una gran mentida. Algun dia tothom hi haur\u00e0 estat sempre en contra \u00e9s una cr\u00f2nica punyent i incom\u00f2da que clama contra el silenci eixordador dels mitjans de comunicaci\u00f3 europeus i americans, de la classe pol\u00edtica en general \u2014i, molt concretament, de les esquerres benpensants\u2014, i denuncia la incapacitat i les trampes del llenguatge a l\u2019hora de descriure les atrocitats que s\u2019estan cometent a Gaza i les consequ\u00a8\u00e8ncies devastadores de no prendre partit, de no mullar-se i, en definitiva, de no empatitzar amb els altres. Un llibre cru i trasbalsador, imprescindible.<\/p>\n","protected":false},"excerpt":{"rendered":"<p>EL AKKAD, OMAR<\/p>\n","protected":false},"featured_media":1074206,"template":"","meta":{"_acf_changed":false,"om_disable_all_campaigns":false,"rs_blank_template":"","rs_page_bg_color":"","slide_template_v7":"","inline_featured_image":false,"_monsterinsights_skip_tracking":false,"_monsterinsights_sitenote_active":false,"_monsterinsights_sitenote_note":"","_monsterinsights_sitenote_category":0},"product_brand":[],"product_cat":[372,164,152,429],"product_tag":[],"class_list":{"0":"post-1023982","1":"product","2":"type-product","3":"status-publish","4":"has-post-thumbnail","6":"product_cat-derechos-humanos","7":"product_cat-drets-humans","8":"product_cat-el-mon-actual","9":"product_cat-el-mundo-actual","11":"first","12":"instock","13":"taxable","14":"shipping-taxable","15":"purchasable","16":"product-type-simple"},"acf":{"autor":"EL AKKAD, OMAR","codart":"138767221","libros-coleccion":"FORA DE COL.LECCI\u00d3","ediciones":"1","encuadernacion":"R\u00fastica","fecha_de_publicacion":"01\/05\/2025","novedad":"1","paginas":"208","subtitulo":"","orden":"0","portada":"0","idioma":"cat","booktrailer":"","resenas":"","editorial":[{"ID":8251,"post_author":"3","post_date":"2022-09-30 09:21:29","post_date_gmt":"2022-09-30 07:21:29","post_content":"","post_title":"L'ALTRA EDITORIAL","post_excerpt":"","post_status":"publish","comment_status":"closed","ping_status":"closed","post_password":"","post_name":"laltra-editorial-3","to_ping":"","pinged":"","post_modified":"2022-09-30 09:21:29","post_modified_gmt":"2022-09-30 07:21:29","post_content_filtered":"","post_parent":0,"guid":"http:\/\/dev.claret.cat\/editorial\/laltra-editorial-3\/","menu_order":0,"post_type":"editorial","post_mime_type":"","comment_count":"0","filter":"raw"}]},"aioseo_notices":[],"_links":{"self":[{"href":"https:\/\/www.claret.cat\/es\/wp-json\/wp\/v2\/product\/1023982","targetHints":{"allow":["GET"]}}],"collection":[{"href":"https:\/\/www.claret.cat\/es\/wp-json\/wp\/v2\/product"}],"about":[{"href":"https:\/\/www.claret.cat\/es\/wp-json\/wp\/v2\/types\/product"}],"wp:featuredmedia":[{"embeddable":true,"href":"https:\/\/www.claret.cat\/es\/wp-json\/wp\/v2\/media\/1074206"}],"wp:attachment":[{"href":"https:\/\/www.claret.cat\/es\/wp-json\/wp\/v2\/media?parent=1023982"}],"wp:term":[{"taxonomy":"product_brand","embeddable":true,"href":"https:\/\/www.claret.cat\/es\/wp-json\/wp\/v2\/product_brand?post=1023982"},{"taxonomy":"product_cat","embeddable":true,"href":"https:\/\/www.claret.cat\/es\/wp-json\/wp\/v2\/product_cat?post=1023982"},{"taxonomy":"product_tag","embeddable":true,"href":"https:\/\/www.claret.cat\/es\/wp-json\/wp\/v2\/product_tag?post=1023982"}],"curies":[{"name":"wp","href":"https:\/\/api.w.org\/{rel}","templated":true}]}}