{"id":1024322,"date":"2025-05-28T16:15:39","date_gmt":"2025-05-28T14:15:39","guid":{"rendered":"https:\/\/www.claret.cat\/llibre\/yo-quiero-9788428573696\/"},"modified":"2026-02-28T11:55:23","modified_gmt":"2026-02-28T10:55:23","slug":"yo-quiero-9788428573696","status":"publish","type":"product","link":"https:\/\/www.claret.cat\/es\/libro\/yo-quiero-9788428573696\/","title":{"rendered":"\u00a1YO QUIERO!"},"content":{"rendered":"<p><strong>Santa Catalina de Siena: Doctora de la Iglesia, patrona de Europa y testigo audaz de su tiempo<\/strong><\/p>\n<p>De los treinta y seis <strong>doctores de la Iglesia<\/strong>, solo cuatro son mujeres. Y entre ellas, solo una no fue monja ni vivi\u00f3 en un convento: <strong>Santa Catalina de Siena<\/strong>. Esta figura extraordinaria, a menudo olvidada o reducida a una imagen piadosa, resurge en este libro como lo que verdaderamente fue: una <strong>mujer laica, m\u00edstica, escritora, consejera de papas y reformadora valiente<\/strong> en una de las \u00e9pocas m\u00e1s convulsas de la Iglesia.<\/p>\n<p>Este libro ofrece un retrato cercano y apasionante de <strong>una santa \u00fanica<\/strong>, <strong>patrona de Europa<\/strong>, cuya vida corta pero intensa estuvo marcada por la acci\u00f3n, la contemplaci\u00f3n y el amor radical a Cristo y a la Iglesia. A trav\u00e9s de un recorrido biogr\u00e1fico \u00e1gil y profundo, acompa\u00f1ado de fragmentos de sus propios escritos, el lector se adentra en la espiritualidad y doctrina de una mujer cuya voz sigue interpelando con fuerza en el siglo XXI.<\/p>\n<p>Una obra ideal para quienes desean conocer m\u00e1s sobre las grandes figuras femeninas del cristianismo, la <strong>espiritualidad dominicana<\/strong>, y el papel transformador de la <strong>santidad laical<\/strong> en la historia de la Iglesia.<\/p>\n","protected":false},"excerpt":{"rendered":"<p>CADARSO, TERESA<\/p>\n","protected":false},"featured_media":1025455,"template":"","meta":{"_acf_changed":false,"om_disable_all_campaigns":false,"rs_blank_template":"","rs_page_bg_color":"","slide_template_v7":"","inline_featured_image":false,"_monsterinsights_skip_tracking":false,"_monsterinsights_sitenote_active":false,"_monsterinsights_sitenote_note":"","_monsterinsights_sitenote_category":0},"product_brand":[],"product_cat":[95,545,542,92],"product_tag":[],"class_list":{"0":"post-1024322","1":"product","2":"type-product","3":"status-publish","4":"has-post-thumbnail","6":"product_cat-santoral","7":"product_cat-santoral-1_espiritualidad-spa","8":"product_cat-vida-religiosa-1_espiritualidad-spa","9":"product_cat-vida-religiosa","11":"first","12":"instock","13":"taxable","14":"shipping-taxable","15":"purchasable","16":"product-type-simple"},"acf":{"autor":"CADARSO, TERESA","codart":"842857369","libros-coleccion":"","ediciones":"1","encuadernacion":"R\u00fastica","fecha_de_publicacion":"23\/05\/2025","novedad":"1","paginas":"284","subtitulo":"PASI\u00d3N DE CATALINA DE SIENA ","orden":"0","portada":"1","idioma":"spa","booktrailer":"","resenas":"","editorial":[{"ID":6356,"post_author":"3","post_date":"2022-07-28 17:50:26","post_date_gmt":"2022-07-28 15:50:26","post_content":"","post_title":"SAN PABLO COMUNICACI\u00d3N","post_excerpt":"","post_status":"publish","comment_status":"closed","ping_status":"closed","post_password":"","post_name":"san-pablo-comunicacion","to_ping":"","pinged":"","post_modified":"2022-07-28 17:50:26","post_modified_gmt":"2022-07-28 15:50:26","post_content_filtered":"","post_parent":0,"guid":"http:\/\/dev.claret.cat\/editorial\/san-pablo-comunicacion\/","menu_order":0,"post_type":"editorial","post_mime_type":"","comment_count":"0","filter":"raw"}]},"aioseo_notices":[],"_links":{"self":[{"href":"https:\/\/www.claret.cat\/es\/wp-json\/wp\/v2\/product\/1024322","targetHints":{"allow":["GET"]}}],"collection":[{"href":"https:\/\/www.claret.cat\/es\/wp-json\/wp\/v2\/product"}],"about":[{"href":"https:\/\/www.claret.cat\/es\/wp-json\/wp\/v2\/types\/product"}],"wp:featuredmedia":[{"embeddable":true,"href":"https:\/\/www.claret.cat\/es\/wp-json\/wp\/v2\/media\/1025455"}],"wp:attachment":[{"href":"https:\/\/www.claret.cat\/es\/wp-json\/wp\/v2\/media?parent=1024322"}],"wp:term":[{"taxonomy":"product_brand","embeddable":true,"href":"https:\/\/www.claret.cat\/es\/wp-json\/wp\/v2\/product_brand?post=1024322"},{"taxonomy":"product_cat","embeddable":true,"href":"https:\/\/www.claret.cat\/es\/wp-json\/wp\/v2\/product_cat?post=1024322"},{"taxonomy":"product_tag","embeddable":true,"href":"https:\/\/www.claret.cat\/es\/wp-json\/wp\/v2\/product_tag?post=1024322"}],"curies":[{"name":"wp","href":"https:\/\/api.w.org\/{rel}","templated":true}]}}