{"id":1024486,"date":"2025-05-29T14:10:02","date_gmt":"2025-05-29T12:10:02","guid":{"rendered":"https:\/\/www.claret.cat\/llibre\/el-arte-japones-de-vivir-en-plenitud-9788410359574\/"},"modified":"2025-05-29T14:10:18","modified_gmt":"2025-05-29T12:10:18","slug":"el-arte-japones-de-vivir-en-plenitud-9788410359574","status":"publish","type":"product","link":"https:\/\/www.claret.cat\/es\/libro\/el-arte-japones-de-vivir-en-plenitud-9788410359574\/","title":{"rendered":"EL ARTE JAPON\u00c9S DE VIVIR EN PLENITUD"},"content":{"rendered":"<p>VIVE EN SINTON\u00cdA CON LOS RITMOS DE LAS ESTACIONES JAPONESASUn libro pr\u00e1ctico y con ilustraciones con un toque oriental para vivir una vida larga y plena.Combina haikus, t\u00e9cnicas de mindfulness y reflexiones sobre la naturaleza para vivir seg\u00fan el calendario tradicional japon\u00e9s.La tradici\u00f3n milenaria japonesa ha generado una visi\u00f3n del mundo \u00fanica, po\u00e9tica y muy atractiva para el resto de culturas. Observando las migraciones de las golondrinas, las flores de loto o las plantas de arroz, los japoneses dividen su calendario, kyureki, en 72 microestaciones marcadas por los cambios de la naturaleza.<br \/>Para descifrar este lenguaje secreto, este libro propone al lector una pr\u00e1ctica de mindfulness para cada microestaci\u00f3n: un ejercicio diario para fortalecer el autoconocimiento y reconectar con nosotros mismos. Un aut\u00e9ntico viaje entre gotas de roc\u00edo, flores de cerezo y haikus para celebrar cada vibraci\u00f3n de las estaciones y reconocer en nosotros la misma fuerza, la misma poes\u00eda. Descubre un nuevo enfoque del mundo, de nuestro entorno y de la vida, enriquecido por la maravilla y la sabidur\u00eda del pensamiento japon\u00e9s.\u00abA trav\u00e9s de pr\u00e1cticas de mindfulness, este libro te ayudar\u00e1 a descubrirte.\u00bb<br \/>\u00abUn maravilloso viaje a trav\u00e9s de la naturaleza y la poes\u00eda de Jap\u00f3n para conocerte.\u00bb<br \/>\u00abCada p\u00e1gina es un paso en tu proceso de crecimiento personal.\u00bb<\/p>\n","protected":false},"excerpt":{"rendered":"<p>ANTEFERMO, ANTONIO<\/p>\n","protected":false},"featured_media":1024487,"template":"","meta":{"_acf_changed":false,"om_disable_all_campaigns":false,"rs_blank_template":"","rs_page_bg_color":"","slide_template_v7":"","inline_featured_image":false,"_monsterinsights_skip_tracking":false,"_monsterinsights_sitenote_active":false,"_monsterinsights_sitenote_note":"","_monsterinsights_sitenote_category":0},"product_brand":[],"product_cat":[90,540],"product_tag":[],"class_list":{"0":"post-1024486","1":"product","2":"type-product","3":"status-publish","4":"has-post-thumbnail","6":"product_cat-altres","7":"product_cat-otros","9":"first","10":"instock","11":"taxable","12":"shipping-taxable","13":"purchasable","14":"product-type-simple"},"acf":{"autor":"ANTEFERMO, ANTONIO","codart":"841035957","libros-coleccion":"FORA DE COL.LECCI\u00d3","ediciones":"1","encuadernacion":"R\u00fastica","fecha_de_publicacion":"01\/06\/2025","novedad":"1","paginas":"250","subtitulo":"KYUREKI","orden":"0","portada":"0","idioma":"spa","booktrailer":"","resenas":"","editorial":[{"ID":989222,"post_author":"3","post_date":"2024-10-31 13:15:45","post_date_gmt":"2024-10-31 12:15:45","post_content":"","post_title":"NEWTON COMPTON","post_excerpt":"","post_status":"publish","comment_status":"closed","ping_status":"closed","post_password":"","post_name":"newton-compton","to_ping":"","pinged":"","post_modified":"2024-10-31 13:15:45","post_modified_gmt":"2024-10-31 12:15:45","post_content_filtered":"","post_parent":0,"guid":"https:\/\/www.claret.cat\/editorial\/newton-compton\/","menu_order":0,"post_type":"editorial","post_mime_type":"","comment_count":"0","filter":"raw"}]},"aioseo_notices":[],"_links":{"self":[{"href":"https:\/\/www.claret.cat\/es\/wp-json\/wp\/v2\/product\/1024486","targetHints":{"allow":["GET"]}}],"collection":[{"href":"https:\/\/www.claret.cat\/es\/wp-json\/wp\/v2\/product"}],"about":[{"href":"https:\/\/www.claret.cat\/es\/wp-json\/wp\/v2\/types\/product"}],"wp:featuredmedia":[{"embeddable":true,"href":"https:\/\/www.claret.cat\/es\/wp-json\/wp\/v2\/media\/1024487"}],"wp:attachment":[{"href":"https:\/\/www.claret.cat\/es\/wp-json\/wp\/v2\/media?parent=1024486"}],"wp:term":[{"taxonomy":"product_brand","embeddable":true,"href":"https:\/\/www.claret.cat\/es\/wp-json\/wp\/v2\/product_brand?post=1024486"},{"taxonomy":"product_cat","embeddable":true,"href":"https:\/\/www.claret.cat\/es\/wp-json\/wp\/v2\/product_cat?post=1024486"},{"taxonomy":"product_tag","embeddable":true,"href":"https:\/\/www.claret.cat\/es\/wp-json\/wp\/v2\/product_tag?post=1024486"}],"curies":[{"name":"wp","href":"https:\/\/api.w.org\/{rel}","templated":true}]}}