{"id":1024522,"date":"2025-05-29T16:25:02","date_gmt":"2025-05-29T14:25:02","guid":{"rendered":"https:\/\/www.claret.cat\/llibre\/america-es-nombre-de-mujer-9788415436829\/"},"modified":"2025-05-31T10:45:16","modified_gmt":"2025-05-31T08:45:16","slug":"america-es-nombre-de-mujer-9788415436829","status":"publish","type":"product","link":"https:\/\/www.claret.cat\/es\/libro\/america-es-nombre-de-mujer-9788415436829\/","title":{"rendered":"AM\u00c9RICA ES NOMBRE DE MUJER"},"content":{"rendered":"<p>La narrativa dominante sobre Am\u00e9rica ha sido escrita por hombres y centrada en el poder pol\u00edtico. Sin embargo, la identidad de Am\u00e9rica no solo se construy\u00f3 desde la pol\u00edtica, sino tambi\u00e9n a trav\u00e9s de la cultura, la religi\u00f3n y la vida diaria.<br \/> Esta obra analiza la contribuci\u00f3n de mujeres destacadas en distintos \u00e1mbitos, desde la \u00e9poca prehisp\u00e1nica hasta el S. XIX, incluyendo reinas, sacerdotisas, escritoras y guerreras. A trav\u00e9s de fuentes diversas como cr\u00f3nicas, arqueolog\u00eda y documentos hist\u00f3ricos, se reconstruye su papel en la configuraci\u00f3n de la Am\u00e9rica actual.<br \/> M\u00e1s all\u00e1 de nombrar figuras relevantes, el libro resalta \u00ablo femenino\u00bb como una fuerza creadora de civilizaci\u00f3n, abordando tambi\u00e9n los roles cotidianos de las mujeres. Su enfoque innovador abarca un amplio marco temporal y propone una visi\u00f3n fascinante de su impacto en la historia del continente.<\/p>\n","protected":false},"excerpt":{"rendered":"<p>SAAVEDRA INARAJA, MAR\u00cdA DEL CARMEN<\/p>\n","protected":false},"featured_media":1024783,"template":"","meta":{"_acf_changed":false,"om_disable_all_campaigns":false,"rs_blank_template":"","rs_page_bg_color":"","slide_template_v7":"","inline_featured_image":false,"_monsterinsights_skip_tracking":false,"_monsterinsights_sitenote_active":false,"_monsterinsights_sitenote_note":"","_monsterinsights_sitenote_category":0},"product_brand":[],"product_cat":[157,370],"product_tag":[],"class_list":{"0":"post-1024522","1":"product","2":"type-product","3":"status-publish","4":"has-post-thumbnail","6":"product_cat-investigacio-i-corrents","7":"product_cat-investigacion-y-corrientes","9":"first","10":"instock","11":"taxable","12":"shipping-taxable","13":"purchasable","14":"product-type-simple"},"acf":{"autor":"SAAVEDRA INARAJA, MAR\u00cdA DEL CARMEN","codart":"841543682","libros-coleccion":"FORA DE COL.LECCI\u00d3","ediciones":"1","encuadernacion":"R\u00fastica","fecha_de_publicacion":"01\/05\/2025","novedad":"1","paginas":"208","subtitulo":"INDIAS, MESTIZAS Y CRIOLLAS EN UN NUEVO MUNDO","orden":"0","portada":"0","idioma":"spa","booktrailer":"","resenas":"","editorial":[{"ID":147632,"post_author":"3","post_date":"2022-10-14 11:52:04","post_date_gmt":"2022-10-14 09:52:04","post_content":"","post_title":"Ciudadela Libros","post_excerpt":"","post_status":"publish","comment_status":"closed","ping_status":"closed","post_password":"","post_name":"ciudadela-libros","to_ping":"","pinged":"","post_modified":"2022-10-14 11:52:04","post_modified_gmt":"2022-10-14 09:52:04","post_content_filtered":"","post_parent":0,"guid":"http:\/\/dev.claret.cat\/editorial\/ciudadela-libros\/","menu_order":0,"post_type":"editorial","post_mime_type":"","comment_count":"0","filter":"raw"}]},"aioseo_notices":[],"_links":{"self":[{"href":"https:\/\/www.claret.cat\/es\/wp-json\/wp\/v2\/product\/1024522","targetHints":{"allow":["GET"]}}],"collection":[{"href":"https:\/\/www.claret.cat\/es\/wp-json\/wp\/v2\/product"}],"about":[{"href":"https:\/\/www.claret.cat\/es\/wp-json\/wp\/v2\/types\/product"}],"wp:featuredmedia":[{"embeddable":true,"href":"https:\/\/www.claret.cat\/es\/wp-json\/wp\/v2\/media\/1024783"}],"wp:attachment":[{"href":"https:\/\/www.claret.cat\/es\/wp-json\/wp\/v2\/media?parent=1024522"}],"wp:term":[{"taxonomy":"product_brand","embeddable":true,"href":"https:\/\/www.claret.cat\/es\/wp-json\/wp\/v2\/product_brand?post=1024522"},{"taxonomy":"product_cat","embeddable":true,"href":"https:\/\/www.claret.cat\/es\/wp-json\/wp\/v2\/product_cat?post=1024522"},{"taxonomy":"product_tag","embeddable":true,"href":"https:\/\/www.claret.cat\/es\/wp-json\/wp\/v2\/product_tag?post=1024522"}],"curies":[{"name":"wp","href":"https:\/\/api.w.org\/{rel}","templated":true}]}}