{"id":1024563,"date":"2025-05-29T17:00:02","date_gmt":"2025-05-29T15:00:02","guid":{"rendered":"https:\/\/www.claret.cat\/llibre\/archivos-cosmicos-9788410332560\/"},"modified":"2025-05-29T18:00:16","modified_gmt":"2025-05-29T16:00:16","slug":"archivos-cosmicos-9788410332560","status":"publish","type":"product","link":"https:\/\/www.claret.cat\/es\/libro\/archivos-cosmicos-9788410332560\/","title":{"rendered":"ARCHIVOS C\u00d3SMICOS"},"content":{"rendered":"<p>Tras &#8221;Archivos estelares&#8221; (\u00a1Caramba!, 2017) Flavita Banana regresa con un nuevo volumen que recopila algunas de sus mejores vi\u00f1etas, m\u00e1s de 200 p\u00e1ginas dibujadas con su trazo rotundo e inconfundible y pobladas por mujeres de pelo alborotado, hombres despistados, mucha risa y grandes dosis de verdad. Los personajes de Flavita son cr\u00f3nica de nuestra \u00e9poca pero tambi\u00e9n, en muchas ocasiones, el lugar en el que a cualquiera le gustar\u00eda vivir. Su humor es universal, estelar. Incluso c\u00f3smico.<\/p>\n","protected":false},"excerpt":{"rendered":"<p>BANANA, FLAVITA<\/p>\n","protected":false},"featured_media":1024615,"template":"","meta":{"_acf_changed":false,"om_disable_all_campaigns":false,"rs_blank_template":"","rs_page_bg_color":"","slide_template_v7":"","inline_featured_image":false,"_monsterinsights_skip_tracking":false,"_monsterinsights_sitenote_active":false,"_monsterinsights_sitenote_note":"","_monsterinsights_sitenote_category":0},"product_brand":[],"product_cat":[114,563],"product_tag":[],"class_list":{"0":"post-1024563","1":"product","2":"type-product","3":"status-publish","4":"has-post-thumbnail","6":"product_cat-humor-grafic","7":"product_cat-humor-grafico","9":"first","10":"instock","11":"taxable","12":"shipping-taxable","13":"purchasable","14":"product-type-simple"},"acf":{"autor":"BANANA, FLAVITA","codart":"841033256","libros-coleccion":"FORA DE COL.LECCI\u00d3","ediciones":"1","encuadernacion":"Carton\u00e9","fecha_de_publicacion":"01\/05\/2025","novedad":"1","paginas":"204","subtitulo":"","orden":"0","portada":"0","idioma":"spa","booktrailer":"","resenas":"","editorial":[{"ID":6130,"post_author":"3","post_date":"2022-07-28 17:45:32","post_date_gmt":"2022-07-28 15:45:32","post_content":"","post_title":"ASTIBERRI EDICIONES","post_excerpt":"","post_status":"publish","comment_status":"closed","ping_status":"closed","post_password":"","post_name":"astiberri-ediciones","to_ping":"","pinged":"","post_modified":"2022-07-28 17:45:32","post_modified_gmt":"2022-07-28 15:45:32","post_content_filtered":"","post_parent":0,"guid":"http:\/\/dev.claret.cat\/editorial\/astiberri-ediciones\/","menu_order":0,"post_type":"editorial","post_mime_type":"","comment_count":"0","filter":"raw"}]},"aioseo_notices":[],"_links":{"self":[{"href":"https:\/\/www.claret.cat\/es\/wp-json\/wp\/v2\/product\/1024563","targetHints":{"allow":["GET"]}}],"collection":[{"href":"https:\/\/www.claret.cat\/es\/wp-json\/wp\/v2\/product"}],"about":[{"href":"https:\/\/www.claret.cat\/es\/wp-json\/wp\/v2\/types\/product"}],"wp:featuredmedia":[{"embeddable":true,"href":"https:\/\/www.claret.cat\/es\/wp-json\/wp\/v2\/media\/1024615"}],"wp:attachment":[{"href":"https:\/\/www.claret.cat\/es\/wp-json\/wp\/v2\/media?parent=1024563"}],"wp:term":[{"taxonomy":"product_brand","embeddable":true,"href":"https:\/\/www.claret.cat\/es\/wp-json\/wp\/v2\/product_brand?post=1024563"},{"taxonomy":"product_cat","embeddable":true,"href":"https:\/\/www.claret.cat\/es\/wp-json\/wp\/v2\/product_cat?post=1024563"},{"taxonomy":"product_tag","embeddable":true,"href":"https:\/\/www.claret.cat\/es\/wp-json\/wp\/v2\/product_tag?post=1024563"}],"curies":[{"name":"wp","href":"https:\/\/api.w.org\/{rel}","templated":true}]}}