{"id":1024601,"date":"2025-05-29T17:40:29","date_gmt":"2025-05-29T15:40:29","guid":{"rendered":"https:\/\/www.claret.cat\/llibre\/magokoro-9788410180550\/"},"modified":"2026-04-21T19:05:33","modified_gmt":"2026-04-21T17:05:33","slug":"magokoro-9788410180550","status":"publish","type":"product","link":"https:\/\/www.claret.cat\/es\/libro\/magokoro-9788410180550\/","title":{"rendered":"MAG\u00d4KORO"},"content":{"rendered":"<p>\u201cS\u00e9 que no leer\u00e1s esta carta. Con la misma certeza s\u00e9 que es importante que la recibas\u201d.<br \/> La vida de Osamu, maestro cal\u00edgrafo, transcurri\u00f3 escribiendo cartas de otros. \u00c9l solo escribi\u00f3 una personal: para su hija Haru. Una carta que ella guard\u00f3 sin abrir. No necesitaba leerla. \u00c9l no la escribi\u00f3 para que ella la leyese.<br \/> Magokoro significa dar con sinceridad, sin intenci\u00f3n ni inter\u00e9s. Dar de todo coraz\u00f3n. Esta novela es precisamente un magn\u00edfico ejercicio de transmisi\u00f3n de dicho principio japon\u00e9s: un acto total de entrega y compasi\u00f3n.<\/p>\n","protected":false},"excerpt":{"rendered":"<p>FLAVIA COMPANY I NAVAU, FLAVIA<\/p>\n","protected":false},"featured_media":1097971,"template":"","meta":{"_acf_changed":false,"om_disable_all_campaigns":false,"rs_blank_template":"","rs_page_bg_color":"","slide_template_v7":"","inline_featured_image":false,"_monsterinsights_skip_tracking":false,"_monsterinsights_sitenote_active":false,"_monsterinsights_sitenote_note":"","_monsterinsights_sitenote_category":0},"product_brand":[],"product_cat":[127,357],"product_tag":[],"class_list":{"0":"post-1024601","1":"product","2":"type-product","3":"status-publish","4":"has-post-thumbnail","6":"product_cat-novella-contemporania","7":"product_cat-novela-contemporanea","9":"first","10":"instock","11":"taxable","12":"shipping-taxable","13":"purchasable","14":"product-type-simple"},"acf":{"autor":"FLAVIA COMPANY I NAVAU, FLAVIA","codart":"841018055","libros-coleccion":"","ediciones":"1","encuadernacion":"R\u00fastica","fecha_de_publicacion":"01\/06\/2025","novedad":"1","paginas":"152","subtitulo":"","orden":"0","portada":"0","idioma":"spa","booktrailer":"","resenas":"","editorial":[{"ID":977081,"post_author":"3","post_date":"2024-09-02 11:45:31","post_date_gmt":"2024-09-02 09:45:31","post_content":"","post_title":"NAVONA","post_excerpt":"","post_status":"publish","comment_status":"closed","ping_status":"closed","post_password":"","post_name":"navona","to_ping":"","pinged":"","post_modified":"2024-09-02 11:45:31","post_modified_gmt":"2024-09-02 09:45:31","post_content_filtered":"","post_parent":0,"guid":"https:\/\/www.claret.cat\/editorial\/navona\/","menu_order":0,"post_type":"editorial","post_mime_type":"","comment_count":"0","filter":"raw"}]},"aioseo_notices":[],"_links":{"self":[{"href":"https:\/\/www.claret.cat\/es\/wp-json\/wp\/v2\/product\/1024601","targetHints":{"allow":["GET"]}}],"collection":[{"href":"https:\/\/www.claret.cat\/es\/wp-json\/wp\/v2\/product"}],"about":[{"href":"https:\/\/www.claret.cat\/es\/wp-json\/wp\/v2\/types\/product"}],"wp:featuredmedia":[{"embeddable":true,"href":"https:\/\/www.claret.cat\/es\/wp-json\/wp\/v2\/media\/1097971"}],"wp:attachment":[{"href":"https:\/\/www.claret.cat\/es\/wp-json\/wp\/v2\/media?parent=1024601"}],"wp:term":[{"taxonomy":"product_brand","embeddable":true,"href":"https:\/\/www.claret.cat\/es\/wp-json\/wp\/v2\/product_brand?post=1024601"},{"taxonomy":"product_cat","embeddable":true,"href":"https:\/\/www.claret.cat\/es\/wp-json\/wp\/v2\/product_cat?post=1024601"},{"taxonomy":"product_tag","embeddable":true,"href":"https:\/\/www.claret.cat\/es\/wp-json\/wp\/v2\/product_tag?post=1024601"}],"curies":[{"name":"wp","href":"https:\/\/api.w.org\/{rel}","templated":true}]}}