{"id":102501,"date":"2022-10-12T08:21:57","date_gmt":"2022-10-12T06:21:57","guid":{"rendered":"http:\/\/dev.claret.cat\/producte\/una-manana-de-locura-una-casa-de-locos-comic-6\/"},"modified":"2023-09-22T18:36:31","modified_gmt":"2023-09-22T16:36:31","slug":"una-manana-de-locura-una-casa-de-locos-comic-6-9788448856595","status":"publish","type":"product","link":"https:\/\/www.claret.cat\/es\/libro\/una-manana-de-locura-una-casa-de-locos-comic-6-9788448856595\/","title":{"rendered":"UNA MA\u00d1ANA DE LOCURA (UNA CASA DE LOCOS. C\u00d3MIC 6)"},"content":{"rendered":"<p>Lincoln tiene once a\u00f1os e intenta sobrevivir a la locura de su casa,  en la que vive con sus padres y sus diez peculiares hermanas. \u00a1Bienvenido a la familia Loud! Lincoln Loud y sus diez hermanas (Lori, Leni, Luna, Luan, Lynn, Lucy,  Lana, Lola, Lisa y Lily) tienen muchas cosas que hacer esta ma\u00f1ana. Leni  tiene trabajo en el centro comercial, Lily ha quedado para jugar con los  abuelos, Lucy se re\u00fane con el Club de los J\u00f3venes F\u00fanebres, Lola se ha  apuntado a un concurso de belleza, Luna va a un festival de m\u00fasica con  Sam y Lisa tiene la intenci\u00f3n de colarse en la biblioteca a pesar de que  tiene prohibida la entrada por su retraso en el pago de las cuotas. Pero  \u00bfy Lincoln? \u00bfPodr\u00e1 llegar a tiempo para quedar con sus amigos? \u00bfY qu\u00e9 est\u00e1 planeando Lynn? \u00a1No te pierdas el nuevo c\u00f3mic de Una casa de locos!<\/p>\n","protected":false},"excerpt":{"rendered":"<p>NICKELODEON,<\/p>\n","protected":false},"featured_media":581932,"template":"","meta":{"_acf_changed":false,"om_disable_all_campaigns":false,"rs_blank_template":"","rs_page_bg_color":"","slide_template_v7":"","inline_featured_image":false,"_monsterinsights_skip_tracking":false,"_monsterinsights_sitenote_active":false,"_monsterinsights_sitenote_note":"","_monsterinsights_sitenote_category":0},"product_brand":[],"product_cat":[132,362],"product_tag":[],"class_list":{"0":"post-102501","1":"product","2":"type-product","3":"status-publish","4":"has-post-thumbnail","6":"product_cat-lectures-per-preadolescents-6-12-anys","7":"product_cat-libros-preadolescentes-6-12-anos","9":"first","10":"instock","11":"taxable","12":"shipping-taxable","13":"purchasable","14":"product-type-simple"},"acf":{"editorial":[{"ID":6141,"post_author":"3","post_date":"2022-07-28 17:45:46","post_date_gmt":"2022-07-28 15:45:46","post_content":"","post_title":"BEASCOA","post_excerpt":"","post_status":"publish","comment_status":"closed","ping_status":"closed","post_password":"","post_name":"beascoa","to_ping":"","pinged":"","post_modified":"2022-07-28 17:45:46","post_modified_gmt":"2022-07-28 15:45:46","post_content_filtered":"","post_parent":0,"guid":"http:\/\/dev.claret.cat\/editorial\/beascoa\/","menu_order":0,"post_type":"editorial","post_mime_type":"","comment_count":"0","filter":"raw"}],"autor":"NICKELODEON,","codart":"844885659","libros-coleccion":"Una casa de locos. C\u00f3mic","ediciones":"1","encuadernacion":"Carton\u00e9","fecha_de_publicacion":"01\/10\/2020","novedad":"1","paginas":"64","subtitulo":"","orden":"0","portada":"0","idioma":"spa","autores-libros":[{"ID":165803,"post_author":"3","post_date":"2022-10-14 17:58:04","post_date_gmt":"2022-10-14 15:58:04","post_content":"","post_title":"NICKELODEON","post_excerpt":"","post_status":"publish","comment_status":"closed","ping_status":"closed","post_password":"","post_name":"nickelodeon","to_ping":"","pinged":"","post_modified":"2022-10-14 17:58:04","post_modified_gmt":"2022-10-14 15:58:04","post_content_filtered":"","post_parent":0,"guid":"http:\/\/dev.claret.cat\/autor\/nickelodeon\/","menu_order":0,"post_type":"autor","post_mime_type":"","comment_count":"0","filter":"raw"}]},"aioseo_notices":[],"_links":{"self":[{"href":"https:\/\/www.claret.cat\/es\/wp-json\/wp\/v2\/product\/102501","targetHints":{"allow":["GET"]}}],"collection":[{"href":"https:\/\/www.claret.cat\/es\/wp-json\/wp\/v2\/product"}],"about":[{"href":"https:\/\/www.claret.cat\/es\/wp-json\/wp\/v2\/types\/product"}],"wp:featuredmedia":[{"embeddable":true,"href":"https:\/\/www.claret.cat\/es\/wp-json\/wp\/v2\/media\/581932"}],"wp:attachment":[{"href":"https:\/\/www.claret.cat\/es\/wp-json\/wp\/v2\/media?parent=102501"}],"wp:term":[{"taxonomy":"product_brand","embeddable":true,"href":"https:\/\/www.claret.cat\/es\/wp-json\/wp\/v2\/product_brand?post=102501"},{"taxonomy":"product_cat","embeddable":true,"href":"https:\/\/www.claret.cat\/es\/wp-json\/wp\/v2\/product_cat?post=102501"},{"taxonomy":"product_tag","embeddable":true,"href":"https:\/\/www.claret.cat\/es\/wp-json\/wp\/v2\/product_tag?post=102501"}],"curies":[{"name":"wp","href":"https:\/\/api.w.org\/{rel}","templated":true}]}}