{"id":102528,"date":"2022-10-12T08:22:19","date_gmt":"2022-10-12T06:22:19","guid":{"rendered":"http:\/\/dev.claret.cat\/producte\/la-mujer-sin-nombre\/"},"modified":"2023-01-28T13:28:07","modified_gmt":"2023-01-28T12:28:07","slug":"la-mujer-sin-nombre-9788401025006","status":"publish","type":"product","link":"https:\/\/www.claret.cat\/es\/libro\/la-mujer-sin-nombre-9788401025006\/","title":{"rendered":"LA MUJER SIN NOMBRE"},"content":{"rendered":"<p>La extraordinaria historia de la mujer que escribi\u00f3 en la sombra  algunas de las obras m\u00e1s importantes del siglo XX.  Por la autora de Mujeres que compran flores. La fascinante aventura de una mujer silenciada por la historia oficial&#8230; hasta ahora. Cuando a la directora teatral Noelia Cid le encargan estrenar Sortilegio, la obra perdida del reputado dramaturgo Gregorio  Mart\u00ednez Sierra, decide informarse sobre ella a trav\u00e9s de los documentos  que conserv\u00f3 su mujer, Mar\u00eda Lej\u00e1rraga. Sin embargo, mediante  su  investigaci\u00f3n Noelia no s\u00f3lo se sumerge en la compleja relaci\u00f3n amorosa  entre Mar\u00eda y Gregorio, sino que va a encontrarse con un misterio que lleva m\u00e1s de un siglo sin resolver. Se ver\u00e1 entonces arrastrada por la vida llena de pasi\u00f3n, arte y  feminismo de Mar\u00eda, alguien que luch\u00f3 contra viento y marea por ejercer  su vocaci\u00f3n y que vivi\u00f3 en primera l\u00ednea los grandes hitos del siglo  pasado: el Madrid literario de los a\u00f1os veinte, el Par\u00eds de la Belle  \u00c9poque, la lucha pol\u00edtica de las mujeres durante la Segunda Rep\u00fablica,  el exilio tras la Guerra Civil, la ocupaci\u00f3n de Francia por los nazis o  el glamour? de la \u00e9poca dorada de Hollywood. Adem\u00e1s descubriremos la  versi\u00f3n m\u00e1s humana de las grandes personalidades que fueron sus amigos y  colaboradores, como Juan Ram\u00f3n Jim\u00e9nez, Manuel de Falla o Federico Garc\u00eda Lorca. \u00abVanessa Montfort ha tomado una figura casi desconocida de nuestra  historia cultural para escribir una novela apasionada y maravillosa.\u00bb<br \/>JULIA NAVARRO.<\/p>\n","protected":false},"excerpt":{"rendered":"<p>MONTFORT, VANESSA<\/p>\n","protected":false},"featured_media":102529,"template":"","meta":{"_acf_changed":false,"om_disable_all_campaigns":false,"rs_blank_template":"","rs_page_bg_color":"","slide_template_v7":"","inline_featured_image":false,"_monsterinsights_skip_tracking":false,"_monsterinsights_sitenote_active":false,"_monsterinsights_sitenote_note":"","_monsterinsights_sitenote_category":0},"product_brand":[],"product_cat":[130],"product_tag":[],"class_list":{"0":"post-102528","1":"product","2":"type-product","3":"status-publish","4":"has-post-thumbnail","6":"product_cat-novella-historica-i-ficcio","8":"first","9":"instock","10":"taxable","11":"shipping-taxable","12":"purchasable","13":"product-type-simple"},"acf":{"editorial":[{"ID":6332,"post_author":"3","post_date":"2022-07-28 17:49:55","post_date_gmt":"2022-07-28 15:49:55","post_content":"","post_title":"PLAZA JANES, S.A.","post_excerpt":"","post_status":"publish","comment_status":"closed","ping_status":"closed","post_password":"","post_name":"plaza-janes-s-a","to_ping":"","pinged":"","post_modified":"2022-07-28 17:49:55","post_modified_gmt":"2022-07-28 15:49:55","post_content_filtered":"","post_parent":0,"guid":"http:\/\/dev.claret.cat\/editorial\/plaza-janes-s-a\/","menu_order":0,"post_type":"editorial","post_mime_type":"","comment_count":"0","filter":"raw"}],"autores-libros":[{"ID":170827,"post_author":"3","post_date":"2022-10-14 22:38:29","post_date_gmt":"2022-10-14 20:38:29","post_content":"","post_title":"VANESSA MONTFORT","post_excerpt":"","post_status":"publish","comment_status":"closed","ping_status":"closed","post_password":"","post_name":"vanessa-montfort","to_ping":"","pinged":"","post_modified":"2022-10-14 22:38:29","post_modified_gmt":"2022-10-14 20:38:29","post_content_filtered":"","post_parent":0,"guid":"http:\/\/dev.claret.cat\/autor\/vanessa-montfort\/","menu_order":0,"post_type":"autor","post_mime_type":"","comment_count":"0","filter":"raw"}],"autor":"MONTFORT, VANESSA","codart":"840102500","libros-coleccion":"\u00c9XITOS","ediciones":"1","encuadernacion":"Carton\u00e9","fecha_de_publicacion":"01\/10\/2020","novedad":"1","paginas":"624","subtitulo":"","orden":"0","portada":"0","idioma":"spa"},"aioseo_notices":[],"_links":{"self":[{"href":"https:\/\/www.claret.cat\/es\/wp-json\/wp\/v2\/product\/102528","targetHints":{"allow":["GET"]}}],"collection":[{"href":"https:\/\/www.claret.cat\/es\/wp-json\/wp\/v2\/product"}],"about":[{"href":"https:\/\/www.claret.cat\/es\/wp-json\/wp\/v2\/types\/product"}],"wp:featuredmedia":[{"embeddable":true,"href":"https:\/\/www.claret.cat\/es\/wp-json\/wp\/v2\/media\/102529"}],"wp:attachment":[{"href":"https:\/\/www.claret.cat\/es\/wp-json\/wp\/v2\/media?parent=102528"}],"wp:term":[{"taxonomy":"product_brand","embeddable":true,"href":"https:\/\/www.claret.cat\/es\/wp-json\/wp\/v2\/product_brand?post=102528"},{"taxonomy":"product_cat","embeddable":true,"href":"https:\/\/www.claret.cat\/es\/wp-json\/wp\/v2\/product_cat?post=102528"},{"taxonomy":"product_tag","embeddable":true,"href":"https:\/\/www.claret.cat\/es\/wp-json\/wp\/v2\/product_tag?post=102528"}],"curies":[{"name":"wp","href":"https:\/\/api.w.org\/{rel}","templated":true}]}}