{"id":1025480,"date":"2025-06-03T14:20:44","date_gmt":"2025-06-03T12:20:44","guid":{"rendered":"https:\/\/www.claret.cat\/llibre\/asi-como-de-todo-9788410318151\/"},"modified":"2025-06-03T16:07:16","modified_gmt":"2025-06-03T14:07:16","slug":"asi-como-de-todo-9788410318151","status":"publish","type":"product","link":"https:\/\/www.claret.cat\/es\/libro\/asi-como-de-todo-9788410318151\/","title":{"rendered":"\u00a1AS\u00cd COMO DE TODO!"},"content":{"rendered":"<p>Si quieres que tu peque empiece a comer de todo, \u00a1este libro es para ti! \u00bfTe gustar\u00eda que tu peque empezara a comer de todo? \u00bfTe preocupa que no est\u00e9 comiendo saludable? \u00bfTe frustras cada vez que le ofreces verduras o fruta y no las quiere? \u00bfSe niega a probar ciertas texturas o colores? \u00a1ESTE LIBRO ES PARA TI! La selectividad alimentaria es una etapa muy com\u00fan en el desarrollo de todos los ni\u00f1os, aunque puede ser frustrante para los padres, ya que requiere muchas herramientas para saber navegarla correctamente. El objetivo de este libro es facilitarte la vida, proporcion\u00e1ndote un recetario y unas herramientas perfectas para superar esta etapa. Me llamo Nuria Moreno (@blw_a_comer), y soy especialista en nutrici\u00f3n infantil. Una de las claves para animar a tu peque a comer de todo, es involucrarlo en la cocina. Si participa en las recetas y ve todo el proceso, se le har\u00e1 mucho m\u00e1s f\u00e1cil familiarizarse con nuevos alimentos y probarlos. Para ayudarte a conseguirlo, en este libro encontrar\u00e1s: -Un cuento para animarlo a probar alimentos que rechaza. -Una explicaci\u00f3n clara de lo que es la selectividad alimentaria y c\u00f3mo acompa\u00f1arla. -M\u00e1s de 30 recetas divertidas y saludables, con indicaciones sobre c\u00f3mo incluirlo en cada paso. Es vital tener paciencia, ya que existen muchos alimentos, sabores y texturas que no gustan a la primera. Aun as\u00ed, es importante intentarlo para garantizarle a tu peque una alimentaci\u00f3n saludable y variada, con todo tipo de frutas, verduras, cereales y prote\u00ednas. Poco a poco, y usando los trucos que te ense\u00f1o en el libro, estoy convencida de que le encantar\u00e1n las recetas creativas que te propongo, y que tanto t\u00fa como \u00e9l os lo pasar\u00e9is genial en la cocina. 3, 2, 1\u2026 \u00a1A disfrutar! Nuria Moreno @blw_a_comer<\/p>\n","protected":false},"excerpt":{"rendered":"<p>MORENO, NURIA<\/p>\n","protected":false},"featured_media":1025481,"template":"","meta":{"_acf_changed":false,"om_disable_all_campaigns":false,"rs_blank_template":"","rs_page_bg_color":"","slide_template_v7":"","inline_featured_image":false,"_monsterinsights_skip_tracking":false,"_monsterinsights_sitenote_active":false,"_monsterinsights_sitenote_note":"","_monsterinsights_sitenote_category":0},"product_brand":[],"product_cat":[553,103],"product_tag":[],"class_list":{"0":"post-1025480","1":"product","2":"type-product","3":"status-publish","4":"has-post-thumbnail","6":"product_cat-cocina","7":"product_cat-cuina","9":"first","10":"instock","11":"taxable","12":"shipping-taxable","13":"purchasable","14":"product-type-simple"},"acf":{"autor":"MORENO, NURIA","codart":"841031815","libros-coleccion":"FORA DE COL.LECCI\u00d3","ediciones":"1","encuadernacion":"R\u00fastica","fecha_de_publicacion":"01\/06\/2025","novedad":"1","paginas":"96","subtitulo":"UN RECETARIO PARA COCINAR CON TU PEQUE Y ANIMARLE A DESCUBRIR NUEVOS ALIMENTOS","orden":"0","portada":"0","idioma":"spa","booktrailer":"","resenas":"","editorial":[{"ID":148657,"post_author":"3","post_date":"2022-10-14 11:59:58","post_date_gmt":"2022-10-14 09:59:58","post_content":"","post_title":"Penguin Kids","post_excerpt":"","post_status":"publish","comment_status":"closed","ping_status":"closed","post_password":"","post_name":"penguin-kids","to_ping":"","pinged":"","post_modified":"2022-10-14 11:59:58","post_modified_gmt":"2022-10-14 09:59:58","post_content_filtered":"","post_parent":0,"guid":"http:\/\/dev.claret.cat\/editorial\/penguin-kids\/","menu_order":0,"post_type":"editorial","post_mime_type":"","comment_count":"0","filter":"raw"}]},"aioseo_notices":[],"_links":{"self":[{"href":"https:\/\/www.claret.cat\/es\/wp-json\/wp\/v2\/product\/1025480","targetHints":{"allow":["GET"]}}],"collection":[{"href":"https:\/\/www.claret.cat\/es\/wp-json\/wp\/v2\/product"}],"about":[{"href":"https:\/\/www.claret.cat\/es\/wp-json\/wp\/v2\/types\/product"}],"wp:featuredmedia":[{"embeddable":true,"href":"https:\/\/www.claret.cat\/es\/wp-json\/wp\/v2\/media\/1025481"}],"wp:attachment":[{"href":"https:\/\/www.claret.cat\/es\/wp-json\/wp\/v2\/media?parent=1025480"}],"wp:term":[{"taxonomy":"product_brand","embeddable":true,"href":"https:\/\/www.claret.cat\/es\/wp-json\/wp\/v2\/product_brand?post=1025480"},{"taxonomy":"product_cat","embeddable":true,"href":"https:\/\/www.claret.cat\/es\/wp-json\/wp\/v2\/product_cat?post=1025480"},{"taxonomy":"product_tag","embeddable":true,"href":"https:\/\/www.claret.cat\/es\/wp-json\/wp\/v2\/product_tag?post=1025480"}],"curies":[{"name":"wp","href":"https:\/\/api.w.org\/{rel}","templated":true}]}}