{"id":1025638,"date":"2025-06-04T12:55:01","date_gmt":"2025-06-04T10:55:01","guid":{"rendered":"https:\/\/www.claret.cat\/llibre\/el-misterio-de-la-historia-9788422024002\/"},"modified":"2025-10-28T10:25:38","modified_gmt":"2025-10-28T09:25:38","slug":"el-misterio-de-la-historia-9788422024002","status":"publish","type":"product","link":"https:\/\/www.claret.cat\/es\/libro\/el-misterio-de-la-historia-9788422024002\/","title":{"rendered":"EL MISTERIO DE LA HISTORIA"},"content":{"rendered":"<p>A la luz de la Escritura y de la tradici\u00f3n, especial\u00admente del Concilio Vaticano II, el libro resume la teolog\u00eda cat\u00f3lica de la historia con tres adjetivos: cristoc\u00e9ntrica, dram\u00e1tica y positiva. La dimensi\u00f3n \u00abcristol\u00f3gica\u00bb expresa el papel, central y definitivo, del acontecimiento de Cristo, revelador de Dios y del hombre, del sentido de la vida y de la esperanza m\u00e1s alta. La historia es \u00abdram\u00e1tica\u00bb porque refleja el peca\u00addo humano y la alternancia entre progreso y retroceso moral; pero tambi\u00e9n en el sentido m\u00e1s radical de una interpenetraci\u00f3n entre el reino y el mundo, y de un entrelazamiento entre el compromiso con el mundo y la espera escatol\u00f3gica. Por \u00faltimo, el car\u00e1cter \u00abposi\u00adtivo\u00bb del devenir hist\u00f3rico depende del hecho de que todo el tiempo cristiano tiende a la edificaci\u00f3n \u00abdel cuerpo de Cristo; hasta que lleguemos todos a la uni\u00addad en la fe y en el conocimiento del Hijo de Dios, al Hombre perfecto, a la medida de Cristo en su ple\u00adnitud\u00bb (Ef 4,12-13) (De la \u00abPresentaci\u00f3n\u00bb de Javier M.\u00aa Prades).<\/p>\n","protected":false},"excerpt":{"rendered":"<p>ROSSETTI, CARLO LORENZO<\/p>\n","protected":false},"featured_media":1062022,"template":"","meta":{"_acf_changed":false,"om_disable_all_campaigns":false,"rs_blank_template":"","rs_page_bg_color":"","slide_template_v7":"","inline_featured_image":false,"_monsterinsights_skip_tracking":false,"_monsterinsights_sitenote_active":false,"_monsterinsights_sitenote_note":"","_monsterinsights_sitenote_category":0},"product_brand":[],"product_cat":[91,541,281,416,227,389],"product_tag":[],"class_list":{"0":"post-1025638","1":"product","2":"type-product","3":"status-publish","4":"has-post-thumbnail","6":"product_cat-cristologia","7":"product_cat-cristologia-1_espiritualidad-spa","8":"product_cat-escatologia","9":"product_cat-escatologia-teologia-1_espiritualidad","10":"product_cat-formacio","11":"product_cat-formacion","13":"first","14":"instock","15":"taxable","16":"shipping-taxable","17":"purchasable","18":"product-type-simple"},"acf":{"autor":"ROSSETTI, CARLO LORENZO","codart":"842202400","libros-coleccion":"BAC Popular","ediciones":"1","encuadernacion":"R\u00fastica","fecha_de_publicacion":"04\/06\/2025","novedad":"0","paginas":"160","subtitulo":"PEQUE\u00d1A CATEQUESIS SOBRE EL SENTIDO DEL TIEMPO ENTRE LA PASCUA DE CRISTO Y SU PARUS\u00cdA","orden":"999","portada":"0","idioma":"spa","booktrailer":"","resenas":"","editorial":[{"ID":147509,"post_author":"3","post_date":"2022-10-14 11:51:07","post_date_gmt":"2022-10-14 09:51:07","post_content":"","post_title":"B.A.C.","post_excerpt":"","post_status":"publish","comment_status":"closed","ping_status":"closed","post_password":"","post_name":"b-a-c","to_ping":"","pinged":"","post_modified":"2022-10-14 11:51:07","post_modified_gmt":"2022-10-14 09:51:07","post_content_filtered":"","post_parent":0,"guid":"http:\/\/dev.claret.cat\/editorial\/b-a-c\/","menu_order":0,"post_type":"editorial","post_mime_type":"","comment_count":"0","filter":"raw"}]},"aioseo_notices":[],"_links":{"self":[{"href":"https:\/\/www.claret.cat\/es\/wp-json\/wp\/v2\/product\/1025638","targetHints":{"allow":["GET"]}}],"collection":[{"href":"https:\/\/www.claret.cat\/es\/wp-json\/wp\/v2\/product"}],"about":[{"href":"https:\/\/www.claret.cat\/es\/wp-json\/wp\/v2\/types\/product"}],"wp:featuredmedia":[{"embeddable":true,"href":"https:\/\/www.claret.cat\/es\/wp-json\/wp\/v2\/media\/1062022"}],"wp:attachment":[{"href":"https:\/\/www.claret.cat\/es\/wp-json\/wp\/v2\/media?parent=1025638"}],"wp:term":[{"taxonomy":"product_brand","embeddable":true,"href":"https:\/\/www.claret.cat\/es\/wp-json\/wp\/v2\/product_brand?post=1025638"},{"taxonomy":"product_cat","embeddable":true,"href":"https:\/\/www.claret.cat\/es\/wp-json\/wp\/v2\/product_cat?post=1025638"},{"taxonomy":"product_tag","embeddable":true,"href":"https:\/\/www.claret.cat\/es\/wp-json\/wp\/v2\/product_tag?post=1025638"}],"curies":[{"name":"wp","href":"https:\/\/api.w.org\/{rel}","templated":true}]}}