{"id":1025762,"date":"2025-06-04T16:20:22","date_gmt":"2025-06-04T14:20:22","guid":{"rendered":"https:\/\/www.claret.cat\/llibre\/els-temples-solemnes-9791387726096\/"},"modified":"2026-01-05T13:06:07","modified_gmt":"2026-01-05T12:06:07","slug":"els-temples-solemnes-9791387726096","status":"publish","type":"product","link":"https:\/\/www.claret.cat\/es\/libro\/els-temples-solemnes-9791387726096\/","title":{"rendered":"ELS TEMPLES SOLEMNES"},"content":{"rendered":"<p>Quan <strong>la Nina<\/strong> va fugir es va dir: <strong>no tindr\u00e9 mai una llar,<\/strong> ser\u00e9 lliure. Per\u00f2 a la seva hist\u00f2ria li han sortit un munt de variables i vet-la aqu\u00ed, <strong>observant la fa\u00e7ana mig enrunada de la casa que va abandonar<\/strong>, acompanyada d\u2019un marit i un fill adolescent. I ara es planteja que potser hauria valgut m\u00e9s quedar-se veient com tot s\u2019esfondrava i <strong>dur una vida solit\u00e0ria<\/strong>. Aix\u00ed que mentre el seu home i el seu fill reconstrueixen la ru\u00efna <strong>ella pren la determinaci\u00f3 de no ficar-se mai entre aquelles quatre parets<\/strong>. Ser\u00e0, sense saber-ho, <strong>el seu \u00faltim acte de resist\u00e8ncia<\/strong>, mentre s\u2019aproxima a la fi de la guerra amb l\u2019espai que li va capgirar la vida.<\/p>\n<p> <em>Els temples solemnes<\/em> \u00e9s un reconeixement del <strong>poder de la fam\u00edlia i la societat per fer-nos desgraciats i solitaris<\/strong>. \u00c9s un retrat de la vida de la Nina, que <strong>s\u2019ofega en la quotidianitat<\/strong> i que potser nom\u00e9s voldria una escopeta i una ampolla de licor per sortir a ca\u00e7ar monstres.<\/p>\n","protected":false},"excerpt":{"rendered":"<p>DE CASTRO PASCUAL, GL\u00d2RIA<\/p>\n","protected":false},"featured_media":1072781,"template":"","meta":{"_acf_changed":false,"om_disable_all_campaigns":false,"rs_blank_template":"","rs_page_bg_color":"","slide_template_v7":"","inline_featured_image":false,"_monsterinsights_skip_tracking":false,"_monsterinsights_sitenote_active":false,"_monsterinsights_sitenote_note":"","_monsterinsights_sitenote_category":0},"product_brand":[],"product_cat":[127,357],"product_tag":[],"class_list":{"0":"post-1025762","1":"product","2":"type-product","3":"status-publish","4":"has-post-thumbnail","6":"product_cat-novella-contemporania","7":"product_cat-novela-contemporanea","9":"first","10":"instock","11":"taxable","12":"shipping-taxable","13":"purchasable","14":"product-type-simple"},"acf":{"autor":"DE CASTRO PASCUAL, GL\u00d2RIA","codart":"138772609","libros-coleccion":"Escafandre","ediciones":"1","encuadernacion":"R\u00fastica","fecha_de_publicacion":"01\/05\/2025","novedad":"1","paginas":"276","subtitulo":"","orden":"0","portada":"1","idioma":"cat","booktrailer":"","resenas":"","editorial":[{"ID":6213,"post_author":"3","post_date":"2022-07-28 17:47:17","post_date_gmt":"2022-07-28 15:47:17","post_content":"","post_title":"EDICIONS DEL PERISCOPI","post_excerpt":"","post_status":"publish","comment_status":"closed","ping_status":"closed","post_password":"","post_name":"edicions-del-periscopi","to_ping":"","pinged":"","post_modified":"2022-07-28 17:47:17","post_modified_gmt":"2022-07-28 15:47:17","post_content_filtered":"","post_parent":0,"guid":"http:\/\/dev.claret.cat\/editorial\/edicions-del-periscopi\/","menu_order":0,"post_type":"editorial","post_mime_type":"","comment_count":"0","filter":"raw"}]},"aioseo_notices":[],"_links":{"self":[{"href":"https:\/\/www.claret.cat\/es\/wp-json\/wp\/v2\/product\/1025762","targetHints":{"allow":["GET"]}}],"collection":[{"href":"https:\/\/www.claret.cat\/es\/wp-json\/wp\/v2\/product"}],"about":[{"href":"https:\/\/www.claret.cat\/es\/wp-json\/wp\/v2\/types\/product"}],"wp:featuredmedia":[{"embeddable":true,"href":"https:\/\/www.claret.cat\/es\/wp-json\/wp\/v2\/media\/1072781"}],"wp:attachment":[{"href":"https:\/\/www.claret.cat\/es\/wp-json\/wp\/v2\/media?parent=1025762"}],"wp:term":[{"taxonomy":"product_brand","embeddable":true,"href":"https:\/\/www.claret.cat\/es\/wp-json\/wp\/v2\/product_brand?post=1025762"},{"taxonomy":"product_cat","embeddable":true,"href":"https:\/\/www.claret.cat\/es\/wp-json\/wp\/v2\/product_cat?post=1025762"},{"taxonomy":"product_tag","embeddable":true,"href":"https:\/\/www.claret.cat\/es\/wp-json\/wp\/v2\/product_tag?post=1025762"}],"curies":[{"name":"wp","href":"https:\/\/api.w.org\/{rel}","templated":true}]}}