{"id":1025765,"date":"2025-06-04T16:20:51","date_gmt":"2025-06-04T14:20:51","guid":{"rendered":"https:\/\/www.claret.cat\/llibre\/emili-rambla-9788412992625\/"},"modified":"2025-06-05T18:22:01","modified_gmt":"2025-06-05T16:22:01","slug":"emili-rambla-9788412992625","status":"publish","type":"product","link":"https:\/\/www.claret.cat\/es\/libro\/emili-rambla-9788412992625\/","title":{"rendered":"EMILI RAMBLA"},"content":{"rendered":"<p>La gran aspiraci\u00f3 de l\u2019Emili Rambla \u00e9s ser el porter de la Casa G\u00e0?lia. No \u00e9s per manca d\u2019ambici\u00f3, sin\u00f3 perqu\u00e8 sembla el cam\u00ed m\u00e9s elevat que li ofereix la Barcelona d\u2019avui, una ciutat desorientada que, com el jove protagonista d\u2019aquesta nove?la, est\u00e0 conven\u00e7uda que la bellesa de la fa\u00e7ana l\u2019hi solucionar\u00e0 tot. Quan descobreixi que les seves presumpcions no el salvaran pas, l\u2019Emili haur\u00e0 de retornar al nucli de les coses i buscar on ning\u00fa s\u2019espera la mat\u00e8ria que l\u2019ha de fer cr\u00e9ixer. En ess\u00e8ncia, l\u2019Emili Rambla \u00e9s un personatge inevitable de la Barcelona contempor\u00e0nia, perdut i alhora lligat a les arrels, i que potser per aix\u00f2 \u00e9s capa\u00e7 de projectar una mirada pr\u00f2pia i especial sobre les relacions materials i humanes. Aquesta \u00e9s una nove?la de canvi d\u2019\u00e8poca, que sorpr\u00e8n per l\u2019originalitat d\u2019una veu que projecta un retrat tan lapidari com esperan\u00e7ador de la capital catalana.<\/p>\n","protected":false},"excerpt":{"rendered":"<p>MIL\u00c0, ROC<\/p>\n","protected":false},"featured_media":1026412,"template":"","meta":{"_acf_changed":false,"om_disable_all_campaigns":false,"rs_blank_template":"","rs_page_bg_color":"","slide_template_v7":"","inline_featured_image":false,"_monsterinsights_skip_tracking":false,"_monsterinsights_sitenote_active":false,"_monsterinsights_sitenote_note":"","_monsterinsights_sitenote_category":0},"product_brand":[],"product_cat":[127,357],"product_tag":[],"class_list":{"0":"post-1025765","1":"product","2":"type-product","3":"status-publish","4":"has-post-thumbnail","6":"product_cat-novella-contemporania","7":"product_cat-novela-contemporanea","9":"first","10":"instock","11":"taxable","12":"shipping-taxable","13":"purchasable","14":"product-type-simple"},"acf":{"autor":"MIL\u00c0, ROC","codart":"841299262","libros-coleccion":"FORA DE COL.LECCI\u00d3","ediciones":"1","encuadernacion":"R\u00fastica","fecha_de_publicacion":"01\/06\/2025","novedad":"1","paginas":"167","subtitulo":"","orden":"0","portada":"0","idioma":"cat","booktrailer":"","resenas":"","editorial":[{"ID":1013392,"post_author":"3","post_date":"2025-03-24 12:40:06","post_date_gmt":"2025-03-24 11:40:06","post_content":"","post_title":"Veles i Vents Edicions","post_excerpt":"","post_status":"publish","comment_status":"closed","ping_status":"closed","post_password":"","post_name":"veles-i-vents-edicions","to_ping":"","pinged":"","post_modified":"2025-03-24 12:40:06","post_modified_gmt":"2025-03-24 11:40:06","post_content_filtered":"","post_parent":0,"guid":"https:\/\/www.claret.cat\/editorial\/veles-i-vents-edicions\/","menu_order":0,"post_type":"editorial","post_mime_type":"","comment_count":"0","filter":"raw"}]},"aioseo_notices":[],"_links":{"self":[{"href":"https:\/\/www.claret.cat\/es\/wp-json\/wp\/v2\/product\/1025765","targetHints":{"allow":["GET"]}}],"collection":[{"href":"https:\/\/www.claret.cat\/es\/wp-json\/wp\/v2\/product"}],"about":[{"href":"https:\/\/www.claret.cat\/es\/wp-json\/wp\/v2\/types\/product"}],"wp:featuredmedia":[{"embeddable":true,"href":"https:\/\/www.claret.cat\/es\/wp-json\/wp\/v2\/media\/1026412"}],"wp:attachment":[{"href":"https:\/\/www.claret.cat\/es\/wp-json\/wp\/v2\/media?parent=1025765"}],"wp:term":[{"taxonomy":"product_brand","embeddable":true,"href":"https:\/\/www.claret.cat\/es\/wp-json\/wp\/v2\/product_brand?post=1025765"},{"taxonomy":"product_cat","embeddable":true,"href":"https:\/\/www.claret.cat\/es\/wp-json\/wp\/v2\/product_cat?post=1025765"},{"taxonomy":"product_tag","embeddable":true,"href":"https:\/\/www.claret.cat\/es\/wp-json\/wp\/v2\/product_tag?post=1025765"}],"curies":[{"name":"wp","href":"https:\/\/api.w.org\/{rel}","templated":true}]}}