{"id":102628,"date":"2022-10-12T08:23:44","date_gmt":"2022-10-12T06:23:44","guid":{"rendered":"http:\/\/dev.claret.cat\/producte\/migrantes-2\/"},"modified":"2023-01-28T10:59:28","modified_gmt":"2023-01-28T09:59:28","slug":"migrantes-9788494990151","status":"publish","type":"product","link":"https:\/\/www.claret.cat\/es\/libro\/migrantes-9788494990151\/","title":{"rendered":"MIGRANTES"},"content":{"rendered":"<p>La Organizaci\u00f3n Internacional de la Migraci\u00f3n (OIM) estima que en el mundo hay 258 millones de inmigrantes, dato que representa casi un 4 % del total de la humanidad.<br \/> El n\u00famero de personas que huye de la guerra, la persecuci\u00f3n y los conflictos super\u00f3 los 70 millones en 2018, seg\u00fan el \u00faltimo informe de la Agencia de la ONU para los Refugiados.<br \/> Este libro \u00e1lbum sin palabras narra con im\u00e1genes de extraordinaria fuerza el viaje de un grupo de animales que deja atr\u00e1s un bosque nocturno que carece de hojas. Es la historia de una gran y \u00fanica migraci\u00f3n, un viaje en el que se sacrifican cosas, se dejan atr\u00e1s seres queridos, se deben cruzar fronteras <br \/> Las ilustraciones de Issa Watanabe narran una situaci\u00f3n real, sin eufemismos, que conmueve al lector con un relato construido desde lo cotidiano escenas de la rutina en campos de refugiados u otras im\u00e1genes sobre migraciones que se difunden habitualmente en los medios de comunicaci\u00f3n para provocar la reflexi\u00f3n y, \u00bfpor qu\u00e9 no?, promover la empat\u00eda y la solidaridad.  <br \/> Este \u00e1lbum silencioso ofrece en la contraportada las \u00fanicas palabras que no se deben obviar cuando se trata de debatir sobre la migraci\u00f3n forzosa de personas: hambre, tragedia, cierre de fronteras, crisis humanitaria, derechos humanos&#8230; Un libro necesario que sumerge al lector en un periplo de incertidumbre, donde conviven la muerte y la esperanza de ver c\u00f3mo en un desierto de oscuridad vuelve a crecer la hierba.<\/p>\n","protected":false},"excerpt":{"rendered":"<p>WATANABE, ISSA<\/p>\n","protected":false},"featured_media":102629,"template":"","meta":{"_acf_changed":false,"om_disable_all_campaigns":false,"rs_blank_template":"","rs_page_bg_color":"","slide_template_v7":"","inline_featured_image":false,"_monsterinsights_skip_tracking":false,"_monsterinsights_sitenote_active":false,"_monsterinsights_sitenote_note":"","_monsterinsights_sitenote_category":0},"product_brand":[],"product_cat":[16],"product_tag":[],"class_list":{"0":"post-102628","1":"product","2":"type-product","3":"status-publish","4":"has-post-thumbnail","6":"product_cat-sense-categoria","8":"first","9":"instock","10":"taxable","11":"shipping-taxable","12":"purchasable","13":"product-type-simple"},"acf":{"editorial":[{"ID":148435,"post_author":"3","post_date":"2022-10-14 11:58:13","post_date_gmt":"2022-10-14 09:58:13","post_content":"","post_title":"LIBROS DEL ZORRO ROJO","post_excerpt":"","post_status":"publish","comment_status":"closed","ping_status":"closed","post_password":"","post_name":"libros-del-zorro-rojo","to_ping":"","pinged":"","post_modified":"2022-10-14 11:58:13","post_modified_gmt":"2022-10-14 09:58:13","post_content_filtered":"","post_parent":0,"guid":"http:\/\/dev.claret.cat\/editorial\/libros-del-zorro-rojo\/","menu_order":0,"post_type":"editorial","post_mime_type":"","comment_count":"0","filter":"raw"}],"autor":"WATANABE, ISSA","codart":"849499015","libros-coleccion":"INFANTIL","ediciones":"1","encuadernacion":"Carton\u00e9","fecha_de_publicacion":"01\/10\/2019","novedad":"1","paginas":"38","subtitulo":"","orden":"0","portada":"0","idioma":"spa","autores-libros":[{"ID":158146,"post_author":"3","post_date":"2022-10-14 15:34:31","post_date_gmt":"2022-10-14 13:34:31","post_content":"","post_title":"ISSA WATANABE","post_excerpt":"","post_status":"publish","comment_status":"closed","ping_status":"closed","post_password":"","post_name":"issa-watanabe","to_ping":"","pinged":"","post_modified":"2022-10-14 15:34:31","post_modified_gmt":"2022-10-14 13:34:31","post_content_filtered":"","post_parent":0,"guid":"http:\/\/dev.claret.cat\/autor\/issa-watanabe\/","menu_order":0,"post_type":"autor","post_mime_type":"","comment_count":"0","filter":"raw"}]},"aioseo_notices":[],"_links":{"self":[{"href":"https:\/\/www.claret.cat\/es\/wp-json\/wp\/v2\/product\/102628","targetHints":{"allow":["GET"]}}],"collection":[{"href":"https:\/\/www.claret.cat\/es\/wp-json\/wp\/v2\/product"}],"about":[{"href":"https:\/\/www.claret.cat\/es\/wp-json\/wp\/v2\/types\/product"}],"wp:featuredmedia":[{"embeddable":true,"href":"https:\/\/www.claret.cat\/es\/wp-json\/wp\/v2\/media\/102629"}],"wp:attachment":[{"href":"https:\/\/www.claret.cat\/es\/wp-json\/wp\/v2\/media?parent=102628"}],"wp:term":[{"taxonomy":"product_brand","embeddable":true,"href":"https:\/\/www.claret.cat\/es\/wp-json\/wp\/v2\/product_brand?post=102628"},{"taxonomy":"product_cat","embeddable":true,"href":"https:\/\/www.claret.cat\/es\/wp-json\/wp\/v2\/product_cat?post=102628"},{"taxonomy":"product_tag","embeddable":true,"href":"https:\/\/www.claret.cat\/es\/wp-json\/wp\/v2\/product_tag?post=102628"}],"curies":[{"name":"wp","href":"https:\/\/api.w.org\/{rel}","templated":true}]}}