{"id":102646,"date":"2022-10-12T08:24:00","date_gmt":"2022-10-12T06:24:00","guid":{"rendered":"http:\/\/dev.claret.cat\/producte\/felanitx\/"},"modified":"2024-01-31T20:03:06","modified_gmt":"2024-01-31T19:03:06","slug":"felanitx-9788429778991","status":"publish","type":"product","link":"https:\/\/www.claret.cat\/es\/libro\/felanitx-9788429778991\/","title":{"rendered":"FELANITX"},"content":{"rendered":"<p>Felanitx s&#8221;organitza en dues parts. La primera, que dona t\u00edtol al volum, \u00e9s una llarga evocaci\u00f3 del lloc d&#8221;elecci\u00f3 del poeta: la ciutat on ha passat llargues temporades, on va tenir quinze anys i on ha anat tornant, despr\u00e9s, per retrobar l&#8221;abs\u00e8ncia. Els poemes breus de la segona part completen el retrat d&#8221;alg\u00fa que es reconeix en el dir-se i en el desig amor\u00f3s que l&#8221;empeny a dir.<br \/>Amb el seu cinqu\u00e8 llibre de versos, Andreu Gomila ha obtingut el 18\u00e8 premi de poesia Sant Cugat a la mem\u00f2ria de Gabriel Ferrater.<\/p>\n","protected":false},"excerpt":{"rendered":"<p>GOMILA, ANDREU<\/p>\n","protected":false},"featured_media":102647,"template":"","meta":{"_acf_changed":false,"om_disable_all_campaigns":false,"rs_blank_template":"","rs_page_bg_color":"","slide_template_v7":"","inline_featured_image":false,"_monsterinsights_skip_tracking":false,"_monsterinsights_sitenote_active":false,"_monsterinsights_sitenote_note":"","_monsterinsights_sitenote_category":0},"product_brand":[],"product_cat":[121,340],"product_tag":[],"class_list":{"0":"post-102646","1":"product","2":"type-product","3":"status-publish","4":"has-post-thumbnail","6":"product_cat-poesia","7":"product_cat-poesia-5_otras","9":"first","10":"instock","11":"taxable","12":"shipping-taxable","13":"purchasable","14":"product-type-simple"},"acf":{"editorial":[{"ID":6210,"post_author":"3","post_date":"2022-07-28 17:47:13","post_date_gmt":"2022-07-28 15:47:13","post_content":"","post_title":"Edicions 62","post_excerpt":"","post_status":"publish","comment_status":"closed","ping_status":"closed","post_password":"","post_name":"edicions-62","to_ping":"","pinged":"","post_modified":"2022-07-28 17:47:13","post_modified_gmt":"2022-07-28 15:47:13","post_content_filtered":"","post_parent":0,"guid":"http:\/\/dev.claret.cat\/editorial\/edicions-62\/","menu_order":0,"post_type":"editorial","post_mime_type":"","comment_count":"0","filter":"raw"}],"autor":"GOMILA, ANDREU","codart":"842977899","libros-coleccion":"Poesia","ediciones":"1","encuadernacion":"R\u00fastica","fecha_de_publicacion":"01\/11\/2020","novedad":"1","paginas":"61","subtitulo":"XVIII PREMI DE POESIA SANT CUGAT A LA MEM\u00d2RIA DE GABRIEL FERRATER","orden":"0","portada":"0","idioma":"cat","autores-libros":[{"ID":150294,"post_author":"3","post_date":"2022-10-14 14:31:48","post_date_gmt":"2022-10-14 12:31:48","post_content":"","post_title":"ANDREU GOMILA","post_excerpt":"","post_status":"publish","comment_status":"closed","ping_status":"closed","post_password":"","post_name":"andreu-gomila","to_ping":"","pinged":"","post_modified":"2022-10-14 14:31:48","post_modified_gmt":"2022-10-14 12:31:48","post_content_filtered":"","post_parent":0,"guid":"http:\/\/dev.claret.cat\/autor\/andreu-gomila\/","menu_order":0,"post_type":"autor","post_mime_type":"","comment_count":"0","filter":"raw"}]},"aioseo_notices":[],"_links":{"self":[{"href":"https:\/\/www.claret.cat\/es\/wp-json\/wp\/v2\/product\/102646","targetHints":{"allow":["GET"]}}],"collection":[{"href":"https:\/\/www.claret.cat\/es\/wp-json\/wp\/v2\/product"}],"about":[{"href":"https:\/\/www.claret.cat\/es\/wp-json\/wp\/v2\/types\/product"}],"wp:featuredmedia":[{"embeddable":true,"href":"https:\/\/www.claret.cat\/es\/wp-json\/wp\/v2\/media\/102647"}],"wp:attachment":[{"href":"https:\/\/www.claret.cat\/es\/wp-json\/wp\/v2\/media?parent=102646"}],"wp:term":[{"taxonomy":"product_brand","embeddable":true,"href":"https:\/\/www.claret.cat\/es\/wp-json\/wp\/v2\/product_brand?post=102646"},{"taxonomy":"product_cat","embeddable":true,"href":"https:\/\/www.claret.cat\/es\/wp-json\/wp\/v2\/product_cat?post=102646"},{"taxonomy":"product_tag","embeddable":true,"href":"https:\/\/www.claret.cat\/es\/wp-json\/wp\/v2\/product_tag?post=102646"}],"curies":[{"name":"wp","href":"https:\/\/api.w.org\/{rel}","templated":true}]}}