{"id":102649,"date":"2022-10-12T08:24:03","date_gmt":"2022-10-12T06:24:03","guid":{"rendered":"http:\/\/dev.claret.cat\/producte\/temps-de-dones-saga-filles-duna-nova-era-2\/"},"modified":"2024-01-31T16:45:14","modified_gmt":"2024-01-31T15:45:14","slug":"temps-de-dones-saga-filles-duna-nova-era-2-9788466427265","status":"publish","type":"product","link":"https:\/\/www.claret.cat\/es\/libro\/temps-de-dones-saga-filles-duna-nova-era-2-9788466427265\/","title":{"rendered":"TEMPS DE DONES (SAGA FILLES D&#8217;UNA NOVA ERA 2)"},"content":{"rendered":"<p>EL SEGON LLIURAMENT DE LA SAGA QUE HA CAPTIVAT 1.500.000 LECTORS.<br \/> En una ciutat devastada per la guerra, quatre amigues lluiten per conquerir la seva llibertat.<br \/> Hamburg, 1949. La guerra s&#8221;ha acabat i les quatre amigues inseparables de Filles d&#8221;una nova era intenten refer la seva vida en una ciutat que ha quedat en runes: la Henny no aconsegueix oblidar la seva amiga K\u00e4the; si ha sobreviscut a la guerra, per qu\u00e8 no s&#8221;ha posat en contacte amb ella? D&#8221;altra banda, la Lina ha obert una llibreria amb molta il\u00b7lusi\u00f3, i l&#8221;Ida es replanteja la relaci\u00f3 amb en Tian, tot i haver lluitat tant pel seu amor.<br \/> Per fi comencen els anys del miracle econ\u00f2mic, la construcci\u00f3 del mur de Berl\u00edn, l&#8221;arribada de la televisi\u00f3, la m\u00fasica dels Beatles i els moviments estudiantils. Les quatre amigues veuen cr\u00e9ixer les seves filles en un m\u00f3n nou, en qu\u00e8 les dones han de conquerir la seva autonomia.<br \/> Temps de dones \u00e9s el segon lliurament de la trilogia Filles d&#8221;una Nova Era, una emocionant saga sobre la llibertat, l&#8221;amor i la valentia que narra la fascinant hist\u00f2ria del segle xx a trav\u00e9s d&#8221;una generaci\u00f3 de dones que van lluitar per superar les circumst\u00e0ncies que els va tocar viure.<\/p>\n<p> \u00abMeravellosa\u00bb, La Repubblica * \u00abUna gran hist\u00f2ria\u00bb, Ostfriesen-Zeitung * \u00ab Emociona\u00bb, La Stampa * \u00abUna s\u00e8rie que fa vibrar\u00bb, Hamburger Abendblatt<br \/> \u00abUna hist\u00f2ria fascinant que abarca tot el segle xx i que es llegeix d&#8221;una tirada\u00bb. NDR<br \/> \u00abAquestes quatre dones, tan diferents entre elles, teixeixen una trama de grans sentiments i fortes emocions que s&#8221;enquadren perfectament en el moment hist\u00f2ric i pol\u00edtic dels anys m\u00e9s intensos del segle xx\u00bb. Il Messaggero<br \/> \u00abLa hist\u00f2ria de la Henny i les seves amigues cala molt fondo en els lectors\u00bb. Hamburger Morgenpost<\/p>\n","protected":false},"excerpt":{"rendered":"<p>KORN, CARMEN<\/p>\n","protected":false},"featured_media":102650,"template":"","meta":{"_acf_changed":false,"om_disable_all_campaigns":false,"rs_blank_template":"","rs_page_bg_color":"","slide_template_v7":"","inline_featured_image":false,"_monsterinsights_skip_tracking":false,"_monsterinsights_sitenote_active":false,"_monsterinsights_sitenote_note":"","_monsterinsights_sitenote_category":0},"product_brand":[],"product_cat":[130,360],"product_tag":[],"class_list":{"0":"post-102649","1":"product","2":"type-product","3":"status-publish","4":"has-post-thumbnail","6":"product_cat-novella-historica-i-ficcio","7":"product_cat-novela-historica-y-ficcion","9":"first","10":"instock","11":"taxable","12":"shipping-taxable","13":"purchasable","14":"product-type-simple"},"acf":{"editorial":[{"ID":6166,"post_author":"3","post_date":"2022-07-28 17:46:19","post_date_gmt":"2022-07-28 15:46:19","post_content":"","post_title":"Columna CAT","post_excerpt":"","post_status":"publish","comment_status":"closed","ping_status":"closed","post_password":"","post_name":"columna-cat","to_ping":"","pinged":"","post_modified":"2022-07-28 17:46:19","post_modified_gmt":"2022-07-28 15:46:19","post_content_filtered":"","post_parent":0,"guid":"http:\/\/dev.claret.cat\/editorial\/columna-cat\/","menu_order":0,"post_type":"editorial","post_mime_type":"","comment_count":"0","filter":"raw"}],"autor":"KORN, CARMEN","codart":"846642726","libros-coleccion":"Cl\u00e0ssica","ediciones":"1","encuadernacion":"Carton\u00e9","fecha_de_publicacion":"01\/11\/2020","novedad":"1","paginas":"605","subtitulo":"","orden":"0","portada":"0","idioma":"cat","autores-libros":[{"ID":152422,"post_author":"3","post_date":"2022-10-14 14:48:38","post_date_gmt":"2022-10-14 12:48:38","post_content":"","post_title":"CARMEN KORN","post_excerpt":"","post_status":"publish","comment_status":"closed","ping_status":"closed","post_password":"","post_name":"carmen-korn","to_ping":"","pinged":"","post_modified":"2022-10-14 14:48:38","post_modified_gmt":"2022-10-14 12:48:38","post_content_filtered":"","post_parent":0,"guid":"http:\/\/dev.claret.cat\/autor\/carmen-korn\/","menu_order":0,"post_type":"autor","post_mime_type":"","comment_count":"0","filter":"raw"}]},"aioseo_notices":[],"_links":{"self":[{"href":"https:\/\/www.claret.cat\/es\/wp-json\/wp\/v2\/product\/102649","targetHints":{"allow":["GET"]}}],"collection":[{"href":"https:\/\/www.claret.cat\/es\/wp-json\/wp\/v2\/product"}],"about":[{"href":"https:\/\/www.claret.cat\/es\/wp-json\/wp\/v2\/types\/product"}],"wp:featuredmedia":[{"embeddable":true,"href":"https:\/\/www.claret.cat\/es\/wp-json\/wp\/v2\/media\/102650"}],"wp:attachment":[{"href":"https:\/\/www.claret.cat\/es\/wp-json\/wp\/v2\/media?parent=102649"}],"wp:term":[{"taxonomy":"product_brand","embeddable":true,"href":"https:\/\/www.claret.cat\/es\/wp-json\/wp\/v2\/product_brand?post=102649"},{"taxonomy":"product_cat","embeddable":true,"href":"https:\/\/www.claret.cat\/es\/wp-json\/wp\/v2\/product_cat?post=102649"},{"taxonomy":"product_tag","embeddable":true,"href":"https:\/\/www.claret.cat\/es\/wp-json\/wp\/v2\/product_tag?post=102649"}],"curies":[{"name":"wp","href":"https:\/\/api.w.org\/{rel}","templated":true}]}}