{"id":102676,"date":"2022-10-12T08:24:26","date_gmt":"2022-10-12T06:24:26","guid":{"rendered":"http:\/\/dev.claret.cat\/producte\/los-hechos-de-los-apostoles-13-28\/"},"modified":"2024-05-24T06:26:36","modified_gmt":"2024-05-24T04:26:36","slug":"los-hechos-de-los-apostoles-1328-9788430120482","status":"publish","type":"product","link":"https:\/\/www.claret.cat\/es\/libro\/los-hechos-de-los-apostoles-1328-9788430120482\/","title":{"rendered":"LOS HECHOS DE LOS AP\u00d3STOLES (13-28)"},"content":{"rendered":"<p>El libro de los Hechos es el \u00fanico documento antiguo que nos relata los comienzos del movimiento de Jes\u00fas y la carrera fulgurante  del ap\u00f3stol Pablo. Los Hechos se interrogan sobre los or\u00edgenes del cristianismo y las razones de la ruptura entre cristianos y jud\u00edos. Asimismo iluminan los tanteos de la misi\u00f3n cristiana en un mercado religioso altamente competitivo, proporcionando informaci\u00f3n sobre las vidas de los primeros cristianos y el nacimiento de sus comunidades. E intentan explicar el asombroso \u00e9xito de este movimiento a pesar de las fuertes oposiciones que encontr\u00f3. Dirigido a cualquier persona interesada en una lectura detallada del libro de los Hechos, as\u00ed como a historiadores, sacerdotes y pastores, todos encontrar\u00e1n en este comentario una gran cantidad de informaci\u00f3n hist\u00f3rica, una lectura teol\u00f3gica s\u00f3lida y pistas para la reflexi\u00f3n sobre el texto.<\/p>\n","protected":false},"excerpt":{"rendered":"<p>MARGUERAT, DANIEL<\/p>\n","protected":false},"featured_media":342285,"template":"","meta":{"_acf_changed":false,"om_disable_all_campaigns":false,"rs_blank_template":"","rs_page_bg_color":"","slide_template_v7":"","inline_featured_image":false,"_monsterinsights_skip_tracking":false,"_monsterinsights_sitenote_active":false,"_monsterinsights_sitenote_note":"","_monsterinsights_sitenote_category":0},"product_brand":[],"product_cat":[90,540],"product_tag":[],"class_list":{"0":"post-102676","1":"product","2":"type-product","3":"status-publish","4":"has-post-thumbnail","6":"product_cat-altres","7":"product_cat-otros","9":"first","10":"instock","11":"taxable","12":"shipping-taxable","13":"purchasable","14":"product-type-simple"},"acf":{"editorial":[{"ID":6364,"post_author":"3","post_date":"2022-07-28 17:50:36","post_date_gmt":"2022-07-28 15:50:36","post_content":"","post_title":"S\u00edgueme","post_excerpt":"","post_status":"publish","comment_status":"closed","ping_status":"closed","post_password":"","post_name":"sigueme","to_ping":"","pinged":"","post_modified":"2022-07-28 17:50:36","post_modified_gmt":"2022-07-28 15:50:36","post_content_filtered":"","post_parent":0,"guid":"http:\/\/dev.claret.cat\/editorial\/sigueme\/","menu_order":0,"post_type":"editorial","post_mime_type":"","comment_count":"0","filter":"raw"}],"autores-libros":[{"ID":5378,"post_author":"3","post_date":"2022-07-28 17:22:41","post_date_gmt":"2022-07-28 15:22:41","post_content":"","post_title":"DANIEL MARGUERAT","post_excerpt":"","post_status":"publish","comment_status":"closed","ping_status":"closed","post_password":"","post_name":"daniel-marguerat","to_ping":"","pinged":"","post_modified":"2022-07-28 17:22:41","post_modified_gmt":"2022-07-28 15:22:41","post_content_filtered":"","post_parent":0,"guid":"http:\/\/dev.claret.cat\/autor\/daniel-marguerat\/","menu_order":0,"post_type":"autor","post_mime_type":"","comment_count":"0","filter":"raw"}],"autor":"MARGUERAT, DANIEL","codart":"843012048","libros-coleccion":"Biblioteca Estudios B\u00edblicos","ediciones":"1","encuadernacion":"Carton\u00e9","fecha_de_publicacion":"06\/11\/2020","novedad":"1","paginas":"530","subtitulo":"","orden":"0","portada":"0","idioma":"spa"},"aioseo_notices":[],"_links":{"self":[{"href":"https:\/\/www.claret.cat\/es\/wp-json\/wp\/v2\/product\/102676","targetHints":{"allow":["GET"]}}],"collection":[{"href":"https:\/\/www.claret.cat\/es\/wp-json\/wp\/v2\/product"}],"about":[{"href":"https:\/\/www.claret.cat\/es\/wp-json\/wp\/v2\/types\/product"}],"wp:featuredmedia":[{"embeddable":true,"href":"https:\/\/www.claret.cat\/es\/wp-json\/wp\/v2\/media\/342285"}],"wp:attachment":[{"href":"https:\/\/www.claret.cat\/es\/wp-json\/wp\/v2\/media?parent=102676"}],"wp:term":[{"taxonomy":"product_brand","embeddable":true,"href":"https:\/\/www.claret.cat\/es\/wp-json\/wp\/v2\/product_brand?post=102676"},{"taxonomy":"product_cat","embeddable":true,"href":"https:\/\/www.claret.cat\/es\/wp-json\/wp\/v2\/product_cat?post=102676"},{"taxonomy":"product_tag","embeddable":true,"href":"https:\/\/www.claret.cat\/es\/wp-json\/wp\/v2\/product_tag?post=102676"}],"curies":[{"name":"wp","href":"https:\/\/api.w.org\/{rel}","templated":true}]}}