{"id":102730,"date":"2022-10-12T08:25:13","date_gmt":"2022-10-12T06:25:13","guid":{"rendered":"http:\/\/dev.claret.cat\/producte\/el-bienestar-emocional\/"},"modified":"2026-03-05T11:05:35","modified_gmt":"2026-03-05T10:05:35","slug":"el-bienestar-emocional-9788499888057","status":"publish","type":"product","link":"https:\/\/www.claret.cat\/es\/libro\/el-bienestar-emocional-9788499888057\/","title":{"rendered":"EL BIENESTAR EMOCIONAL"},"content":{"rendered":"<p>He aqu\u00ed una amena inmersi\u00f3n en el mundo de las emociones con un prop\u00f3sito que nunca se pierde de vista: el bienestar emocional que te servir\u00e1 para afrontar de una manera m\u00e1s efectiva los momentos dif\u00edciles de la vida y te ayudar\u00e1 a vivir mejor. <br \/> Con un estilo directo, repleto de ejemplos y consejos pr\u00e1cticos, Joan Pi\u00f1ol nos introduce en el fascinante mundo de las emociones (y su importancia en la supervivencia de la especie), nos familiariza con aspectos b\u00e1sicos del cerebro, las hormonas de la felicidad y el bienestar, y nos aconseja sobre c\u00f3mo gestionar el estr\u00e9s o la depresi\u00f3n. <br \/> La b\u00fasqueda de la felicidad pasa por el cultivo de una serie de claves pr\u00e1cticas, que el autor desgrana con precisi\u00f3n y sencillez: un buen conocimiento de nuestro mundo emocional, h\u00e1bitos sanos (de alimentaci\u00f3n o ejercicio f\u00edsico y cognitivo), t\u00e9cnicas de relajaci\u00f3n y del cultivo de la positividad, la risa, el abrazo o la generosidad. Con esas peque\u00f1as acciones, que nos hacen sentir bien con nosotros mismos y los dem\u00e1s, la felicidad est\u00e1 a tu alcance.<\/p>\n","protected":false},"excerpt":{"rendered":"<p>PI\u00d1OL FORCADELL, JOAN<\/p>\n","protected":false},"featured_media":102731,"template":"","meta":{"_acf_changed":false,"om_disable_all_campaigns":false,"rs_blank_template":"","rs_page_bg_color":"","slide_template_v7":"","inline_featured_image":false,"_monsterinsights_skip_tracking":false,"_monsterinsights_sitenote_active":false,"_monsterinsights_sitenote_note":"","_monsterinsights_sitenote_category":0},"product_brand":[],"product_cat":[376,178],"product_tag":[],"class_list":{"0":"post-102730","1":"product","2":"type-product","3":"status-publish","4":"has-post-thumbnail","6":"product_cat-autores-psicologia-2_humanidades","7":"product_cat-autors-psicologia","9":"first","10":"instock","11":"taxable","12":"shipping-taxable","13":"purchasable","14":"product-type-simple"},"acf":{"editorial":[{"ID":6227,"post_author":"3","post_date":"2022-07-28 17:47:37","post_date_gmt":"2022-07-28 15:47:37","post_content":"","post_title":"Editorial Kair\u00f3s","post_excerpt":"","post_status":"publish","comment_status":"closed","ping_status":"closed","post_password":"","post_name":"editorial-kairos","to_ping":"","pinged":"","post_modified":"2022-07-28 17:47:37","post_modified_gmt":"2022-07-28 15:47:37","post_content_filtered":"","post_parent":0,"guid":"http:\/\/dev.claret.cat\/editorial\/editorial-kairos\/","menu_order":0,"post_type":"editorial","post_mime_type":"","comment_count":"0","filter":"raw"}],"autor":"PI\u00d1OL FORCADELL, JOAN","codart":"849988805","libros-coleccion":"Psicolog\u00eda","ediciones":"1","encuadernacion":"R\u00fastica","fecha_de_publicacion":"01\/10\/2020","novedad":"1","paginas":"168","subtitulo":"CLAVES PARA VIVIR MEJOR","orden":"0","portada":"0","idioma":"spa","booktrailer":"","resenas":"","autores-libros":[{"ID":159390,"post_author":"3","post_date":"2022-10-14 15:44:27","post_date_gmt":"2022-10-14 13:44:27","post_content":"","post_title":"JOAN PI\u00d1OL FORCADELL","post_excerpt":"","post_status":"publish","comment_status":"closed","ping_status":"closed","post_password":"","post_name":"joan-pinol-forcadell","to_ping":"","pinged":"","post_modified":"2022-10-14 15:44:27","post_modified_gmt":"2022-10-14 13:44:27","post_content_filtered":"","post_parent":0,"guid":"http:\/\/dev.claret.cat\/autor\/joan-pinol-forcadell\/","menu_order":0,"post_type":"autor","post_mime_type":"","comment_count":"0","filter":"raw"}]},"aioseo_notices":[],"_links":{"self":[{"href":"https:\/\/www.claret.cat\/es\/wp-json\/wp\/v2\/product\/102730","targetHints":{"allow":["GET"]}}],"collection":[{"href":"https:\/\/www.claret.cat\/es\/wp-json\/wp\/v2\/product"}],"about":[{"href":"https:\/\/www.claret.cat\/es\/wp-json\/wp\/v2\/types\/product"}],"wp:featuredmedia":[{"embeddable":true,"href":"https:\/\/www.claret.cat\/es\/wp-json\/wp\/v2\/media\/102731"}],"wp:attachment":[{"href":"https:\/\/www.claret.cat\/es\/wp-json\/wp\/v2\/media?parent=102730"}],"wp:term":[{"taxonomy":"product_brand","embeddable":true,"href":"https:\/\/www.claret.cat\/es\/wp-json\/wp\/v2\/product_brand?post=102730"},{"taxonomy":"product_cat","embeddable":true,"href":"https:\/\/www.claret.cat\/es\/wp-json\/wp\/v2\/product_cat?post=102730"},{"taxonomy":"product_tag","embeddable":true,"href":"https:\/\/www.claret.cat\/es\/wp-json\/wp\/v2\/product_tag?post=102730"}],"curies":[{"name":"wp","href":"https:\/\/api.w.org\/{rel}","templated":true}]}}