{"id":1028,"date":"2022-07-27T15:43:16","date_gmt":"2022-07-27T13:43:16","guid":{"rendered":"http:\/\/dev.claret.cat\/producto\/sagrada-familia-9788491362050\/"},"modified":"2024-05-23T04:20:50","modified_gmt":"2024-05-23T02:20:50","slug":"sagrada-familia-9788491362050","status":"publish","type":"product","link":"https:\/\/www.claret.cat\/es\/libro\/sagrada-familia-9788491362050\/","title":{"rendered":"SAGRADA FAM\u00cdLIA"},"content":{"rendered":"<p>Llibre per pintar i descobrir la Sagrada Fam\u00edlia de Gaud\u00ed. Llibre multiling\u00fce. Inclou mapa de Barcelona per a nens. Els seus misteris, la seva bellesa, pintant descobrir\u00e0s l\u2019univers de Gaud\u00ed, l\u2019amor per la natura i com recrear-la mitjan\u00e7ant l\u2019arquitectura.<\/p>\n","protected":false},"excerpt":{"rendered":"<p>CAMPOS, TERESA<\/p>\n","protected":false},"featured_media":360690,"template":"","meta":{"_acf_changed":false,"om_disable_all_campaigns":false,"rs_blank_template":"","rs_page_bg_color":"","slide_template_v7":"","inline_featured_image":false,"_monsterinsights_skip_tracking":false,"_monsterinsights_sitenote_active":false,"_monsterinsights_sitenote_note":"","_monsterinsights_sitenote_category":0},"product_brand":[],"product_cat":[90,581,540],"product_tag":[],"class_list":{"0":"post-1028","1":"product","2":"type-product","3":"status-publish","4":"has-post-thumbnail","6":"product_cat-altres","7":"product_cat-editorial-claret","8":"product_cat-otros","10":"first","11":"instock","12":"taxable","13":"shipping-taxable","14":"purchasable","15":"product-type-simple"},"acf":{"autor":"CAMPOS, TERESA","codart":"849136205","ediciones":"1","encuadernacion":"R\u00fastica","fecha_de_publicacion":"25\/03\/2019","novedad":"0","paginas":"20","subtitulo":"LLIBRE PER PINTAR","orden":"0","portada":"0","idioma":"cat","libros-coleccion":"","autores-libros":[{"ID":6052,"post_author":"3","post_date":"2022-07-28 17:37:07","post_date_gmt":"2022-07-28 15:37:07","post_content":"","post_title":"TERESA CAMPOS","post_excerpt":"","post_status":"publish","comment_status":"closed","ping_status":"closed","post_password":"","post_name":"teresa-campos","to_ping":"","pinged":"","post_modified":"2022-07-28 17:37:07","post_modified_gmt":"2022-07-28 15:37:07","post_content_filtered":"","post_parent":0,"guid":"http:\/\/dev.claret.cat\/autor\/teresa-campos\/","menu_order":0,"post_type":"autor","post_mime_type":"","comment_count":"0","filter":"raw"}],"editorial":[{"ID":6158,"post_author":"3","post_date":"2022-07-28 17:46:08","post_date_gmt":"2022-07-28 15:46:08","post_content":"","post_title":"CLARET","post_excerpt":"","post_status":"publish","comment_status":"closed","ping_status":"closed","post_password":"","post_name":"claret","to_ping":"","pinged":"","post_modified":"2022-07-28 17:46:08","post_modified_gmt":"2022-07-28 15:46:08","post_content_filtered":"","post_parent":0,"guid":"http:\/\/dev.claret.cat\/editorial\/claret\/","menu_order":0,"post_type":"editorial","post_mime_type":"","comment_count":"0","filter":"raw"}],"booktrailer":"","linkebook":"","ficha":"849136205_1689075551.pdf","muestra":"","precioebook":"0","presentacion":"","resenas":""},"aioseo_notices":[],"_links":{"self":[{"href":"https:\/\/www.claret.cat\/es\/wp-json\/wp\/v2\/product\/1028","targetHints":{"allow":["GET"]}}],"collection":[{"href":"https:\/\/www.claret.cat\/es\/wp-json\/wp\/v2\/product"}],"about":[{"href":"https:\/\/www.claret.cat\/es\/wp-json\/wp\/v2\/types\/product"}],"wp:featuredmedia":[{"embeddable":true,"href":"https:\/\/www.claret.cat\/es\/wp-json\/wp\/v2\/media\/360690"}],"wp:attachment":[{"href":"https:\/\/www.claret.cat\/es\/wp-json\/wp\/v2\/media?parent=1028"}],"wp:term":[{"taxonomy":"product_brand","embeddable":true,"href":"https:\/\/www.claret.cat\/es\/wp-json\/wp\/v2\/product_brand?post=1028"},{"taxonomy":"product_cat","embeddable":true,"href":"https:\/\/www.claret.cat\/es\/wp-json\/wp\/v2\/product_cat?post=1028"},{"taxonomy":"product_tag","embeddable":true,"href":"https:\/\/www.claret.cat\/es\/wp-json\/wp\/v2\/product_tag?post=1028"}],"curies":[{"name":"wp","href":"https:\/\/api.w.org\/{rel}","templated":true}]}}