{"id":102996,"date":"2022-10-12T08:29:00","date_gmt":"2022-10-12T06:29:00","guid":{"rendered":"http:\/\/dev.claret.cat\/producte\/superlio-extraterrestre-el-mundo-de-clodett-6\/"},"modified":"2023-01-28T13:53:49","modified_gmt":"2023-01-28T12:53:49","slug":"superlio-extraterrestre-el-mundo-de-clodett-6-9788418038761","status":"publish","type":"product","link":"https:\/\/www.claret.cat\/es\/libro\/superlio-extraterrestre-el-mundo-de-clodett-6-9788418038761\/","title":{"rendered":"SUPERL\u00cdO EXTRATERRESTRE (EL MUNDO DE CLODETT 6)"},"content":{"rendered":"<p>\u00a1Un nuevo SUPERL\u00cdO de Clodett a la vista! Y esta vez&#8230; \u00a1EN EL ESPACIO! \u00a1Hola, clodettamis! No es ning\u00fan secreto: mi familia parece de otro planeta&#8230; \u00a1por eso  hemos venido a visitar la NASA! El \u00fanico problema es que los astronautas  no sab\u00edan que vivimos en un universo paralelo, y han visto las estrellas  cuando mi madre les ha empezado a gritar al o\u00eddo. Y  mientras los dem\u00e1s  pensaban en alien\u00edgenas&#8230; \u00a1yo me he colado en una NAVE ESPACIAL! \u00bfMe acompa\u00f1\u00e1is a dar un paseo por el universo? Lo hab\u00e9is adivinado: \u00a1SUPERL\u00cdO A LA VISTA! \u00a1BIENVENIDOS A MI MUNDO!<\/p>\n","protected":false},"excerpt":{"rendered":"<p>CLODETT,<\/p>\n","protected":false},"featured_media":102997,"template":"","meta":{"_acf_changed":false,"om_disable_all_campaigns":false,"rs_blank_template":"","rs_page_bg_color":"","slide_template_v7":"","inline_featured_image":false,"_monsterinsights_skip_tracking":false,"_monsterinsights_sitenote_active":false,"_monsterinsights_sitenote_note":"","_monsterinsights_sitenote_category":0},"product_brand":[],"product_cat":[16],"product_tag":[],"class_list":{"0":"post-102996","1":"product","2":"type-product","3":"status-publish","4":"has-post-thumbnail","6":"product_cat-sense-categoria","8":"first","9":"instock","10":"taxable","11":"shipping-taxable","12":"purchasable","13":"product-type-simple"},"acf":{"editorial":[{"ID":6310,"post_author":"3","post_date":"2022-07-28 17:49:26","post_date_gmt":"2022-07-28 15:49:26","post_content":"","post_title":"MONTENA","post_excerpt":"","post_status":"publish","comment_status":"closed","ping_status":"closed","post_password":"","post_name":"montena","to_ping":"","pinged":"","post_modified":"2022-07-28 17:49:26","post_modified_gmt":"2022-07-28 15:49:26","post_content_filtered":"","post_parent":0,"guid":"http:\/\/dev.claret.cat\/editorial\/montena\/","menu_order":0,"post_type":"editorial","post_mime_type":"","comment_count":"0","filter":"raw"}],"autor":"CLODETT,","codart":"841803876","libros-coleccion":"El mundo de Clodett","ediciones":"1","encuadernacion":"Carton\u00e9","fecha_de_publicacion":"01\/11\/2020","novedad":"1","paginas":"192","subtitulo":"","orden":"0","portada":"0","idioma":"spa","autores-libros":[{"ID":153139,"post_author":"3","post_date":"2022-10-14 14:54:23","post_date_gmt":"2022-10-14 12:54:23","post_content":"","post_title":"CLODETT","post_excerpt":"","post_status":"publish","comment_status":"closed","ping_status":"closed","post_password":"","post_name":"clodett","to_ping":"","pinged":"","post_modified":"2022-10-14 14:54:23","post_modified_gmt":"2022-10-14 12:54:23","post_content_filtered":"","post_parent":0,"guid":"http:\/\/dev.claret.cat\/autor\/clodett\/","menu_order":0,"post_type":"autor","post_mime_type":"","comment_count":"0","filter":"raw"}]},"aioseo_notices":[],"_links":{"self":[{"href":"https:\/\/www.claret.cat\/es\/wp-json\/wp\/v2\/product\/102996","targetHints":{"allow":["GET"]}}],"collection":[{"href":"https:\/\/www.claret.cat\/es\/wp-json\/wp\/v2\/product"}],"about":[{"href":"https:\/\/www.claret.cat\/es\/wp-json\/wp\/v2\/types\/product"}],"wp:featuredmedia":[{"embeddable":true,"href":"https:\/\/www.claret.cat\/es\/wp-json\/wp\/v2\/media\/102997"}],"wp:attachment":[{"href":"https:\/\/www.claret.cat\/es\/wp-json\/wp\/v2\/media?parent=102996"}],"wp:term":[{"taxonomy":"product_brand","embeddable":true,"href":"https:\/\/www.claret.cat\/es\/wp-json\/wp\/v2\/product_brand?post=102996"},{"taxonomy":"product_cat","embeddable":true,"href":"https:\/\/www.claret.cat\/es\/wp-json\/wp\/v2\/product_cat?post=102996"},{"taxonomy":"product_tag","embeddable":true,"href":"https:\/\/www.claret.cat\/es\/wp-json\/wp\/v2\/product_tag?post=102996"}],"curies":[{"name":"wp","href":"https:\/\/api.w.org\/{rel}","templated":true}]}}