{"id":103035,"date":"2022-10-12T08:29:31","date_gmt":"2022-10-12T06:29:31","guid":{"rendered":"http:\/\/dev.claret.cat\/producte\/medicina-sagrada\/"},"modified":"2026-04-07T11:16:25","modified_gmt":"2026-04-07T09:16:25","slug":"medicina-sagrada-9788417800529","status":"publish","type":"product","link":"https:\/\/www.claret.cat\/es\/libro\/medicina-sagrada-9788417800529\/","title":{"rendered":"MEDICINA SAGRADA"},"content":{"rendered":"<p>Durante siglos, en la mayori\u00b4a de las culturas tradicionales, las plantas y los hongos psicode\u00b4licos han sido sacralizados y respetados como medicinas poderosas. Numerosos pueblos indi\u00b4genas los integraron en el viaje de sus vidas y transmitieron de generacio\u00b4n en generacio\u00b4n los conocimientos fundamentales que obteni\u00b4an de ellos. Sin embargo, la cultura occidental moderna, empen~ada en destruir todo aquello que no comprende, los ha hecho objeto de prohibiciones o fuente de todo tipo de miedos.<br \/> Tras de\u00b4cadas de injustificada estigmatizacio\u00b4n, las plantas maestras y las sustancias psicode\u00b4licas comienzan a ser aceptadas en el contexto de nuestra sociedad. Parece que empezamos a recordar lo que sabemos desde hace siglos: los psicode\u00b4licos y otras sustancias visionarias tienen propiedades curativas y transformadoras, u\u00b4tiles tanto para el tratamiento de diversas enfermedades mentales (ansiedad, depresio\u00b4n, si\u00b4ndrome de estre\u00b4s postrauma\u00b4tico&#8230;), como para el desarrollo personal y espiritual. Lo que tienes en las manos es, por tanto, una gu\u00eda de plantas maestras y sustancias psicod\u00e9licas para viajeros inm\u00f3viles. <\/p>\n<p> Con ella aprendera\u00b4s cua\u00b4les son los distintos usos curativos de la ayahuasca, el peyote, los hongos psilocibios, el LSD, el iboga, el DMT, la salvia de los adivinos&#8230; y asi\u00b4 hasta ma\u00b4s de una veintena de sustancias psicode\u00b4licas, muchas de ellas legales y fa\u00b4cilmente accesibles hoy en di\u00b4a.<\/p>\n<p> Sabra\u00b4s por que\u00b4 en pai\u00b4ses como Estados Unidos ya se han aprobado en fase experimental las terapias asistidas con MDMA o ketamina.<\/p>\n<p> Conocera\u00b4s la historia de los psicode\u00b4licos a trave\u00b4s de un elenco de personajes valientes y visionarios, qui\u00b4micos contraculturales, brujos moleculares e investigadores de los li\u00b4mites absolutos de la conciencia, protagonistas de historias fascinantes y situaciones maravillosamente inverosi\u00b4miles.<\/p>\n<p> Obtendra\u00b4s nociones claras y pra\u00b4cticas de los efectos de cada sustancia, asi\u00b4 como consejos y propuestas para hacer un uso seguro, responsable y enriquecedor de todas ellas, tal como ha hecho la humanidad a lo largo de milenios.<\/p>\n<p> Entendera\u00b4s que las plantas maestras y dema\u00b4s psicode\u00b4licos no son meros amplificadores de nuestra experiencia \u00abnormal\u00bb, sino catalizadores de estados del ser inaccesibles en general para la conciencia.<\/p>\n","protected":false},"excerpt":{"rendered":"<p>JOHNSON, CODY<\/p>\n","protected":false},"featured_media":1094921,"template":"","meta":{"_acf_changed":false,"om_disable_all_campaigns":false,"rs_blank_template":"","rs_page_bg_color":"","slide_template_v7":"","inline_featured_image":false,"_monsterinsights_skip_tracking":false,"_monsterinsights_sitenote_active":false,"_monsterinsights_sitenote_note":"","_monsterinsights_sitenote_category":0},"product_brand":[],"product_cat":[90,540],"product_tag":[],"class_list":{"0":"post-103035","1":"product","2":"type-product","3":"status-publish","4":"has-post-thumbnail","6":"product_cat-altres","7":"product_cat-otros","9":"first","10":"outofstock","11":"taxable","12":"shipping-taxable","13":"purchasable","14":"product-type-simple"},"acf":{"autor":"JOHNSON, CODY","codart":"841780052","libros-coleccion":"ERRATA","ediciones":"1","encuadernacion":"Carton\u00e9","fecha_de_publicacion":"01\/10\/2020","novedad":"0","paginas":"256","subtitulo":"UN VIAJE POR LA HISTORIA Y LAS TRADICIONES DE LAS PLANTAS MAESTRAS Y LAS SUSTANC","orden":"0","portada":"0","idioma":"spa","editorial":[{"ID":148107,"post_author":"3","post_date":"2022-10-14 11:55:41","post_date_gmt":"2022-10-14 09:55:41","post_content":"","post_title":"ERRATA NATURAE EDITORES S.L","post_excerpt":"","post_status":"publish","comment_status":"closed","ping_status":"closed","post_password":"","post_name":"errata-naturae-editores-s-l","to_ping":"","pinged":"","post_modified":"2022-10-14 11:55:41","post_modified_gmt":"2022-10-14 09:55:41","post_content_filtered":"","post_parent":0,"guid":"http:\/\/dev.claret.cat\/editorial\/errata-naturae-editores-s-l\/","menu_order":0,"post_type":"editorial","post_mime_type":"","comment_count":"0","filter":"raw"}],"autores-libros":[{"ID":153149,"post_author":"3","post_date":"2022-10-14 14:54:27","post_date_gmt":"2022-10-14 12:54:27","post_content":"","post_title":"CODY JOHNSON","post_excerpt":"","post_status":"publish","comment_status":"closed","ping_status":"closed","post_password":"","post_name":"cody-johnson","to_ping":"","pinged":"","post_modified":"2022-10-14 14:54:27","post_modified_gmt":"2022-10-14 12:54:27","post_content_filtered":"","post_parent":0,"guid":"http:\/\/dev.claret.cat\/autor\/cody-johnson\/","menu_order":0,"post_type":"autor","post_mime_type":"","comment_count":"0","filter":"raw"}],"booktrailer":"","resenas":""},"aioseo_notices":[],"_links":{"self":[{"href":"https:\/\/www.claret.cat\/es\/wp-json\/wp\/v2\/product\/103035","targetHints":{"allow":["GET"]}}],"collection":[{"href":"https:\/\/www.claret.cat\/es\/wp-json\/wp\/v2\/product"}],"about":[{"href":"https:\/\/www.claret.cat\/es\/wp-json\/wp\/v2\/types\/product"}],"wp:featuredmedia":[{"embeddable":true,"href":"https:\/\/www.claret.cat\/es\/wp-json\/wp\/v2\/media\/1094921"}],"wp:attachment":[{"href":"https:\/\/www.claret.cat\/es\/wp-json\/wp\/v2\/media?parent=103035"}],"wp:term":[{"taxonomy":"product_brand","embeddable":true,"href":"https:\/\/www.claret.cat\/es\/wp-json\/wp\/v2\/product_brand?post=103035"},{"taxonomy":"product_cat","embeddable":true,"href":"https:\/\/www.claret.cat\/es\/wp-json\/wp\/v2\/product_cat?post=103035"},{"taxonomy":"product_tag","embeddable":true,"href":"https:\/\/www.claret.cat\/es\/wp-json\/wp\/v2\/product_tag?post=103035"}],"curies":[{"name":"wp","href":"https:\/\/api.w.org\/{rel}","templated":true}]}}