{"id":103050,"date":"2022-10-12T08:29:43","date_gmt":"2022-10-12T06:29:43","guid":{"rendered":"http:\/\/dev.claret.cat\/producte\/hasta-siempre-mr-berlanga\/"},"modified":"2023-01-28T11:52:34","modified_gmt":"2023-01-28T10:52:34","slug":"hasta-siempre-mr-berlanga-9788417247836","status":"publish","type":"product","link":"https:\/\/www.claret.cat\/es\/libro\/hasta-siempre-mr-berlanga-9788417247836\/","title":{"rendered":"\u00a1HASTA SIEMPRE, MR. BERLANGA!"},"content":{"rendered":"<p>Un gigante de nuestra cultura, un mito del cine espa\u00f1ol: abrimos los  universos de Berlanga en su centenario: sus documentos, sus bromas: su mundo. Luis Garc\u00eda-Berlanga es un gigante de la cultura espa\u00f1ola. Su cine forma  parte del imaginario colectivo de un pa\u00eds al que \u00e9l retrat\u00f3 con una hondura y una gracia que han pasado a la historia. En \u00a1Hasta siempre, Mister Berlanga! descubrimos el mundo del creador de joyas como \u00a1Bienvenido, Mister Marshall!,  Calabuch, Pl\u00e1cido, El verdugo o La escopeta nacional: su educaci\u00f3n sentimental; sus avatares en la Guerra Civil, la  Divisi\u00f3n Azul, la dictadura de Franco o la Transici\u00f3n; su personalidad,  amigos, amores y c\u00f3mplices; su relaci\u00f3n con Juan Antonio Bardem o Rafael  Azcona; sus referencias culturales y vitales; las claves y peripecias de  sus pel\u00edculas; su ideolog\u00eda, humor, vicios, pasiones, man\u00edas y  obsesiones; su arrebatadora ambig\u00fcedad o su mirada sobre Espa\u00f1a y la condici\u00f3n humana.<\/p>\n","protected":false},"excerpt":{"rendered":"<p>ALEGRE, LUIS \/ EL MARQU\u00c8S<\/p>\n","protected":false},"featured_media":103051,"template":"","meta":{"_acf_changed":false,"om_disable_all_campaigns":false,"rs_blank_template":"","rs_page_bg_color":"","slide_template_v7":"","inline_featured_image":false,"_monsterinsights_skip_tracking":false,"_monsterinsights_sitenote_active":false,"_monsterinsights_sitenote_note":"","_monsterinsights_sitenote_category":0},"product_brand":[],"product_cat":[99,112,105],"product_tag":[],"class_list":{"0":"post-103050","1":"product","2":"type-product","3":"status-publish","4":"has-post-thumbnail","6":"product_cat-biografies","7":"product_cat-cinema-i-televisio","8":"product_cat-regal","10":"first","11":"instock","12":"taxable","13":"shipping-taxable","14":"purchasable","15":"product-type-simple"},"acf":{"autor":"ALEGRE, LUIS \/ EL MARQU\u00c8S","codart":"841724783","libros-coleccion":"Ilustrados","ediciones":"1","encuadernacion":"Carton\u00e9","fecha_de_publicacion":"01\/10\/2020","novedad":"1","paginas":"144","subtitulo":"","orden":"0","portada":"0","idioma":"spa","editorial":[{"ID":148729,"post_author":"3","post_date":"2022-10-14 12:00:31","post_date_gmt":"2022-10-14 10:00:31","post_content":"","post_title":"Random C\u00f3mic","post_excerpt":"","post_status":"publish","comment_status":"closed","ping_status":"closed","post_password":"","post_name":"random-comic","to_ping":"","pinged":"","post_modified":"2022-10-14 12:00:31","post_modified_gmt":"2022-10-14 10:00:31","post_content_filtered":"","post_parent":0,"guid":"http:\/\/dev.claret.cat\/editorial\/random-comic\/","menu_order":0,"post_type":"editorial","post_mime_type":"","comment_count":"0","filter":"raw"}],"autores-libros":[{"ID":154680,"post_author":"3","post_date":"2022-10-14 15:06:45","post_date_gmt":"2022-10-14 13:06:45","post_content":"","post_title":"EL MARQU\u00c8S","post_excerpt":"","post_status":"publish","comment_status":"closed","ping_status":"closed","post_password":"","post_name":"el-marques","to_ping":"","pinged":"","post_modified":"2022-10-14 15:06:45","post_modified_gmt":"2022-10-14 13:06:45","post_content_filtered":"","post_parent":0,"guid":"http:\/\/dev.claret.cat\/autor\/el-marques\/","menu_order":0,"post_type":"autor","post_mime_type":"","comment_count":"0","filter":"raw"},{"ID":162665,"post_author":"3","post_date":"2022-10-14 17:32:49","post_date_gmt":"2022-10-14 15:32:49","post_content":"","post_title":"LUIS ALEGRE","post_excerpt":"","post_status":"publish","comment_status":"closed","ping_status":"closed","post_password":"","post_name":"luis-alegre","to_ping":"","pinged":"","post_modified":"2022-10-14 17:32:49","post_modified_gmt":"2022-10-14 15:32:49","post_content_filtered":"","post_parent":0,"guid":"http:\/\/dev.claret.cat\/autor\/luis-alegre\/","menu_order":0,"post_type":"autor","post_mime_type":"","comment_count":"0","filter":"raw"}]},"aioseo_notices":[],"_links":{"self":[{"href":"https:\/\/www.claret.cat\/es\/wp-json\/wp\/v2\/product\/103050","targetHints":{"allow":["GET"]}}],"collection":[{"href":"https:\/\/www.claret.cat\/es\/wp-json\/wp\/v2\/product"}],"about":[{"href":"https:\/\/www.claret.cat\/es\/wp-json\/wp\/v2\/types\/product"}],"wp:featuredmedia":[{"embeddable":true,"href":"https:\/\/www.claret.cat\/es\/wp-json\/wp\/v2\/media\/103051"}],"wp:attachment":[{"href":"https:\/\/www.claret.cat\/es\/wp-json\/wp\/v2\/media?parent=103050"}],"wp:term":[{"taxonomy":"product_brand","embeddable":true,"href":"https:\/\/www.claret.cat\/es\/wp-json\/wp\/v2\/product_brand?post=103050"},{"taxonomy":"product_cat","embeddable":true,"href":"https:\/\/www.claret.cat\/es\/wp-json\/wp\/v2\/product_cat?post=103050"},{"taxonomy":"product_tag","embeddable":true,"href":"https:\/\/www.claret.cat\/es\/wp-json\/wp\/v2\/product_tag?post=103050"}],"curies":[{"name":"wp","href":"https:\/\/api.w.org\/{rel}","templated":true}]}}