{"id":10307,"date":"2022-09-30T19:50:54","date_gmt":"2022-09-30T17:50:54","guid":{"rendered":"http:\/\/dev.claret.cat\/producte\/plantas-medicinales\/"},"modified":"2023-01-28T09:34:05","modified_gmt":"2023-01-28T08:34:05","slug":"plantas-medicinales-9788484456094","status":"publish","type":"product","link":"https:\/\/www.claret.cat\/es\/libro\/plantas-medicinales-9788484456094\/","title":{"rendered":"PLANTAS MEDICINALES"},"content":{"rendered":"<p>Remedios herbales de elaboraci\u00f3n casera.<br \/> Rosemary Gladstar, una de las herboristas m\u00e1s influyentes del mundo, te invita en esta obra a descubrir las plantas medicinales m\u00e1s comunes y sus propiedades, a conocer sus aplicaciones cotidianas e incluso a cultivar tu propio herbolario, ya sea en el jard\u00edn o en las macetas que tienes en la terraza o en la ventana de la cocina. Comprueba lo gratifi cante que resulta reconocer las peculiaridades de cada planta y emplearlas artesanalmente para elaborar todo tipo de preparados naturales, como ungu&#776;entos, sales de ba\u00f1o, bebidas refrescantes, tinturas, tisanas, cosm\u00e9ticos, b\u00e1lsamos relajantes, pastas de dientes, linimentos y aceites. Esta gu\u00eda pr\u00e1ctica incluye tambi\u00e9n f\u00e1ciles recetas para la elaboraci\u00f3n de infusiones reconstituyentes, jarabes y pastillas naturales. Gracias a este libro descubrir\u00e1s que el uso dom\u00e9stico de las plantas medicinales resulta efectivo, seguro y econ\u00f3mico.<br \/> Las 124 recetas favoritas de Rosemary Gladstar incluyen, entre otras:<br \/>  Ung\u00fcento de cayena molida para mimar las articulaciones<br \/>  Limonada de jengibre antioxidante y depurativa <br \/>  Tintura para mejorar la actividad cerebral<br \/>  Sales de ba\u00f1o a la canela<br \/>  Pasta de dientes mentolada en polvo<br \/>  Tintura nutritiva para el cuidado del coraz\u00f3n<br \/>  Y su famosa crema hidratante para el rostro<\/p>\n","protected":false},"excerpt":{"rendered":"<p>GLADSTAR, ROSEMARY<\/p>\n","protected":false},"featured_media":71638,"template":"","meta":{"_acf_changed":false,"om_disable_all_campaigns":false,"rs_blank_template":"","rs_page_bg_color":"","slide_template_v7":"","inline_featured_image":false,"_monsterinsights_skip_tracking":false,"_monsterinsights_sitenote_active":false,"_monsterinsights_sitenote_note":"","_monsterinsights_sitenote_category":0},"product_brand":[],"product_cat":[97],"product_tag":[],"class_list":{"0":"post-10307","1":"product","2":"type-product","3":"status-publish","4":"has-post-thumbnail","6":"product_cat-salut","8":"first","9":"instock","10":"taxable","11":"shipping-taxable","12":"purchasable","13":"product-type-simple"},"acf":{"autor":"GLADSTAR, ROSEMARY","codart":"848445609","libros-coleccion":"SUSHI BOOKS","ediciones":"1","encuadernacion":"R\u00fastica","fecha_de_publicacion":"01\/05\/2017","novedad":"1","paginas":"221","subtitulo":"GU\u00cdA PARA PRINCIPIANTES","orden":"0","portada":"0","idioma":"spa","editorial":[{"ID":148187,"post_author":"3","post_date":"2022-10-14 11:56:18","post_date_gmt":"2022-10-14 09:56:18","post_content":"","post_title":"Gaia Ediciones","post_excerpt":"","post_status":"publish","comment_status":"closed","ping_status":"closed","post_password":"","post_name":"gaia-ediciones","to_ping":"","pinged":"","post_modified":"2022-10-14 11:56:18","post_modified_gmt":"2022-10-14 09:56:18","post_content_filtered":"","post_parent":0,"guid":"http:\/\/dev.claret.cat\/editorial\/gaia-ediciones\/","menu_order":0,"post_type":"editorial","post_mime_type":"","comment_count":"0","filter":"raw"}],"autores-libros":[{"ID":168570,"post_author":"3","post_date":"2022-10-14 22:20:10","post_date_gmt":"2022-10-14 20:20:10","post_content":"","post_title":"ROSEMARY GLADSTAR","post_excerpt":"","post_status":"publish","comment_status":"closed","ping_status":"closed","post_password":"","post_name":"rosemary-gladstar","to_ping":"","pinged":"","post_modified":"2022-10-14 22:20:10","post_modified_gmt":"2022-10-14 20:20:10","post_content_filtered":"","post_parent":0,"guid":"http:\/\/dev.claret.cat\/autor\/rosemary-gladstar\/","menu_order":0,"post_type":"autor","post_mime_type":"","comment_count":"0","filter":"raw"}]},"aioseo_notices":[],"_links":{"self":[{"href":"https:\/\/www.claret.cat\/es\/wp-json\/wp\/v2\/product\/10307","targetHints":{"allow":["GET"]}}],"collection":[{"href":"https:\/\/www.claret.cat\/es\/wp-json\/wp\/v2\/product"}],"about":[{"href":"https:\/\/www.claret.cat\/es\/wp-json\/wp\/v2\/types\/product"}],"wp:featuredmedia":[{"embeddable":true,"href":"https:\/\/www.claret.cat\/es\/wp-json\/wp\/v2\/media\/71638"}],"wp:attachment":[{"href":"https:\/\/www.claret.cat\/es\/wp-json\/wp\/v2\/media?parent=10307"}],"wp:term":[{"taxonomy":"product_brand","embeddable":true,"href":"https:\/\/www.claret.cat\/es\/wp-json\/wp\/v2\/product_brand?post=10307"},{"taxonomy":"product_cat","embeddable":true,"href":"https:\/\/www.claret.cat\/es\/wp-json\/wp\/v2\/product_cat?post=10307"},{"taxonomy":"product_tag","embeddable":true,"href":"https:\/\/www.claret.cat\/es\/wp-json\/wp\/v2\/product_tag?post=10307"}],"curies":[{"name":"wp","href":"https:\/\/api.w.org\/{rel}","templated":true}]}}