{"id":1031407,"date":"2025-06-10T13:45:08","date_gmt":"2025-06-10T11:45:08","guid":{"rendered":"https:\/\/www.claret.cat\/llibre\/guiaburros-el-arte-de-la-mejora-continua-9791387539535\/"},"modified":"2025-06-11T12:00:30","modified_gmt":"2025-06-11T10:00:30","slug":"guiaburros-el-arte-de-la-mejora-continua-9791387539535","status":"publish","type":"product","link":"https:\/\/www.claret.cat\/es\/libro\/guiaburros-el-arte-de-la-mejora-continua-9791387539535\/","title":{"rendered":"GU\u00cdABURROS: EL ARTE DE LA MEJORA CONTINUA"},"content":{"rendered":"<p>Una de las claves del crecimiento personal se refiere a la implementaci\u00f3n de sucesivos y continuos peque\u00f1os cambios aplicables a cualquier \u00e1rea de la vida que conduzcan a una mejora. Es importante entender que es necesario un entrenamiento y un aprendizaje a la hora de aspirar al \u00e9xito. El \u201darte de la mejora\u201d forma parte de Las ocho disciplinas del drag\u00f3n, un m\u00e9todo desarrollado por el autor que muestra el modo de adquirir h\u00e1bitos beneficiosos. En este libro desarrolla el concepto de mejora continua y su aplicaci\u00f3n en t\u00e9rminos de utilidad y eficiencia en el d\u00eda a d\u00eda. Adem\u00e1s, muestra al lector c\u00f3mo entrenar la \u201cpsicolog\u00eda del cambio\u201d y construir e implementar los h\u00e1bitos para lograr la mejora constante.<\/p>\n","protected":false},"excerpt":{"rendered":"<p>PASCUAL, BORJA<\/p>\n","protected":false},"featured_media":1032163,"template":"","meta":{"_acf_changed":false,"om_disable_all_campaigns":false,"rs_blank_template":"","rs_page_bg_color":"","slide_template_v7":"","inline_featured_image":false,"_monsterinsights_skip_tracking":false,"_monsterinsights_sitenote_active":false,"_monsterinsights_sitenote_note":"","_monsterinsights_sitenote_category":0},"product_brand":[],"product_cat":[162,436],"product_tag":[],"class_list":{"0":"post-1031407","1":"product","2":"type-product","3":"status-publish","4":"has-post-thumbnail","6":"product_cat-economica-i-politica","7":"product_cat-economica-y-politica","9":"first","10":"instock","11":"taxable","12":"shipping-taxable","13":"purchasable","14":"product-type-simple"},"acf":{"autor":"PASCUAL, BORJA","codart":"138753953","libros-coleccion":"FORA DE COL.LECCI\u00d3","ediciones":"1","encuadernacion":"R\u00fastica","fecha_de_publicacion":"01\/05\/2025","novedad":"1","paginas":"143","subtitulo":"ENTRENA TU \u00c9XITO","orden":"0","portada":"0","idioma":"spa","booktrailer":"","resenas":"","editorial":[{"ID":304421,"post_author":"3","post_date":"2022-12-16 04:59:14","post_date_gmt":"2022-12-16 03:59:14","post_content":"","post_title":"Editatum","post_excerpt":"","post_status":"publish","comment_status":"closed","ping_status":"closed","post_password":"","post_name":"editatum","to_ping":"","pinged":"","post_modified":"2022-12-16 04:59:14","post_modified_gmt":"2022-12-16 03:59:14","post_content_filtered":"","post_parent":0,"guid":"http:\/\/dev.claret.cat\/editorial\/editatum\/","menu_order":0,"post_type":"editorial","post_mime_type":"","comment_count":"0","filter":"raw"}]},"aioseo_notices":[],"_links":{"self":[{"href":"https:\/\/www.claret.cat\/es\/wp-json\/wp\/v2\/product\/1031407","targetHints":{"allow":["GET"]}}],"collection":[{"href":"https:\/\/www.claret.cat\/es\/wp-json\/wp\/v2\/product"}],"about":[{"href":"https:\/\/www.claret.cat\/es\/wp-json\/wp\/v2\/types\/product"}],"wp:featuredmedia":[{"embeddable":true,"href":"https:\/\/www.claret.cat\/es\/wp-json\/wp\/v2\/media\/1032163"}],"wp:attachment":[{"href":"https:\/\/www.claret.cat\/es\/wp-json\/wp\/v2\/media?parent=1031407"}],"wp:term":[{"taxonomy":"product_brand","embeddable":true,"href":"https:\/\/www.claret.cat\/es\/wp-json\/wp\/v2\/product_brand?post=1031407"},{"taxonomy":"product_cat","embeddable":true,"href":"https:\/\/www.claret.cat\/es\/wp-json\/wp\/v2\/product_cat?post=1031407"},{"taxonomy":"product_tag","embeddable":true,"href":"https:\/\/www.claret.cat\/es\/wp-json\/wp\/v2\/product_tag?post=1031407"}],"curies":[{"name":"wp","href":"https:\/\/api.w.org\/{rel}","templated":true}]}}