{"id":1031421,"date":"2025-06-10T14:05:09","date_gmt":"2025-06-10T12:05:09","guid":{"rendered":"https:\/\/www.claret.cat\/llibre\/historia-de-los-papas-9788466245197\/"},"modified":"2025-09-05T19:00:29","modified_gmt":"2025-09-05T17:00:29","slug":"historia-de-los-papas-9788466245197","status":"publish","type":"product","link":"https:\/\/www.claret.cat\/es\/libro\/historia-de-los-papas-9788466245197\/","title":{"rendered":"HISTORIA DE LOS PAPAS"},"content":{"rendered":"<p>El inicio del <strong>pontificado de Le\u00f3n XIV<\/strong> inaugura una <strong>nueva etapa en la Iglesia cat\u00f3lica<\/strong>, marcada por una <strong>visi\u00f3n misionera<\/strong>, centrada en la <strong>paz, la concordia<\/strong> y la <strong>continuidad con el legado del papa Francisco<\/strong>. En un contexto de m\u00faltiples desaf\u00edos globales, comprender el papel del papa resulta m\u00e1s necesario que nunca.<\/p>\n<p>Esta obra ofrece un recorrido completo por la <strong>historia del papado<\/strong>, desde San Pedro hasta Le\u00f3n XIV, con una edici\u00f3n <strong>revisada, actualizada y ampliada<\/strong> que presenta la biograf\u00eda de los <strong>267 papas de la Iglesia cat\u00f3lica<\/strong>. A trav\u00e9s de sus p\u00e1ginas, el lector podr\u00e1 adentrarse en las claves hist\u00f3ricas, espirituales y pastorales del ministerio petrino a lo largo de los siglos.<\/p>\n<p>Un libro imprescindible para quienes desean conocer la <strong>historia del papado<\/strong>, entender su evoluci\u00f3n y descubrir c\u00f3mo cada pont\u00edfice ha respondido a los desaf\u00edos de su tiempo.<\/p>\n","protected":false},"excerpt":{"rendered":"<p>MELGAR GIL, LUIS-TOM\u00c1S \/ EQUIPO EDITORIAL<\/p>\n","protected":false},"featured_media":1036188,"template":"","meta":{"_acf_changed":false,"om_disable_all_campaigns":false,"rs_blank_template":"","rs_page_bg_color":"","slide_template_v7":"","inline_featured_image":false,"_monsterinsights_skip_tracking":false,"_monsterinsights_sitenote_active":false,"_monsterinsights_sitenote_note":"","_monsterinsights_sitenote_category":0},"product_brand":[],"product_cat":[511,283,308,542,92],"product_tag":[],"class_list":{"0":"post-1031421","1":"product","2":"type-product","3":"status-publish","4":"has-post-thumbnail","6":"product_cat-eclesiologia-teologia-1_espiritualidad","7":"product_cat-eclesiologia-teologia","8":"product_cat-castella","9":"product_cat-vida-religiosa-1_espiritualidad-spa","10":"product_cat-vida-religiosa","12":"first","13":"instock","14":"taxable","15":"shipping-taxable","16":"purchasable","17":"product-type-simple"},"acf":{"autor":"MELGAR GIL, LUIS-TOM\u00c1S \/ EQUIPO EDITORIAL","codart":"846624519","libros-coleccion":"FORA DE COL.LECCI\u00d3","ediciones":"1","encuadernacion":"R\u00fastica","fecha_de_publicacion":"01\/05\/2025","novedad":"1","paginas":"455","subtitulo":"DESDE SAN PEDRO HASTA LE\u00d3N XIV","orden":"8","portada":"1","idioma":"spa","booktrailer":"","resenas":"","editorial":[{"ID":148442,"post_author":"3","post_date":"2022-10-14 11:58:16","post_date_gmt":"2022-10-14 09:58:16","post_content":"","post_title":"Libsa","post_excerpt":"","post_status":"publish","comment_status":"closed","ping_status":"closed","post_password":"","post_name":"libsa","to_ping":"","pinged":"","post_modified":"2022-10-14 11:58:16","post_modified_gmt":"2022-10-14 09:58:16","post_content_filtered":"","post_parent":0,"guid":"http:\/\/dev.claret.cat\/editorial\/libsa\/","menu_order":0,"post_type":"editorial","post_mime_type":"","comment_count":"0","filter":"raw"}],"linkebook":"","ficha":"","muestra":"","precioebook":"0","presentacion":""},"aioseo_notices":[],"_links":{"self":[{"href":"https:\/\/www.claret.cat\/es\/wp-json\/wp\/v2\/product\/1031421","targetHints":{"allow":["GET"]}}],"collection":[{"href":"https:\/\/www.claret.cat\/es\/wp-json\/wp\/v2\/product"}],"about":[{"href":"https:\/\/www.claret.cat\/es\/wp-json\/wp\/v2\/types\/product"}],"wp:featuredmedia":[{"embeddable":true,"href":"https:\/\/www.claret.cat\/es\/wp-json\/wp\/v2\/media\/1036188"}],"wp:attachment":[{"href":"https:\/\/www.claret.cat\/es\/wp-json\/wp\/v2\/media?parent=1031421"}],"wp:term":[{"taxonomy":"product_brand","embeddable":true,"href":"https:\/\/www.claret.cat\/es\/wp-json\/wp\/v2\/product_brand?post=1031421"},{"taxonomy":"product_cat","embeddable":true,"href":"https:\/\/www.claret.cat\/es\/wp-json\/wp\/v2\/product_cat?post=1031421"},{"taxonomy":"product_tag","embeddable":true,"href":"https:\/\/www.claret.cat\/es\/wp-json\/wp\/v2\/product_tag?post=1031421"}],"curies":[{"name":"wp","href":"https:\/\/api.w.org\/{rel}","templated":true}]}}