{"id":1031517,"date":"2025-06-10T16:35:46","date_gmt":"2025-06-10T14:35:46","guid":{"rendered":"https:\/\/www.claret.cat\/llibre\/orgullo-prejuicio-y-veneno-cozy-mystery-9788410206694\/"},"modified":"2025-06-10T17:15:54","modified_gmt":"2025-06-10T15:15:54","slug":"orgullo-prejuicio-y-veneno-cozy-mystery-9788410206694","status":"publish","type":"product","link":"https:\/\/www.claret.cat\/es\/libro\/orgullo-prejuicio-y-veneno-cozy-mystery-9788410206694\/","title":{"rendered":"ORGULLO, PREJUICIO Y VENENO (COZY MYSTERY)"},"content":{"rendered":"<p>La librer\u00eda de segunda mano de Erin Coleridge en Kirkbymoorside es el lugar donde se re\u00fane cada mes la Jane Austen Society. La \u00faltima reuni\u00f3n termina de forma tr\u00e1gica cuando Sylvia Pemberthy aparece muerta tras la pausa para el t\u00e9. Esto, sumado a una violenta discusi\u00f3n en otra de las quedadas, hace que todos los miembros de la sociedad se conviertan en sospechosos. Tras un segundo intento de asesinato, su amiga Farnsworth convence a Erin de poner sus dotes de crimin\u00f3loga aficionada al servicio de la justicia y colaborar con el atractivo inspector Peter Hemming en la investigaci\u00f3n. \u00bfLograr\u00e1n atrapar al asesino? \u00bfO tendr\u00e1n que lamentar m\u00e1s v\u00edctimas?<br \/> Erin deber\u00e1 demostrar que el orgullo no nubla el juicio, el prejuicio no impide la justicia, y la persuasi\u00f3n, con algo de sensibilidad, nos pueden llevar a la verdad.<\/p>\n","protected":false},"excerpt":{"rendered":"<p>BLAKE, ELIZABETH<\/p>\n","protected":false},"featured_media":1031518,"template":"","meta":{"_acf_changed":false,"om_disable_all_campaigns":false,"rs_blank_template":"","rs_page_bg_color":"","slide_template_v7":"","inline_featured_image":false,"_monsterinsights_skip_tracking":false,"_monsterinsights_sitenote_active":false,"_monsterinsights_sitenote_note":"","_monsterinsights_sitenote_category":0},"product_brand":[],"product_cat":[127,357],"product_tag":[],"class_list":{"0":"post-1031517","1":"product","2":"type-product","3":"status-publish","4":"has-post-thumbnail","6":"product_cat-novella-contemporania","7":"product_cat-novela-contemporanea","9":"first","10":"instock","11":"taxable","12":"shipping-taxable","13":"purchasable","14":"product-type-simple"},"acf":{"autor":"BLAKE, ELIZABETH","codart":"841020669","libros-coleccion":"FORA DE COL.LECCI\u00d3","ediciones":"1","encuadernacion":"R\u00fastica","fecha_de_publicacion":"01\/06\/2025","novedad":"1","paginas":"432","subtitulo":"","orden":"0","portada":"0","idioma":"spa","booktrailer":"","resenas":"","editorial":[{"ID":147917,"post_author":"3","post_date":"2022-10-14 11:54:14","post_date_gmt":"2022-10-14 09:54:14","post_content":"","post_title":"EDITORIAL ALMA","post_excerpt":"","post_status":"publish","comment_status":"closed","ping_status":"closed","post_password":"","post_name":"editorial-alma","to_ping":"","pinged":"","post_modified":"2022-10-14 11:54:14","post_modified_gmt":"2022-10-14 09:54:14","post_content_filtered":"","post_parent":0,"guid":"http:\/\/dev.claret.cat\/editorial\/editorial-alma\/","menu_order":0,"post_type":"editorial","post_mime_type":"","comment_count":"0","filter":"raw"}]},"aioseo_notices":[],"_links":{"self":[{"href":"https:\/\/www.claret.cat\/es\/wp-json\/wp\/v2\/product\/1031517","targetHints":{"allow":["GET"]}}],"collection":[{"href":"https:\/\/www.claret.cat\/es\/wp-json\/wp\/v2\/product"}],"about":[{"href":"https:\/\/www.claret.cat\/es\/wp-json\/wp\/v2\/types\/product"}],"wp:featuredmedia":[{"embeddable":true,"href":"https:\/\/www.claret.cat\/es\/wp-json\/wp\/v2\/media\/1031518"}],"wp:attachment":[{"href":"https:\/\/www.claret.cat\/es\/wp-json\/wp\/v2\/media?parent=1031517"}],"wp:term":[{"taxonomy":"product_brand","embeddable":true,"href":"https:\/\/www.claret.cat\/es\/wp-json\/wp\/v2\/product_brand?post=1031517"},{"taxonomy":"product_cat","embeddable":true,"href":"https:\/\/www.claret.cat\/es\/wp-json\/wp\/v2\/product_cat?post=1031517"},{"taxonomy":"product_tag","embeddable":true,"href":"https:\/\/www.claret.cat\/es\/wp-json\/wp\/v2\/product_tag?post=1031517"}],"curies":[{"name":"wp","href":"https:\/\/api.w.org\/{rel}","templated":true}]}}