{"id":1031579,"date":"2025-06-10T16:46:41","date_gmt":"2025-06-10T14:46:41","guid":{"rendered":"https:\/\/www.claret.cat\/llibre\/edith-stein-9788430628001\/"},"modified":"2025-06-11T11:53:29","modified_gmt":"2025-06-11T09:53:29","slug":"edith-stein-9788430628001","status":"publish","type":"product","link":"https:\/\/www.claret.cat\/es\/libro\/edith-stein-9788430628001\/","title":{"rendered":"EDITH STEIN"},"content":{"rendered":"<p>Vida, obra (y muerte) de una mujer extraordinaria. Un retrato del siglo XX que interpela los debates sobre identidad del XXI. Edith Stein recorri\u00f3 un sinuoso camino de b\u00fasqueda que la llev\u00f3 del juda\u00edsmo al agnosticismo, a la filosof\u00eda, al catolicismo y que concluy\u00f3 en el infierno de los campos de concentraci\u00f3n nazis. Nacida en Polonia en 1891, fue la primera mujer en doctorarse en Filosof\u00eda en Alemania y perteneci\u00f3 al c\u00edrculo \u00edntimo de Edmund Husserl, padre de la Fenomenolog\u00eda. Temprana feminista, en 1921 su vida dio un vuelco m\u00edstico y se convirti\u00f3 al catolicismo para ingresar en la orden carmelita como Teresa Benedicta de la Cruz. Canceladas sus expectativas de emigraci\u00f3n, fue detenida por la Gestapo en 1942 y deportada a Auschwitz, donde fue asesinada. En 1998 el papa Juan Pablo II la canoniza. La ambiciosa investigaci\u00f3n de Irene Chikiar Bauer propone, bajo una luz in\u00e9dita, un recorrido por los escritos autobiogr\u00e1ficos de esta mujer personal\u00edsima, sus textos filos\u00f3ficos y religiosos y su extensa correspondencia, y reconstruye tanto sus resbaladizos contextos de producci\u00f3n como las preocupaciones vitales y existenciales de Stein. Como resultado, en este libro enlaza su vida y obra con los tiempos brumosos en los que vivi\u00f3 y con las causas que abraz\u00f3 con fervor y convicci\u00f3n. En ese gesto, traza l\u00edneas que necesariamente llegan al presente y aportan a la discusi\u00f3n contempor\u00e1nea sobre lo identitario.La cr\u00edtica ha dicho:<br \/>\u00abIrene Chikiar Bauer narra la vida de una personalidad fascinante. La b\u00fasqueda espiritual y la lucha intelectual, del juda\u00edsmo a su conversi\u00f3n al catolicismo y su martirio en Auschwitz\u00bb.<br \/>Clar\u00edn<\/p>\n","protected":false},"excerpt":{"rendered":"<p>CHIKIAR BAUER, IRENE<\/p>\n","protected":false},"featured_media":1032150,"template":"","meta":{"_acf_changed":false,"om_disable_all_campaigns":false,"rs_blank_template":"","rs_page_bg_color":"","slide_template_v7":"","inline_featured_image":false,"_monsterinsights_skip_tracking":false,"_monsterinsights_sitenote_active":false,"_monsterinsights_sitenote_note":"","_monsterinsights_sitenote_category":0},"product_brand":[],"product_cat":[485,232,492,242],"product_tag":[],"class_list":{"0":"post-1031579","1":"product","2":"type-product","3":"status-publish","4":"has-post-thumbnail","6":"product_cat-autores-espiritualidad-1_espiritualidad","7":"product_cat-autors-espiritualitat","8":"product_cat-carmelitana-espiritualidad-1_espiritualidad","9":"product_cat-carmelitana","11":"first","12":"instock","13":"taxable","14":"shipping-taxable","15":"purchasable","16":"product-type-simple"},"acf":{"autor":"CHIKIAR BAUER, IRENE","codart":"843062800","libros-coleccion":"BIOGRAFIAS","ediciones":"1","encuadernacion":"R\u00fastica","fecha_de_publicacion":"01\/06\/2025","novedad":"1","paginas":"767","subtitulo":"JUD\u00cdA, FIL\u00d3SOFA, SANTA","orden":"0","portada":"1","idioma":"spa","booktrailer":"","resenas":"","editorial":[{"ID":6372,"post_author":"3","post_date":"2022-07-28 17:50:47","post_date_gmt":"2022-07-28 15:50:47","post_content":"","post_title":"TAURUS","post_excerpt":"","post_status":"publish","comment_status":"closed","ping_status":"closed","post_password":"","post_name":"taurus","to_ping":"","pinged":"","post_modified":"2022-07-28 17:50:47","post_modified_gmt":"2022-07-28 15:50:47","post_content_filtered":"","post_parent":0,"guid":"http:\/\/dev.claret.cat\/editorial\/taurus\/","menu_order":0,"post_type":"editorial","post_mime_type":"","comment_count":"0","filter":"raw"}]},"aioseo_notices":[],"_links":{"self":[{"href":"https:\/\/www.claret.cat\/es\/wp-json\/wp\/v2\/product\/1031579","targetHints":{"allow":["GET"]}}],"collection":[{"href":"https:\/\/www.claret.cat\/es\/wp-json\/wp\/v2\/product"}],"about":[{"href":"https:\/\/www.claret.cat\/es\/wp-json\/wp\/v2\/types\/product"}],"wp:featuredmedia":[{"embeddable":true,"href":"https:\/\/www.claret.cat\/es\/wp-json\/wp\/v2\/media\/1032150"}],"wp:attachment":[{"href":"https:\/\/www.claret.cat\/es\/wp-json\/wp\/v2\/media?parent=1031579"}],"wp:term":[{"taxonomy":"product_brand","embeddable":true,"href":"https:\/\/www.claret.cat\/es\/wp-json\/wp\/v2\/product_brand?post=1031579"},{"taxonomy":"product_cat","embeddable":true,"href":"https:\/\/www.claret.cat\/es\/wp-json\/wp\/v2\/product_cat?post=1031579"},{"taxonomy":"product_tag","embeddable":true,"href":"https:\/\/www.claret.cat\/es\/wp-json\/wp\/v2\/product_tag?post=1031579"}],"curies":[{"name":"wp","href":"https:\/\/api.w.org\/{rel}","templated":true}]}}