{"id":1031663,"date":"2025-06-10T17:40:16","date_gmt":"2025-06-10T15:40:16","guid":{"rendered":"https:\/\/www.claret.cat\/llibre\/las-cronicas-de-narnia-2-el-leon-la-bruja-y-el-armario-9788418774867\/"},"modified":"2026-01-28T13:46:33","modified_gmt":"2026-01-28T12:46:33","slug":"las-cronicas-de-narnia-2-el-leon-la-bruja-y-el-armario-9788418774867","status":"publish","type":"product","link":"https:\/\/www.claret.cat\/es\/libro\/las-cronicas-de-narnia-2-el-leon-la-bruja-y-el-armario-9788418774867\/","title":{"rendered":"LAS CR\u00d3NICAS DE NARNIA. 2 EL LE\u00d3N, LA BRUJA Y EL ARMARIO"},"content":{"rendered":"<p>Cuatro hermanos atraviesan un misterioso armario y entran en la tierra m\u00e1gica de Narnia, un pa\u00eds que sufre a la cruel Bruja Blanca. Solo el regreso del gran le\u00f3n Aslan conseguir\u00e1 poner fin a la tiran\u00eda de la bruja y restaurar la paz. Pero para que el invierno llegue a su fin y vuelva la primavera, habr\u00e1 que hacer un sacrificio\u2026<\/p>\n<p>Y esto es solo el comienzo de la aventura.<\/p>\n<p>El le\u00f3n, la bruja y el armario es el segundo libro de Las cr\u00f3nicas de Narnia de C. S. Lewis, una colecci\u00f3n que ha entrado ya a formar parte del canon literario universal y que lleva entusiasmando a los lectores durante m\u00e1s de setenta a\u00f1os.<\/p>\n<p>\u00abEsta serie me ense\u00f1\u00f3 dos lecciones importantes: que las apariencias enga\u00f1an y que dos errores no hacen un acierto\u00bb. THE GUARDIAN<\/p>\n<p>\u00abLa magia del universo paralelo de C. S. Lewis nunca se desvanece\u00bb. THE TIMES<\/p>\n","protected":false},"excerpt":{"rendered":"<p>LEWIS, C.S.<\/p>\n","protected":false},"featured_media":1078577,"template":"","meta":{"_acf_changed":false,"om_disable_all_campaigns":false,"rs_blank_template":"","rs_page_bg_color":"","slide_template_v7":"","inline_featured_image":false,"_monsterinsights_skip_tracking":false,"_monsterinsights_sitenote_active":false,"_monsterinsights_sitenote_note":"","_monsterinsights_sitenote_category":0},"product_brand":[],"product_cat":[133,363],"product_tag":[],"class_list":{"0":"post-1031663","1":"product","2":"type-product","3":"status-publish","4":"has-post-thumbnail","6":"product_cat-lectures-per-adolescents-12-18-anys","7":"product_cat-lecturas-por-adolescentes-12-18-anos","9":"first","10":"instock","11":"taxable","12":"shipping-taxable","13":"purchasable","14":"product-type-simple"},"acf":{"autor":"LEWIS, C.S.","codart":"841877486","libros-coleccion":"HARPERKIDS","ediciones":"1","encuadernacion":"R\u00fastica","fecha_de_publicacion":"01\/06\/2025","novedad":"1","paginas":"169","subtitulo":"","orden":"0","portada":"0","idioma":"spa","booktrailer":"","resenas":"","editorial":[{"ID":148250,"post_author":"3","post_date":"2022-10-14 11:56:47","post_date_gmt":"2022-10-14 09:56:47","post_content":"","post_title":"HarperKids","post_excerpt":"","post_status":"publish","comment_status":"closed","ping_status":"closed","post_password":"","post_name":"harperkids","to_ping":"","pinged":"","post_modified":"2022-10-14 11:56:47","post_modified_gmt":"2022-10-14 09:56:47","post_content_filtered":"","post_parent":0,"guid":"http:\/\/dev.claret.cat\/editorial\/harperkids\/","menu_order":0,"post_type":"editorial","post_mime_type":"","comment_count":"0","filter":"raw"}]},"aioseo_notices":[],"_links":{"self":[{"href":"https:\/\/www.claret.cat\/es\/wp-json\/wp\/v2\/product\/1031663","targetHints":{"allow":["GET"]}}],"collection":[{"href":"https:\/\/www.claret.cat\/es\/wp-json\/wp\/v2\/product"}],"about":[{"href":"https:\/\/www.claret.cat\/es\/wp-json\/wp\/v2\/types\/product"}],"wp:featuredmedia":[{"embeddable":true,"href":"https:\/\/www.claret.cat\/es\/wp-json\/wp\/v2\/media\/1078577"}],"wp:attachment":[{"href":"https:\/\/www.claret.cat\/es\/wp-json\/wp\/v2\/media?parent=1031663"}],"wp:term":[{"taxonomy":"product_brand","embeddable":true,"href":"https:\/\/www.claret.cat\/es\/wp-json\/wp\/v2\/product_brand?post=1031663"},{"taxonomy":"product_cat","embeddable":true,"href":"https:\/\/www.claret.cat\/es\/wp-json\/wp\/v2\/product_cat?post=1031663"},{"taxonomy":"product_tag","embeddable":true,"href":"https:\/\/www.claret.cat\/es\/wp-json\/wp\/v2\/product_tag?post=1031663"}],"curies":[{"name":"wp","href":"https:\/\/api.w.org\/{rel}","templated":true}]}}