{"id":1031697,"date":"2025-06-10T18:05:46","date_gmt":"2025-06-10T16:05:46","guid":{"rendered":"https:\/\/www.claret.cat\/llibre\/osset-siset-segueixme-el-mar-9788413898988\/"},"modified":"2026-02-17T18:30:15","modified_gmt":"2026-02-17T17:30:15","slug":"osset-siset-segueixme-el-mar-9788413898988","status":"publish","type":"product","link":"https:\/\/www.claret.cat\/es\/libro\/osset-siset-segueixme-el-mar-9788413898988\/","title":{"rendered":"OSSET SISET. SEGUEIX-ME! EL MAR"},"content":{"rendered":"<p>Un t\u00edtol de cartr\u00f3 amb 6 fitxes lliscants de la col\u00b7lecci\u00f3 de l\u2019Osset Siset!Acompanya l\u2019Osset Siset al fons del mar i passa-t\u2019ho genial mentre segueixes els camins fins el final!<br \/> L&#8221;Osset Siset i els seus amics pugen al submar\u00ed rumb a les profunditats del mar. Que bonics que s\u00f3n els peixos i els coralls! Quins misteris els esperen? Un vaixell enfonsat? Visites d&#8221;animals inesperades? O fins i tot&#8230; Un tresor amagat? Suma&#8221;t a l&#8221;aventura per descobrir-ho!<br \/> \u00a1Segueix els camins que guiaran l\u2019Osset Siset pel fons del mar!<br \/> En aquest llibre:<\/p>\n<p> Juga: Amb peces per moure i exercitar la motricitat fina.<br \/> Parla: Moltes paraules per aprendre a cada p\u00e0gina<br \/> Escolta: Una hist\u00f2ria amb frases curtes i rimes senzilles.<\/p>\n<p> \u00a0<br \/> Seguir els caminets amb els dits potenciar\u00e0 la motricitat fina dels m\u00e9s petits, un pas previ a la lectoescriptura. En aquest cas, el moviment consisteix a emp\u00e8nyer 6 fitxes lliscants per camins de diferents formes, de manera que practicaran diferents tra\u00e7os. A m\u00e9s, trobareu moltes il\u00b7lustracions a veure, assenyalar i comentar.<br \/> \u00a0<br \/> Recomanat a partir d&#8221;1 any.<br \/> T\u00edtols de la col\u00b7lecci\u00f3 Osset Siset: <\/p>\n<p> El gran llibre de l\u2019Osset Siset<br \/> Osset Siset. Llibre i peluix<br \/> Osset Siset. Juga i construeix<br \/> Osset Siset. Disfressa\u2019m!<br \/> Osset Siset. Anem amb vaixell!<br \/> Osset Siset. Avui toca pizza!<br \/> Osset Siset. Juguem al futbol<br \/> Osset Siset. Anem amb avi\u00f3!<br \/> Osset Siset. Pugem al tren!<br \/> Osset Siset. Un dia al castell<br \/> Osset Siset. La casa encantada<br \/> Osset Siset. La gran carrera<br \/> Osset Siset. Mans a l\u2019obra!<br \/> Osset Siset. Emerg\u00e8ncia al volant<br \/> Osset Siset. Anem de viatge<br \/> Osset Siset. Anem al zoo!<br \/> Osset Siset. Missi\u00f3 espacial!<br \/> Osset Siset. Aventura submarina<br \/> Osset Siset. Un dia a l\u2019escola<br \/> Osset Siset. Anem a construir!<br \/> Osset Siset. Safari de dinosaures<br \/> Osset Siset. Anem a jugar!<br \/> Osset Siset. Aventura pirata<br \/> Osset Siset. Un dia a la granja<br \/> Osset Siset. Bombers al rescat!<br \/> Osset Siset. Un dia a la neu<br \/> Osset Siset. Bon Nadal!<br \/> Osset Siset. Parc d\u2019atraccions<br \/> Osset Siset. Anem al veterinari<br \/> Osset Siset. Un dia al jard\u00ed<br \/> Osset Siset. Anem d&#8221;acampada!<br \/> Osset Siset. Capbussada a la piscina<br \/> Osset Siset. El cami\u00f3 de reciclatge<br \/> Osset Siset. El meu primer llibre de mem\u00f2ria. Animals<br \/> Osset Siset. El meu primer llibre de mem\u00f2ria. Vehicles.<br \/> Osset Siset. El meu primer llibre d\u2019adhesius. Animals.<br \/> Osset Siset. El meu primer llibre d\u2019adhesius. Vehicles.<br \/> Osset Siset. El meu primer llibre d\u2019adhesius. Bon Nadal!<br \/> Osset Siset. El meu primer llibre d\u2019adhesius. Aventures.<\/p>\n","protected":false},"excerpt":{"rendered":"<p>DAVIES, BENJI<\/p>\n","protected":false},"featured_media":1031698,"template":"","meta":{"_acf_changed":false,"om_disable_all_campaigns":false,"rs_blank_template":"","rs_page_bg_color":"","slide_template_v7":"","inline_featured_image":false,"_monsterinsights_skip_tracking":false,"_monsterinsights_sitenote_active":false,"_monsterinsights_sitenote_note":"","_monsterinsights_sitenote_category":0},"product_brand":[],"product_cat":[131,361],"product_tag":[],"class_list":{"0":"post-1031697","1":"product","2":"type-product","3":"status-publish","4":"has-post-thumbnail","6":"product_cat-contes-per-infants-0-6-anys","7":"product_cat-cuentos-para-ninos-0-6-anos","9":"first","10":"instock","11":"taxable","12":"shipping-taxable","13":"purchasable","14":"product-type-simple"},"acf":{"autor":"DAVIES, BENJI","codart":"841389898","libros-coleccion":"Osset Siset","ediciones":"1","encuadernacion":"Carpeta","fecha_de_publicacion":"01\/06\/2025","novedad":"1","paginas":"10","subtitulo":"","orden":"0","portada":"0","idioma":"cat","booktrailer":"","resenas":"","editorial":[{"ID":6249,"post_author":"3","post_date":"2022-07-28 17:48:09","post_date_gmt":"2022-07-28 15:48:09","post_content":"","post_title":"Estrella Polar","post_excerpt":"","post_status":"publish","comment_status":"closed","ping_status":"closed","post_password":"","post_name":"estrella-polar","to_ping":"","pinged":"","post_modified":"2022-07-28 17:48:09","post_modified_gmt":"2022-07-28 15:48:09","post_content_filtered":"","post_parent":0,"guid":"http:\/\/dev.claret.cat\/editorial\/estrella-polar\/","menu_order":0,"post_type":"editorial","post_mime_type":"","comment_count":"0","filter":"raw"}]},"aioseo_notices":[],"_links":{"self":[{"href":"https:\/\/www.claret.cat\/es\/wp-json\/wp\/v2\/product\/1031697","targetHints":{"allow":["GET"]}}],"collection":[{"href":"https:\/\/www.claret.cat\/es\/wp-json\/wp\/v2\/product"}],"about":[{"href":"https:\/\/www.claret.cat\/es\/wp-json\/wp\/v2\/types\/product"}],"wp:featuredmedia":[{"embeddable":true,"href":"https:\/\/www.claret.cat\/es\/wp-json\/wp\/v2\/media\/1031698"}],"wp:attachment":[{"href":"https:\/\/www.claret.cat\/es\/wp-json\/wp\/v2\/media?parent=1031697"}],"wp:term":[{"taxonomy":"product_brand","embeddable":true,"href":"https:\/\/www.claret.cat\/es\/wp-json\/wp\/v2\/product_brand?post=1031697"},{"taxonomy":"product_cat","embeddable":true,"href":"https:\/\/www.claret.cat\/es\/wp-json\/wp\/v2\/product_cat?post=1031697"},{"taxonomy":"product_tag","embeddable":true,"href":"https:\/\/www.claret.cat\/es\/wp-json\/wp\/v2\/product_tag?post=1031697"}],"curies":[{"name":"wp","href":"https:\/\/api.w.org\/{rel}","templated":true}]}}