{"id":1031720,"date":"2025-06-10T18:25:53","date_gmt":"2025-06-10T16:25:53","guid":{"rendered":"https:\/\/www.claret.cat\/llibre\/nosotros-en-la-luna-9788408304883\/"},"modified":"2025-06-10T18:51:28","modified_gmt":"2025-06-10T16:51:28","slug":"nosotros-en-la-luna-9788408304883","status":"publish","type":"product","link":"https:\/\/www.claret.cat\/es\/libro\/nosotros-en-la-luna-9788408304883\/","title":{"rendered":"NOSOTROS EN LA LUNA"},"content":{"rendered":"<p>Una historia sobre el amor, el destino y la b\u00fasqueda de uno mismo.\u00a0No hay nada m\u00e1s eterno que un encuentro fugaz.\u00a0<br \/> Una noche en Par\u00eds. Dos caminos entrelaz\u00e1ndose.<br \/> \u00a0<br \/> Cuando Rhys y Ginger se conocen en las calles de la ciudad de la luz, no imaginan que sus vidas se unir\u00e1n para siempre, a pesar de la distancia y de que no puedan ser m\u00e1s diferentes. Ella vive en Londres y a veces se siente tan perdida que se ha olvidado hasta de sus propios sue\u00f1os. \u00c9l es incapaz de quedarse quieto en ning\u00fan lugar y cree saber qui\u00e9n es. Y cada noche su amistad crece entre\u00a0e-mails\u00a0llenos de confidencias, dudas e inquietudes. Pero \u00bfqu\u00e9 ocurre cuando el paso del tiempo pone a prueba su relaci\u00f3n?<br \/> \u00a0<br \/> \u00bfEs posible colgarse de la luna junto a otra persona sin poner en riesgo el coraz\u00f3n?<\/p>\n","protected":false},"excerpt":{"rendered":"<p>KELLEN, ALICE<\/p>\n","protected":false},"featured_media":1031721,"template":"","meta":{"_acf_changed":false,"om_disable_all_campaigns":false,"rs_blank_template":"","rs_page_bg_color":"","slide_template_v7":"","inline_featured_image":false,"_monsterinsights_skip_tracking":false,"_monsterinsights_sitenote_active":false,"_monsterinsights_sitenote_note":"","_monsterinsights_sitenote_category":0},"product_brand":[],"product_cat":[127,357],"product_tag":[],"class_list":{"0":"post-1031720","1":"product","2":"type-product","3":"status-publish","4":"has-post-thumbnail","6":"product_cat-novella-contemporania","7":"product_cat-novela-contemporanea","9":"first","10":"instock","11":"taxable","12":"shipping-taxable","13":"purchasable","14":"product-type-simple"},"acf":{"autor":"KELLEN, ALICE","codart":"840830488","libros-coleccion":"FORA DE COL.LECCI\u00d3","ediciones":"1","encuadernacion":"R\u00fastica","fecha_de_publicacion":"01\/06\/2025","novedad":"1","paginas":"477","subtitulo":"","orden":"0","portada":"0","idioma":"spa","booktrailer":"","resenas":"","editorial":[{"ID":6233,"post_author":"3","post_date":"2022-07-28 17:47:48","post_date_gmt":"2022-07-28 15:47:48","post_content":"","post_title":"EDITORIAL PLANETA","post_excerpt":"","post_status":"publish","comment_status":"closed","ping_status":"closed","post_password":"","post_name":"editorial-planeta","to_ping":"","pinged":"","post_modified":"2022-07-28 17:47:48","post_modified_gmt":"2022-07-28 15:47:48","post_content_filtered":"","post_parent":0,"guid":"http:\/\/dev.claret.cat\/editorial\/editorial-planeta\/","menu_order":0,"post_type":"editorial","post_mime_type":"","comment_count":"0","filter":"raw"}]},"aioseo_notices":[],"_links":{"self":[{"href":"https:\/\/www.claret.cat\/es\/wp-json\/wp\/v2\/product\/1031720","targetHints":{"allow":["GET"]}}],"collection":[{"href":"https:\/\/www.claret.cat\/es\/wp-json\/wp\/v2\/product"}],"about":[{"href":"https:\/\/www.claret.cat\/es\/wp-json\/wp\/v2\/types\/product"}],"wp:featuredmedia":[{"embeddable":true,"href":"https:\/\/www.claret.cat\/es\/wp-json\/wp\/v2\/media\/1031721"}],"wp:attachment":[{"href":"https:\/\/www.claret.cat\/es\/wp-json\/wp\/v2\/media?parent=1031720"}],"wp:term":[{"taxonomy":"product_brand","embeddable":true,"href":"https:\/\/www.claret.cat\/es\/wp-json\/wp\/v2\/product_brand?post=1031720"},{"taxonomy":"product_cat","embeddable":true,"href":"https:\/\/www.claret.cat\/es\/wp-json\/wp\/v2\/product_cat?post=1031720"},{"taxonomy":"product_tag","embeddable":true,"href":"https:\/\/www.claret.cat\/es\/wp-json\/wp\/v2\/product_tag?post=1031720"}],"curies":[{"name":"wp","href":"https:\/\/api.w.org\/{rel}","templated":true}]}}