{"id":1031759,"date":"2025-06-10T18:36:16","date_gmt":"2025-06-10T16:36:16","guid":{"rendered":"https:\/\/www.claret.cat\/llibre\/goat-messi-vs-ronaldo-9788408302469\/"},"modified":"2026-04-07T17:11:54","modified_gmt":"2026-04-07T15:11:54","slug":"goat-messi-vs-ronaldo-9788408302469","status":"publish","type":"product","link":"https:\/\/www.claret.cat\/es\/libro\/goat-messi-vs-ronaldo-9788408302469\/","title":{"rendered":"GOAT. MESSI VS. RONALDO"},"content":{"rendered":"<p>Y para ti \u00bfqui\u00e9n es el GOAT?<br \/> La nueva serie de Matt Oldfield, autor superventas, y Seth Burkett, exfutbolista profesional, aborda la peliaguda pregunta que todos los fan\u00e1ticos del f\u00fatbol y muchos medios deportivos se empe\u00f1an en responder: \u00bfqui\u00e9n es el GOAT?<br \/> Cada libro enfrentar\u00e1 a dos de los jugadores m\u00e1s grandes y mejores del mundo en una batalla por la corona, comenzando con el enfrentamiento de dos superestrellas como Lionel Messi y Cristiano Ronaldo.<br \/> Llena de acci\u00f3n y repleta de datos detallados, curiosidades, estad\u00edsticas e ilustraciones, esta es la nueva serie coleccionable perfecta para los fans del deporte rey.<\/p>\n","protected":false},"excerpt":{"rendered":"<p>OLDFIELD, MATT \/ BURKETT, SETH<\/p>\n","protected":false},"featured_media":1031760,"template":"","meta":{"_acf_changed":false,"om_disable_all_campaigns":false,"rs_blank_template":"","rs_page_bg_color":"","slide_template_v7":"","inline_featured_image":false,"_monsterinsights_skip_tracking":false,"_monsterinsights_sitenote_active":false,"_monsterinsights_sitenote_note":"","_monsterinsights_sitenote_category":0},"product_brand":[],"product_cat":[133,363],"product_tag":[],"class_list":{"0":"post-1031759","1":"product","2":"type-product","3":"status-publish","4":"has-post-thumbnail","6":"product_cat-lectures-per-adolescents-12-18-anys","7":"product_cat-lecturas-por-adolescentes-12-18-anos","9":"first","10":"instock","11":"taxable","12":"shipping-taxable","13":"purchasable","14":"product-type-simple"},"acf":{"autor":"OLDFIELD, MATT \/ BURKETT, SETH","codart":"840830246","libros-coleccion":"FORA DE COL.LECCI\u00d3","ediciones":"1","encuadernacion":"R\u00fastica","fecha_de_publicacion":"01\/06\/2025","novedad":"1","paginas":"159","subtitulo":"","orden":"0","portada":"0","idioma":"spa","booktrailer":"","resenas":"","editorial":[{"ID":6233,"post_author":"3","post_date":"2022-07-28 17:47:48","post_date_gmt":"2022-07-28 15:47:48","post_content":"","post_title":"EDITORIAL PLANETA","post_excerpt":"","post_status":"publish","comment_status":"closed","ping_status":"closed","post_password":"","post_name":"editorial-planeta","to_ping":"","pinged":"","post_modified":"2022-07-28 17:47:48","post_modified_gmt":"2022-07-28 15:47:48","post_content_filtered":"","post_parent":0,"guid":"http:\/\/dev.claret.cat\/editorial\/editorial-planeta\/","menu_order":0,"post_type":"editorial","post_mime_type":"","comment_count":"0","filter":"raw"}]},"aioseo_notices":[],"_links":{"self":[{"href":"https:\/\/www.claret.cat\/es\/wp-json\/wp\/v2\/product\/1031759","targetHints":{"allow":["GET"]}}],"collection":[{"href":"https:\/\/www.claret.cat\/es\/wp-json\/wp\/v2\/product"}],"about":[{"href":"https:\/\/www.claret.cat\/es\/wp-json\/wp\/v2\/types\/product"}],"wp:featuredmedia":[{"embeddable":true,"href":"https:\/\/www.claret.cat\/es\/wp-json\/wp\/v2\/media\/1031760"}],"wp:attachment":[{"href":"https:\/\/www.claret.cat\/es\/wp-json\/wp\/v2\/media?parent=1031759"}],"wp:term":[{"taxonomy":"product_brand","embeddable":true,"href":"https:\/\/www.claret.cat\/es\/wp-json\/wp\/v2\/product_brand?post=1031759"},{"taxonomy":"product_cat","embeddable":true,"href":"https:\/\/www.claret.cat\/es\/wp-json\/wp\/v2\/product_cat?post=1031759"},{"taxonomy":"product_tag","embeddable":true,"href":"https:\/\/www.claret.cat\/es\/wp-json\/wp\/v2\/product_tag?post=1031759"}],"curies":[{"name":"wp","href":"https:\/\/api.w.org\/{rel}","templated":true}]}}