{"id":1031822,"date":"2025-06-10T19:25:48","date_gmt":"2025-06-10T17:25:48","guid":{"rendered":"https:\/\/www.claret.cat\/llibre\/jugamos-a-leer-mas-de-50-actividades-ludicas-de-comprension-lectora-5-anos-9788411582148\/"},"modified":"2025-06-10T19:40:39","modified_gmt":"2025-06-10T17:40:39","slug":"jugamos-a-leer-mas-de-50-actividades-ludicas-de-comprension-lectora-5-anos-9788411582148","status":"publish","type":"product","link":"https:\/\/www.claret.cat\/es\/libro\/jugamos-a-leer-mas-de-50-actividades-ludicas-de-comprension-lectora-5-anos-9788411582148\/","title":{"rendered":"\u00bfJUGAMOS A LEER? \u00a1M\u00c1S DE 50 ACTIVIDADES L\u00daDICAS DE COMPRENSI\u00d3N LECTORA! 5 A\u00d1OS"},"content":{"rendered":"<p>Un cuaderno sobre diferentes temas de inter\u00e9s de los ni\u00f1os y las ni\u00f1as. Propone actividades de lectura divertidas en las que se trabajan distintos mecanismos para mejorar la descodificaci\u00f3n y la comprensi\u00f3n lectora.<\/p>\n","protected":false},"excerpt":{"rendered":"<p>BADIA CANTARERO, M\u00d2NICA<\/p>\n","protected":false},"featured_media":1031823,"template":"","meta":{"_acf_changed":false,"om_disable_all_campaigns":false,"rs_blank_template":"","rs_page_bg_color":"","slide_template_v7":"","inline_featured_image":false,"_monsterinsights_skip_tracking":false,"_monsterinsights_sitenote_active":false,"_monsterinsights_sitenote_note":"","_monsterinsights_sitenote_category":0},"product_brand":[],"product_cat":[131,333,361,122],"product_tag":[],"class_list":{"0":"post-1031822","1":"product","2":"type-product","3":"status-publish","4":"has-post-thumbnail","6":"product_cat-contes-per-infants-0-6-anys","7":"product_cat-cuadernos-de-vacaciones","8":"product_cat-cuentos-para-ninos-0-6-anos","9":"product_cat-quaderns-de-vacances","11":"first","12":"instock","13":"taxable","14":"shipping-taxable","15":"purchasable","16":"product-type-simple"},"acf":{"autor":"BADIA CANTARERO, M\u00d2NICA","codart":"841158214","libros-coleccion":"FORA DE COL.LECCI\u00d3","ediciones":"1","encuadernacion":"R\u00fastica","fecha_de_publicacion":"01\/02\/2025","novedad":"1","paginas":"40","subtitulo":"","orden":"0","portada":"0","idioma":"spa","booktrailer":"","resenas":"","editorial":[{"ID":147649,"post_author":"3","post_date":"2022-10-14 11:52:11","post_date_gmt":"2022-10-14 09:52:11","post_content":"","post_title":"COMBEL EDITORIAL","post_excerpt":"","post_status":"publish","comment_status":"closed","ping_status":"closed","post_password":"","post_name":"combel-editorial","to_ping":"","pinged":"","post_modified":"2022-10-14 11:52:11","post_modified_gmt":"2022-10-14 09:52:11","post_content_filtered":"","post_parent":0,"guid":"http:\/\/dev.claret.cat\/editorial\/combel-editorial\/","menu_order":0,"post_type":"editorial","post_mime_type":"","comment_count":"0","filter":"raw"}]},"aioseo_notices":[],"_links":{"self":[{"href":"https:\/\/www.claret.cat\/es\/wp-json\/wp\/v2\/product\/1031822","targetHints":{"allow":["GET"]}}],"collection":[{"href":"https:\/\/www.claret.cat\/es\/wp-json\/wp\/v2\/product"}],"about":[{"href":"https:\/\/www.claret.cat\/es\/wp-json\/wp\/v2\/types\/product"}],"wp:featuredmedia":[{"embeddable":true,"href":"https:\/\/www.claret.cat\/es\/wp-json\/wp\/v2\/media\/1031823"}],"wp:attachment":[{"href":"https:\/\/www.claret.cat\/es\/wp-json\/wp\/v2\/media?parent=1031822"}],"wp:term":[{"taxonomy":"product_brand","embeddable":true,"href":"https:\/\/www.claret.cat\/es\/wp-json\/wp\/v2\/product_brand?post=1031822"},{"taxonomy":"product_cat","embeddable":true,"href":"https:\/\/www.claret.cat\/es\/wp-json\/wp\/v2\/product_cat?post=1031822"},{"taxonomy":"product_tag","embeddable":true,"href":"https:\/\/www.claret.cat\/es\/wp-json\/wp\/v2\/product_tag?post=1031822"}],"curies":[{"name":"wp","href":"https:\/\/api.w.org\/{rel}","templated":true}]}}