{"id":1031832,"date":"2025-06-10T19:30:11","date_gmt":"2025-06-10T17:30:11","guid":{"rendered":"https:\/\/www.claret.cat\/llibre\/juguem-a-llegir-mes-de-50-activitats-ludiques-de-comprensio-lectora-6-anys-9788411582155\/"},"modified":"2025-07-22T13:10:11","modified_gmt":"2025-07-22T11:10:11","slug":"juguem-a-llegir-mes-de-50-activitats-ludiques-de-comprensio-lectora-6-anys-9788411582155","status":"publish","type":"product","link":"https:\/\/www.claret.cat\/es\/libro\/juguem-a-llegir-mes-de-50-activitats-ludiques-de-comprensio-lectora-6-anys-9788411582155\/","title":{"rendered":"JUGUEM A LLEGIR? M\u00c9S DE 50 ACTIVITATS L\u00daDIQUES DE COMPRENSI\u00d3 LECTORA! 6 ANYS"},"content":{"rendered":"<p>Un quadern sobre diferents temes d&#8221;inter\u00e8s per als nens i les nenes. Proposa activitats divertides de lectura que treballen diferents mecanismes per millorar la descodificaci\u00f3 i la comprensi\u00f3 lectora.<\/p>\n","protected":false},"excerpt":{"rendered":"<p>BADIA CANTARERO, M\u00d2NICA<\/p>\n","protected":false},"featured_media":1031833,"template":"","meta":{"_acf_changed":false,"om_disable_all_campaigns":false,"rs_blank_template":"","rs_page_bg_color":"","slide_template_v7":"","inline_featured_image":false,"_monsterinsights_skip_tracking":false,"_monsterinsights_sitenote_active":false,"_monsterinsights_sitenote_note":"","_monsterinsights_sitenote_category":0},"product_brand":[],"product_cat":[132,333,362,122],"product_tag":[],"class_list":{"0":"post-1031832","1":"product","2":"type-product","3":"status-publish","4":"has-post-thumbnail","6":"product_cat-lectures-per-preadolescents-6-12-anys","7":"product_cat-cuadernos-de-vacaciones","8":"product_cat-libros-preadolescentes-6-12-anos","9":"product_cat-quaderns-de-vacances","11":"first","12":"instock","13":"taxable","14":"shipping-taxable","15":"purchasable","16":"product-type-simple"},"acf":{"autor":"BADIA CANTARERO, M\u00d2NICA","codart":"841158215","libros-coleccion":"FORA DE COL.LECCI\u00d3","ediciones":"1","encuadernacion":"R\u00fastica","fecha_de_publicacion":"01\/02\/2025","novedad":"1","paginas":"40","subtitulo":"","orden":"0","portada":"0","idioma":"cat","booktrailer":"","resenas":"","editorial":[{"ID":147649,"post_author":"3","post_date":"2022-10-14 11:52:11","post_date_gmt":"2022-10-14 09:52:11","post_content":"","post_title":"COMBEL EDITORIAL","post_excerpt":"","post_status":"publish","comment_status":"closed","ping_status":"closed","post_password":"","post_name":"combel-editorial","to_ping":"","pinged":"","post_modified":"2022-10-14 11:52:11","post_modified_gmt":"2022-10-14 09:52:11","post_content_filtered":"","post_parent":0,"guid":"http:\/\/dev.claret.cat\/editorial\/combel-editorial\/","menu_order":0,"post_type":"editorial","post_mime_type":"","comment_count":"0","filter":"raw"}]},"aioseo_notices":[],"_links":{"self":[{"href":"https:\/\/www.claret.cat\/es\/wp-json\/wp\/v2\/product\/1031832","targetHints":{"allow":["GET"]}}],"collection":[{"href":"https:\/\/www.claret.cat\/es\/wp-json\/wp\/v2\/product"}],"about":[{"href":"https:\/\/www.claret.cat\/es\/wp-json\/wp\/v2\/types\/product"}],"wp:featuredmedia":[{"embeddable":true,"href":"https:\/\/www.claret.cat\/es\/wp-json\/wp\/v2\/media\/1031833"}],"wp:attachment":[{"href":"https:\/\/www.claret.cat\/es\/wp-json\/wp\/v2\/media?parent=1031832"}],"wp:term":[{"taxonomy":"product_brand","embeddable":true,"href":"https:\/\/www.claret.cat\/es\/wp-json\/wp\/v2\/product_brand?post=1031832"},{"taxonomy":"product_cat","embeddable":true,"href":"https:\/\/www.claret.cat\/es\/wp-json\/wp\/v2\/product_cat?post=1031832"},{"taxonomy":"product_tag","embeddable":true,"href":"https:\/\/www.claret.cat\/es\/wp-json\/wp\/v2\/product_tag?post=1031832"}],"curies":[{"name":"wp","href":"https:\/\/api.w.org\/{rel}","templated":true}]}}