{"id":1032067,"date":"2025-06-11T11:15:39","date_gmt":"2025-06-11T09:15:39","guid":{"rendered":"https:\/\/www.claret.cat\/llibre\/convergencias-9788429332544\/"},"modified":"2026-03-02T17:55:31","modified_gmt":"2026-03-02T16:55:31","slug":"convergencias-9788429332544","status":"publish","type":"product","link":"https:\/\/www.claret.cat\/es\/libro\/convergencias-9788429332544\/","title":{"rendered":"CONVERGENCIAS"},"content":{"rendered":"<p><strong>Cuarenta vidas inspiradas por Teilhard de Chardin: fe, ciencia y comuni\u00f3n c\u00f3smica.<\/strong><\/p>\n<p> En este libro coral, <strong>Juan V. Fern\u00e1ndez de la Gala<\/strong> re\u00fane los testimonios de <strong>cuarenta personas<\/strong> \u2014cient\u00edficos, te\u00f3logos, religiosos y buscadores\u2014 cuyas vidas fueron transformadas por la visi\u00f3n <strong>teilhardiana<\/strong>. Una obra que explora la profunda relaci\u00f3n entre <strong>fe y ciencia<\/strong>, <strong>cuerpo y esp\u00edritu<\/strong>, <strong>evoluci\u00f3n<\/strong> y <strong>esperanza<\/strong>.<\/p>\n<p>Desde la <strong>Amazon\u00eda<\/strong> hasta <strong>Roma<\/strong>, pasando por laboratorios, aulas y comunidades, cada relato muestra una historia de transformaci\u00f3n personal y colectiva. M\u00e1s que un homenaje, este libro es un <strong>mapa de caminos nuevos<\/strong>, donde la <strong>materia se vuelve sacramento<\/strong> y el <strong>Cristo universal<\/strong> convoca a la <strong>comuni\u00f3n c\u00f3smica<\/strong>.<\/p>\n<p>Una lectura que invita a la reflexi\u00f3n cr\u00edtica y acompa\u00f1a en el camino hacia una comprensi\u00f3n m\u00e1s amplia y esperanzadora de la espiritualidad contempor\u00e1nea.<\/p>\n","protected":false},"excerpt":{"rendered":"<p>FERN\u00c1NDEZ DE LA GALA, JUAN V.<\/p>\n","protected":false},"featured_media":1032829,"template":"","meta":{"_acf_changed":false,"om_disable_all_campaigns":false,"rs_blank_template":"","rs_page_bg_color":"","slide_template_v7":"","inline_featured_image":false,"_monsterinsights_skip_tracking":false,"_monsterinsights_sitenote_active":false,"_monsterinsights_sitenote_note":"","_monsterinsights_sitenote_category":0},"product_brand":[],"product_cat":[485,232,494,244],"product_tag":[],"class_list":{"0":"post-1032067","1":"product","2":"type-product","3":"status-publish","4":"has-post-thumbnail","6":"product_cat-autores-espiritualidad-1_espiritualidad","7":"product_cat-autors-espiritualitat","8":"product_cat-ignaciana-espiritualidad-1_espiritualidad","9":"product_cat-ignaciana","11":"first","12":"instock","13":"taxable","14":"shipping-taxable","15":"purchasable","16":"product-type-simple"},"acf":{"autor":"FERN\u00c1NDEZ DE LA GALA, JUAN V.","codart":"842933254","libros-coleccion":"SAL TERRAE- SERVIDORES Y TESTIGOS","ediciones":"1","encuadernacion":"R\u00fastica","fecha_de_publicacion":"28\/05\/2025","novedad":"1","paginas":"292","subtitulo":"CUARENTA ENCUENTROS CON TEILHARD DE CHARDIN ","orden":"0","portada":"1","idioma":"spa","booktrailer":"","resenas":"","editorial":[{"ID":6351,"post_author":"3","post_date":"2022-07-28 17:50:19","post_date_gmt":"2022-07-28 15:50:19","post_content":"","post_title":"Sal Terrae","post_excerpt":"","post_status":"publish","comment_status":"closed","ping_status":"closed","post_password":"","post_name":"sal-terrae","to_ping":"","pinged":"","post_modified":"2022-07-28 17:50:19","post_modified_gmt":"2022-07-28 15:50:19","post_content_filtered":"","post_parent":0,"guid":"http:\/\/dev.claret.cat\/editorial\/sal-terrae\/","menu_order":0,"post_type":"editorial","post_mime_type":"","comment_count":"0","filter":"raw"}]},"aioseo_notices":[],"_links":{"self":[{"href":"https:\/\/www.claret.cat\/es\/wp-json\/wp\/v2\/product\/1032067","targetHints":{"allow":["GET"]}}],"collection":[{"href":"https:\/\/www.claret.cat\/es\/wp-json\/wp\/v2\/product"}],"about":[{"href":"https:\/\/www.claret.cat\/es\/wp-json\/wp\/v2\/types\/product"}],"wp:featuredmedia":[{"embeddable":true,"href":"https:\/\/www.claret.cat\/es\/wp-json\/wp\/v2\/media\/1032829"}],"wp:attachment":[{"href":"https:\/\/www.claret.cat\/es\/wp-json\/wp\/v2\/media?parent=1032067"}],"wp:term":[{"taxonomy":"product_brand","embeddable":true,"href":"https:\/\/www.claret.cat\/es\/wp-json\/wp\/v2\/product_brand?post=1032067"},{"taxonomy":"product_cat","embeddable":true,"href":"https:\/\/www.claret.cat\/es\/wp-json\/wp\/v2\/product_cat?post=1032067"},{"taxonomy":"product_tag","embeddable":true,"href":"https:\/\/www.claret.cat\/es\/wp-json\/wp\/v2\/product_tag?post=1032067"}],"curies":[{"name":"wp","href":"https:\/\/api.w.org\/{rel}","templated":true}]}}