{"id":103224,"date":"2022-10-12T08:32:10","date_gmt":"2022-10-12T06:32:10","guid":{"rendered":"http:\/\/dev.claret.cat\/producte\/sapiens-el-naixement-de-la-humanitat\/"},"modified":"2024-01-31T20:04:15","modified_gmt":"2024-01-31T19:04:15","slug":"sapiens-el-naixement-de-la-humanitat-9788429778861","status":"publish","type":"product","link":"https:\/\/www.claret.cat\/es\/libro\/sapiens-el-naixement-de-la-humanitat-9788429778861\/","title":{"rendered":"S\u00c0PIENS. EL NAIXEMENT DE LA HUMANITAT"},"content":{"rendered":"<p>S\u00e0piens. Una breu hist\u00f2ria de la humanitat, de l&#8221;historiador Yuval Noah Harari,\u00a0 ha estat un del llibres m\u00e9s influents d&#8221;assaig per als adults de les darreres d\u00e8cades, tant a Catalunya (on fa sis anys que \u00e9s a les llistes de m\u00e9s venuts) com a tot el m\u00f3n.<br \/> Ara, per poder divulgar encara m\u00e9s els seus coneixements, Yuval Noah Harari ens proposa un projecte molt estimulant: una novel\u00b7la gr\u00e0fica, o c\u00f2mic, en qu\u00e8 adapta per als lectors joves i adults el contingut del seu assaig. L&#8221;il\u00b7lustrador Daniel Casanave, David Vanderneulen, i Yuval Noah Harari ens expliquen amb humor el naixement de la humanitat des de l&#8221;aparici\u00f3 de l&#8221;Homo S\u00e0piens a la revoluci\u00f3 agr\u00edcola. I consistir\u00e0 en 240 p\u00e0gines il\u00b7lustrades a tot color i amb les corresponents vinyetes que explicaran la revoluci\u00f3 cognitiva d&#8221;una manera atractiva i assequible per als lectors adolescents i joves.<br \/> 240 p\u00e0gines il\u00b7lustrades a tot color que expliquen el naixement de la humanitat d&#8221;una manera atractiva i divulgativa\u00a0per als lectors de totes les edats.<\/p>\n","protected":false},"excerpt":{"rendered":"<p>NOAH HARARI, YUVAL<\/p>\n","protected":false},"featured_media":103225,"template":"","meta":{"_acf_changed":false,"om_disable_all_campaigns":false,"rs_blank_template":"","rs_page_bg_color":"","slide_template_v7":"","inline_featured_image":false,"_monsterinsights_skip_tracking":false,"_monsterinsights_sitenote_active":false,"_monsterinsights_sitenote_note":"","_monsterinsights_sitenote_category":0},"product_brand":[],"product_cat":[558,108,147,426],"product_tag":[],"class_list":{"0":"post-103224","1":"product","2":"type-product","3":"status-publish","4":"has-post-thumbnail","6":"product_cat-comic-3_infantil-juvenil-spa-spa","7":"product_cat-comic","8":"product_cat-prehistoria","9":"product_cat-prehistoria-historia-2_humanidades","11":"first","12":"instock","13":"taxable","14":"shipping-taxable","15":"purchasable","16":"product-type-simple"},"acf":{"editorial":[{"ID":6210,"post_author":"3","post_date":"2022-07-28 17:47:13","post_date_gmt":"2022-07-28 15:47:13","post_content":"","post_title":"Edicions 62","post_excerpt":"","post_status":"publish","comment_status":"closed","ping_status":"closed","post_password":"","post_name":"edicions-62","to_ping":"","pinged":"","post_modified":"2022-07-28 17:47:13","post_modified_gmt":"2022-07-28 15:47:13","post_content_filtered":"","post_parent":0,"guid":"http:\/\/dev.claret.cat\/editorial\/edicions-62\/","menu_order":0,"post_type":"editorial","post_mime_type":"","comment_count":"0","filter":"raw"}],"autores-libros":[{"ID":6105,"post_author":"3","post_date":"2022-07-28 17:38:17","post_date_gmt":"2022-07-28 15:38:17","post_content":"","post_title":"YUVAL NOAH HARARI","post_excerpt":"","post_status":"publish","comment_status":"closed","ping_status":"closed","post_password":"","post_name":"yuval-noah-harari","to_ping":"","pinged":"","post_modified":"2022-07-28 17:38:17","post_modified_gmt":"2022-07-28 15:38:17","post_content_filtered":"","post_parent":0,"guid":"http:\/\/dev.claret.cat\/autor\/yuval-noah-harari\/","menu_order":0,"post_type":"autor","post_mime_type":"","comment_count":"0","filter":"raw"}],"autor":"NOAH HARARI, YUVAL","codart":"842977886","libros-coleccion":"FORA DE COL.LECCI\u00d3","ediciones":"1","encuadernacion":"Carton\u00e9","fecha_de_publicacion":"01\/10\/2020","novedad":"1","paginas":"245","subtitulo":"","orden":"0","portada":"0","idioma":"cat"},"aioseo_notices":[],"_links":{"self":[{"href":"https:\/\/www.claret.cat\/es\/wp-json\/wp\/v2\/product\/103224","targetHints":{"allow":["GET"]}}],"collection":[{"href":"https:\/\/www.claret.cat\/es\/wp-json\/wp\/v2\/product"}],"about":[{"href":"https:\/\/www.claret.cat\/es\/wp-json\/wp\/v2\/types\/product"}],"wp:featuredmedia":[{"embeddable":true,"href":"https:\/\/www.claret.cat\/es\/wp-json\/wp\/v2\/media\/103225"}],"wp:attachment":[{"href":"https:\/\/www.claret.cat\/es\/wp-json\/wp\/v2\/media?parent=103224"}],"wp:term":[{"taxonomy":"product_brand","embeddable":true,"href":"https:\/\/www.claret.cat\/es\/wp-json\/wp\/v2\/product_brand?post=103224"},{"taxonomy":"product_cat","embeddable":true,"href":"https:\/\/www.claret.cat\/es\/wp-json\/wp\/v2\/product_cat?post=103224"},{"taxonomy":"product_tag","embeddable":true,"href":"https:\/\/www.claret.cat\/es\/wp-json\/wp\/v2\/product_tag?post=103224"}],"curies":[{"name":"wp","href":"https:\/\/api.w.org\/{rel}","templated":true}]}}