{"id":1032245,"date":"2025-06-11T12:50:35","date_gmt":"2025-06-11T10:50:35","guid":{"rendered":"https:\/\/www.claret.cat\/llibre\/cultura-general-para-curiosos-xl-9788410206649\/"},"modified":"2025-06-11T12:51:22","modified_gmt":"2025-06-11T10:51:22","slug":"cultura-general-para-curiosos-xl-9788410206649","status":"publish","type":"product","link":"https:\/\/www.claret.cat\/es\/libro\/cultura-general-para-curiosos-xl-9788410206649\/","title":{"rendered":"CULTURA GENERAL PARA CURIOSOS (XL)"},"content":{"rendered":"<p>La curiosidad es esencial: desarrolla el pensamiento cr\u00edtico, la resoluci\u00f3n de problemas, la memoria y la creatividad. Plantearnos preguntas y buscar respuestas es imprescindible para formarnos como personas.<br \/> En este libro encontrar\u00e1s m\u00e1s de 100 preguntas apasionantes, y sus respuestas, con un sinf\u00edn de curiosidades. \u00bfEst\u00e1s preparado para ampliar tus conocimientos y llegar a saberlo casi todo?<\/p>\n","protected":false},"excerpt":{"rendered":"<p>CASAS\u00cdN, ALBERT<\/p>\n","protected":false},"featured_media":1032246,"template":"","meta":{"_acf_changed":false,"om_disable_all_campaigns":false,"rs_blank_template":"","rs_page_bg_color":"","slide_template_v7":"","inline_featured_image":false,"_monsterinsights_skip_tracking":false,"_monsterinsights_sitenote_active":false,"_monsterinsights_sitenote_note":"","_monsterinsights_sitenote_category":0},"product_brand":[],"product_cat":[551,101],"product_tag":[],"class_list":{"0":"post-1032245","1":"product","2":"type-product","3":"status-publish","4":"has-post-thumbnail","6":"product_cat-manualidades","7":"product_cat-manualitats","9":"first","10":"instock","11":"taxable","12":"shipping-taxable","13":"purchasable","14":"product-type-simple"},"acf":{"autor":"CASAS\u00cdN, ALBERT","codart":"841020664","libros-coleccion":"FORA DE COL.LECCI\u00d3","ediciones":"1","encuadernacion":"R\u00fastica","fecha_de_publicacion":"01\/06\/2025","novedad":"1","paginas":"0","subtitulo":"","orden":"0","portada":"0","idioma":"spa","booktrailer":"","resenas":"","editorial":[{"ID":147917,"post_author":"3","post_date":"2022-10-14 11:54:14","post_date_gmt":"2022-10-14 09:54:14","post_content":"","post_title":"EDITORIAL ALMA","post_excerpt":"","post_status":"publish","comment_status":"closed","ping_status":"closed","post_password":"","post_name":"editorial-alma","to_ping":"","pinged":"","post_modified":"2022-10-14 11:54:14","post_modified_gmt":"2022-10-14 09:54:14","post_content_filtered":"","post_parent":0,"guid":"http:\/\/dev.claret.cat\/editorial\/editorial-alma\/","menu_order":0,"post_type":"editorial","post_mime_type":"","comment_count":"0","filter":"raw"}]},"aioseo_notices":[],"_links":{"self":[{"href":"https:\/\/www.claret.cat\/es\/wp-json\/wp\/v2\/product\/1032245","targetHints":{"allow":["GET"]}}],"collection":[{"href":"https:\/\/www.claret.cat\/es\/wp-json\/wp\/v2\/product"}],"about":[{"href":"https:\/\/www.claret.cat\/es\/wp-json\/wp\/v2\/types\/product"}],"wp:featuredmedia":[{"embeddable":true,"href":"https:\/\/www.claret.cat\/es\/wp-json\/wp\/v2\/media\/1032246"}],"wp:attachment":[{"href":"https:\/\/www.claret.cat\/es\/wp-json\/wp\/v2\/media?parent=1032245"}],"wp:term":[{"taxonomy":"product_brand","embeddable":true,"href":"https:\/\/www.claret.cat\/es\/wp-json\/wp\/v2\/product_brand?post=1032245"},{"taxonomy":"product_cat","embeddable":true,"href":"https:\/\/www.claret.cat\/es\/wp-json\/wp\/v2\/product_cat?post=1032245"},{"taxonomy":"product_tag","embeddable":true,"href":"https:\/\/www.claret.cat\/es\/wp-json\/wp\/v2\/product_tag?post=1032245"}],"curies":[{"name":"wp","href":"https:\/\/api.w.org\/{rel}","templated":true}]}}