{"id":1032259,"date":"2025-06-11T13:15:25","date_gmt":"2025-06-11T11:15:25","guid":{"rendered":"https:\/\/www.claret.cat\/llibre\/la-alternativa-ecologica-9788419779267\/"},"modified":"2026-02-25T13:10:11","modified_gmt":"2026-02-25T12:10:11","slug":"la-alternativa-ecologica-9788419779267","status":"publish","type":"product","link":"https:\/\/www.claret.cat\/es\/libro\/la-alternativa-ecologica-9788419779267\/","title":{"rendered":"LA ALTERNATIVA ECOL\u00d3GICA"},"content":{"rendered":"<p>Una profunda reflexi\u00f3n sobre la responsabilidad ecol\u00f3gica cristiana, la gesti\u00f3n sostenible de nuestros recursos naturales y la necesaria armon\u00eda entre la humanidad y nuestro precioso planeta.<\/p>\n<p>A trav\u00e9s de perspectivas inspiradoras Xabier Pikaza nos invita a considerar nuestro papel como guardianes de Dios de la Tierra, fomentando un cambio positivo responsable para un futuro m\u00e1s equitativo y sostenible.<\/p>\n<p>En una sociedad en donde la autodestrucci\u00f3n sobrepasa todos los aspectos del ser humano, el autor hace un llamado a lo que denomina &#8216;conversi\u00f3n ecol\u00f3gica&#8217; donde no solo se necesita la renovaci\u00f3n de los valores, sino tambi\u00e9n de los patrones destructivos de la modernidad para evitar una ruina ecol\u00f3gica.<\/p>\n<p>Xabier Pikaza nos ense\u00f1a:<br \/>La importancia de las tradiciones espirituales y culturales en la comprensi\u00f3n de la ecolog\u00eda.<br \/>La sabidur\u00eda religiosa tradicional como apoyo hacia un futuro m\u00e1s sostenible.<br \/>Un di\u00e1logo con las ense\u00f1anzas fundamentales del cristianismo para una ecolog\u00eda transformadora.<br \/>Tomar conciencia de nuestra responsabilidad y realizar un compromiso ante todas las formas de vida.<\/p>\n","protected":false},"excerpt":{"rendered":"<p>PIKAZA,XABIER<\/p>\n","protected":false},"featured_media":1086196,"template":"","meta":{"_acf_changed":false,"om_disable_all_campaigns":false,"rs_blank_template":"","rs_page_bg_color":"","slide_template_v7":"","inline_featured_image":false,"_monsterinsights_skip_tracking":false,"_monsterinsights_sitenote_active":false,"_monsterinsights_sitenote_note":"","_monsterinsights_sitenote_category":0},"product_brand":[],"product_cat":[485,232],"product_tag":[],"class_list":{"0":"post-1032259","1":"product","2":"type-product","3":"status-publish","4":"has-post-thumbnail","6":"product_cat-autores-espiritualidad-1_espiritualidad","7":"product_cat-autors-espiritualitat","9":"first","10":"instock","11":"taxable","12":"shipping-taxable","13":"purchasable","14":"product-type-simple"},"acf":{"autor":"PIKAZA,XABIER","codart":"841977926","libros-coleccion":"","ediciones":"1","encuadernacion":"Carpeta","fecha_de_publicacion":"01\/05\/2024","novedad":"1","paginas":"304","subtitulo":"","orden":"0","portada":"0","idioma":"spa","booktrailer":"","resenas":"","editorial":[{"ID":147640,"post_author":"3","post_date":"2022-10-14 11:52:07","post_date_gmt":"2022-10-14 09:52:07","post_content":"","post_title":"Clie","post_excerpt":"","post_status":"publish","comment_status":"closed","ping_status":"closed","post_password":"","post_name":"clie","to_ping":"","pinged":"","post_modified":"2022-10-14 11:52:07","post_modified_gmt":"2022-10-14 09:52:07","post_content_filtered":"","post_parent":0,"guid":"http:\/\/dev.claret.cat\/editorial\/clie\/","menu_order":0,"post_type":"editorial","post_mime_type":"","comment_count":"0","filter":"raw"}]},"aioseo_notices":[],"_links":{"self":[{"href":"https:\/\/www.claret.cat\/es\/wp-json\/wp\/v2\/product\/1032259","targetHints":{"allow":["GET"]}}],"collection":[{"href":"https:\/\/www.claret.cat\/es\/wp-json\/wp\/v2\/product"}],"about":[{"href":"https:\/\/www.claret.cat\/es\/wp-json\/wp\/v2\/types\/product"}],"wp:featuredmedia":[{"embeddable":true,"href":"https:\/\/www.claret.cat\/es\/wp-json\/wp\/v2\/media\/1086196"}],"wp:attachment":[{"href":"https:\/\/www.claret.cat\/es\/wp-json\/wp\/v2\/media?parent=1032259"}],"wp:term":[{"taxonomy":"product_brand","embeddable":true,"href":"https:\/\/www.claret.cat\/es\/wp-json\/wp\/v2\/product_brand?post=1032259"},{"taxonomy":"product_cat","embeddable":true,"href":"https:\/\/www.claret.cat\/es\/wp-json\/wp\/v2\/product_cat?post=1032259"},{"taxonomy":"product_tag","embeddable":true,"href":"https:\/\/www.claret.cat\/es\/wp-json\/wp\/v2\/product_tag?post=1032259"}],"curies":[{"name":"wp","href":"https:\/\/api.w.org\/{rel}","templated":true}]}}