{"id":1032367,"date":"2025-06-11T16:20:22","date_gmt":"2025-06-11T14:20:22","guid":{"rendered":"https:\/\/www.claret.cat\/llibre\/recordar-la-santidad-en-la-iglesia-particular-9788419797346\/"},"modified":"2025-07-18T16:16:38","modified_gmt":"2025-07-18T14:16:38","slug":"recordar-la-santidad-en-la-iglesia-particular-9788419797346","status":"publish","type":"product","link":"https:\/\/www.claret.cat\/es\/libro\/recordar-la-santidad-en-la-iglesia-particular-9788419797346\/","title":{"rendered":"RECORDAR LA SANTIDAD EN LA IGLESIA PARTICULAR"},"content":{"rendered":"<p>Estas orientaciones pastorales, aprobadas por la Conferencia Episcopal Espa\u00f1ola, surgen de la invitaci\u00f3n del papa Francisco a recordar la santidad en las Iglesias particulares, especialmente a los santos, beatos, venerables y siervos de Dios locales. Subraya la llamada universal a la santidad para todos los bautizados y destaca la importancia de conocer y honrar a estos testigos cercanos que inspiran el camino cristiano. El documento explica las distintas etapas del proceso can\u00f3nico (siervo de Dios, venerable, beato, santo) y propone diversas acciones<\/p>\n<p>pastorales (publicaciones, rutas, jornadas de estudio, uso de medios de comunicaci\u00f3n) para difundir su ejemplo<\/p>\n<p>y fomentar una aut\u00e9ntica pastoral de la santidad en las di\u00f3cesis de toda Espa\u00f1a.<\/p>\n","protected":false},"excerpt":{"rendered":"<p>CONFERENCIA EPISCOPAL ESPA\u00d1OLA<\/p>\n","protected":false},"featured_media":1047396,"template":"","meta":{"_acf_changed":false,"om_disable_all_campaigns":false,"rs_blank_template":"","rs_page_bg_color":"","slide_template_v7":"","inline_featured_image":false,"_monsterinsights_skip_tracking":false,"_monsterinsights_sitenote_active":false,"_monsterinsights_sitenote_note":"","_monsterinsights_sitenote_category":0},"product_brand":[],"product_cat":[410,272],"product_tag":[],"class_list":{"0":"post-1032367","1":"product","2":"type-product","3":"status-publish","4":"has-post-thumbnail","6":"product_cat-especiales","7":"product_cat-especials","9":"first","10":"instock","11":"taxable","12":"shipping-taxable","13":"purchasable","14":"product-type-simple"},"acf":{"autor":"CONFERENCIA EPISCOPAL ESPA\u00d1OLA","codart":"841979734","libros-coleccion":"Documentos","ediciones":"1","encuadernacion":"R\u00fastica","fecha_de_publicacion":"11\/06\/2025","novedad":"1","paginas":"40","subtitulo":"ORIENTACIONES PASTORALES PARA RECORDAR A LOS SANTOS, BEATOS, VENERABLES Y SIERVO","orden":"999","portada":"0","idioma":"spa","booktrailer":"","resenas":"","editorial":[{"ID":147509,"post_author":"3","post_date":"2022-10-14 11:51:07","post_date_gmt":"2022-10-14 09:51:07","post_content":"","post_title":"B.A.C.","post_excerpt":"","post_status":"publish","comment_status":"closed","ping_status":"closed","post_password":"","post_name":"b-a-c","to_ping":"","pinged":"","post_modified":"2022-10-14 11:51:07","post_modified_gmt":"2022-10-14 09:51:07","post_content_filtered":"","post_parent":0,"guid":"http:\/\/dev.claret.cat\/editorial\/b-a-c\/","menu_order":0,"post_type":"editorial","post_mime_type":"","comment_count":"0","filter":"raw"}]},"aioseo_notices":[],"_links":{"self":[{"href":"https:\/\/www.claret.cat\/es\/wp-json\/wp\/v2\/product\/1032367","targetHints":{"allow":["GET"]}}],"collection":[{"href":"https:\/\/www.claret.cat\/es\/wp-json\/wp\/v2\/product"}],"about":[{"href":"https:\/\/www.claret.cat\/es\/wp-json\/wp\/v2\/types\/product"}],"wp:featuredmedia":[{"embeddable":true,"href":"https:\/\/www.claret.cat\/es\/wp-json\/wp\/v2\/media\/1047396"}],"wp:attachment":[{"href":"https:\/\/www.claret.cat\/es\/wp-json\/wp\/v2\/media?parent=1032367"}],"wp:term":[{"taxonomy":"product_brand","embeddable":true,"href":"https:\/\/www.claret.cat\/es\/wp-json\/wp\/v2\/product_brand?post=1032367"},{"taxonomy":"product_cat","embeddable":true,"href":"https:\/\/www.claret.cat\/es\/wp-json\/wp\/v2\/product_cat?post=1032367"},{"taxonomy":"product_tag","embeddable":true,"href":"https:\/\/www.claret.cat\/es\/wp-json\/wp\/v2\/product_tag?post=1032367"}],"curies":[{"name":"wp","href":"https:\/\/api.w.org\/{rel}","templated":true}]}}