{"id":103260,"date":"2022-10-12T08:32:40","date_gmt":"2022-10-12T06:32:40","guid":{"rendered":"http:\/\/dev.claret.cat\/producte\/mes-que-paraules\/"},"modified":"2023-01-28T11:40:26","modified_gmt":"2023-01-28T10:40:26","slug":"mes-que-paraules-9788494701641","status":"publish","type":"product","link":"https:\/\/www.claret.cat\/es\/libro\/mes-que-paraules-9788494701641\/","title":{"rendered":"M\u00c9S QUE PARAULES"},"content":{"rendered":"<p>&#8216;M\u00e9s que paraules&#8217; \u00e9s una compilaci\u00f3 d\u2019escrits que, articulats a partir de la idea aglutinant de configurar una llengua pr\u00f2xima als parlants, oferixen raonadament unes pautes d\u2019\u00fas per a desimboldre\u2019s amb naturalitat en valenci\u00e0 en les activitats de cada dia, defugint vulgarismes gratu\u00efts i estrid\u00e8ncies literaturitzants.Per\u00f2 &#8216;M\u00e9s que paraules&#8217; no \u00e9s sols un llibre sobre paraules \u2014imprescindible per a la formaci\u00f3 ling\u00fc\u00edstica de periodistes, professors, funcionaris, pol\u00edtics, fil\u00f2legs i qualsevol persona preocupada per l\u2019\u00fas adequat del valenci\u00e0\u2014, sin\u00f3 tamb\u00e9 un assaig de prosa amena a on es reflexiona ara i ad\u00e9s sobre la hist\u00f2ria del nostre poble i la necessitat d\u2019establir un marc de conviv\u00e8ncia harm\u00f2nic per a una societat multicultural.<\/p>\n","protected":false},"excerpt":{"rendered":"<p>LACREU CUESTA, JOSEP<\/p>\n","protected":false},"featured_media":103261,"template":"","meta":{"_acf_changed":false,"om_disable_all_campaigns":false,"rs_blank_template":"","rs_page_bg_color":"","slide_template_v7":"","inline_featured_image":false,"_monsterinsights_skip_tracking":false,"_monsterinsights_sitenote_active":false,"_monsterinsights_sitenote_note":"","_monsterinsights_sitenote_category":0},"product_brand":[],"product_cat":[90],"product_tag":[],"class_list":{"0":"post-103260","1":"product","2":"type-product","3":"status-publish","4":"has-post-thumbnail","6":"product_cat-altres","8":"first","9":"instock","10":"taxable","11":"shipping-taxable","12":"purchasable","13":"product-type-simple"},"acf":{"editorial":[{"ID":6243,"post_author":"3","post_date":"2022-07-28 17:48:02","post_date_gmt":"2022-07-28 15:48:02","post_content":"","post_title":"Enlogistica 3.0  s.l.","post_excerpt":"","post_status":"publish","comment_status":"closed","ping_status":"closed","post_password":"","post_name":"enlogistica-3-0-s-l","to_ping":"","pinged":"","post_modified":"2022-07-28 17:48:02","post_modified_gmt":"2022-07-28 15:48:02","post_content_filtered":"","post_parent":0,"guid":"http:\/\/dev.claret.cat\/editorial\/enlogistica-3-0-s-l\/","menu_order":0,"post_type":"editorial","post_mime_type":"","comment_count":"0","filter":"raw"}],"autor":"LACREU CUESTA, JOSEP","codart":"849470164","libros-coleccion":"FORA DE COL.LECCI\u00d3","ediciones":"1","encuadernacion":"R\u00fastica","fecha_de_publicacion":"01\/12\/2018","novedad":"1","paginas":"282","subtitulo":"","orden":"0","portada":"0","idioma":"cat","autores-libros":[{"ID":160691,"post_author":"3","post_date":"2022-10-14 15:55:07","post_date_gmt":"2022-10-14 13:55:07","post_content":"","post_title":"JOSEP LACREU CUESTA","post_excerpt":"","post_status":"publish","comment_status":"closed","ping_status":"closed","post_password":"","post_name":"josep-lacreu-cuesta","to_ping":"","pinged":"","post_modified":"2022-10-14 15:55:07","post_modified_gmt":"2022-10-14 13:55:07","post_content_filtered":"","post_parent":0,"guid":"http:\/\/dev.claret.cat\/autor\/josep-lacreu-cuesta\/","menu_order":0,"post_type":"autor","post_mime_type":"","comment_count":"0","filter":"raw"}]},"aioseo_notices":[],"_links":{"self":[{"href":"https:\/\/www.claret.cat\/es\/wp-json\/wp\/v2\/product\/103260","targetHints":{"allow":["GET"]}}],"collection":[{"href":"https:\/\/www.claret.cat\/es\/wp-json\/wp\/v2\/product"}],"about":[{"href":"https:\/\/www.claret.cat\/es\/wp-json\/wp\/v2\/types\/product"}],"wp:featuredmedia":[{"embeddable":true,"href":"https:\/\/www.claret.cat\/es\/wp-json\/wp\/v2\/media\/103261"}],"wp:attachment":[{"href":"https:\/\/www.claret.cat\/es\/wp-json\/wp\/v2\/media?parent=103260"}],"wp:term":[{"taxonomy":"product_brand","embeddable":true,"href":"https:\/\/www.claret.cat\/es\/wp-json\/wp\/v2\/product_brand?post=103260"},{"taxonomy":"product_cat","embeddable":true,"href":"https:\/\/www.claret.cat\/es\/wp-json\/wp\/v2\/product_cat?post=103260"},{"taxonomy":"product_tag","embeddable":true,"href":"https:\/\/www.claret.cat\/es\/wp-json\/wp\/v2\/product_tag?post=103260"}],"curies":[{"name":"wp","href":"https:\/\/api.w.org\/{rel}","templated":true}]}}