{"id":1033516,"date":"2025-06-13T16:15:26","date_gmt":"2025-06-13T14:15:26","guid":{"rendered":"https:\/\/www.claret.cat\/llibre\/365-preguntas-y-curiosidades-para-ninos-9789877978858\/"},"modified":"2026-01-05T09:25:12","modified_gmt":"2026-01-05T08:25:12","slug":"365-preguntas-y-curiosidades-para-ninos-9789877978858","status":"publish","type":"product","link":"https:\/\/www.claret.cat\/es\/libro\/365-preguntas-y-curiosidades-para-ninos-9789877978858\/","title":{"rendered":"365 PREGUNTAS Y CURIOSIDADES PARA NI\u00d1OS"},"content":{"rendered":"<p>En este libro encontrar\u00e1s las respuestas a ingeniosas preguntas con divertidas ilustraciones; que podr\u00e1s compartir con amigos y familiares. Explora diversas tem\u00e1ticas; observa con lupa el mundo que nos rodea y conoce informaci\u00f3n sorprendente.<\/p>\n","protected":false},"excerpt":{"rendered":"<p>AA.VV.<\/p>\n","protected":false},"featured_media":1033517,"template":"","meta":{"_acf_changed":false,"om_disable_all_campaigns":false,"rs_blank_template":"","rs_page_bg_color":"","slide_template_v7":"","inline_featured_image":false,"_monsterinsights_skip_tracking":false,"_monsterinsights_sitenote_active":false,"_monsterinsights_sitenote_note":"","_monsterinsights_sitenote_category":0},"product_brand":[],"product_cat":[132,362],"product_tag":[],"class_list":{"0":"post-1033516","1":"product","2":"type-product","3":"status-publish","4":"has-post-thumbnail","6":"product_cat-lectures-per-preadolescents-6-12-anys","7":"product_cat-libros-preadolescentes-6-12-anos","9":"first","10":"instock","11":"taxable","12":"shipping-taxable","13":"purchasable","14":"product-type-simple"},"acf":{"autor":"AA.VV.","codart":"987797885","libros-coleccion":"FORA DE COL.LECCI\u00d3","ediciones":"1","encuadernacion":"Carton\u00e9","fecha_de_publicacion":"01\/11\/2024","novedad":"1","paginas":"201","subtitulo":"","orden":"0","portada":"0","idioma":"spa","booktrailer":"","resenas":"","editorial":[{"ID":992136,"post_author":"3","post_date":"2024-11-15 18:26:12","post_date_gmt":"2024-11-15 17:26:12","post_content":"","post_title":"GATO DE HOJALATA","post_excerpt":"","post_status":"publish","comment_status":"closed","ping_status":"closed","post_password":"","post_name":"gato-de-hojalata","to_ping":"","pinged":"","post_modified":"2024-11-15 18:26:12","post_modified_gmt":"2024-11-15 17:26:12","post_content_filtered":"","post_parent":0,"guid":"https:\/\/www.claret.cat\/editorial\/gato-de-hojalata\/","menu_order":0,"post_type":"editorial","post_mime_type":"","comment_count":"0","filter":"raw"}]},"aioseo_notices":[],"_links":{"self":[{"href":"https:\/\/www.claret.cat\/es\/wp-json\/wp\/v2\/product\/1033516","targetHints":{"allow":["GET"]}}],"collection":[{"href":"https:\/\/www.claret.cat\/es\/wp-json\/wp\/v2\/product"}],"about":[{"href":"https:\/\/www.claret.cat\/es\/wp-json\/wp\/v2\/types\/product"}],"wp:featuredmedia":[{"embeddable":true,"href":"https:\/\/www.claret.cat\/es\/wp-json\/wp\/v2\/media\/1033517"}],"wp:attachment":[{"href":"https:\/\/www.claret.cat\/es\/wp-json\/wp\/v2\/media?parent=1033516"}],"wp:term":[{"taxonomy":"product_brand","embeddable":true,"href":"https:\/\/www.claret.cat\/es\/wp-json\/wp\/v2\/product_brand?post=1033516"},{"taxonomy":"product_cat","embeddable":true,"href":"https:\/\/www.claret.cat\/es\/wp-json\/wp\/v2\/product_cat?post=1033516"},{"taxonomy":"product_tag","embeddable":true,"href":"https:\/\/www.claret.cat\/es\/wp-json\/wp\/v2\/product_tag?post=1033516"}],"curies":[{"name":"wp","href":"https:\/\/api.w.org\/{rel}","templated":true}]}}