{"id":103393,"date":"2022-10-12T08:34:32","date_gmt":"2022-10-12T06:34:32","guid":{"rendered":"http:\/\/dev.claret.cat\/producte\/lena-theo-y-el-mar\/"},"modified":"2023-01-28T19:47:30","modified_gmt":"2023-01-28T18:47:30","slug":"lena-theo-y-el-mar-9788418067440","status":"publish","type":"product","link":"https:\/\/www.claret.cat\/es\/libro\/lena-theo-y-el-mar-9788418067440\/","title":{"rendered":"LENA, THEO Y EL MAR"},"content":{"rendered":"<p>\u00a1A veces Lena puede ser realmente desagradable! \u00bfPor qu\u00e9 siempre lo hace todo tan dif\u00edcil? Eso es lo que Theo, su mejor amigo, se pregunta. Este a\u00f1o va a ser especial. Tienen una nueva amiga, Birgitte, una ni\u00f1a muy dulce que viene de Holanda. Sin embargo, Lena tiene muchas razones para estar enojada: la nueva entrenadora de f\u00fatbol siempre la mantiene en el banquillo, el hermanito que anhela nunca llega y la expedici\u00f3n al mar con la nueva balsa resulta ser un fiasco. Y el abuelo&#8230; \u00a1Qu\u00e9 desgracia tan fea le espera en el mar! Esta es la historia de un a\u00f1o tumultuoso, durante el cual Lena, Theo y el abuelo tendr\u00e1n que luchar contra las fuerzas de la naturaleza y contra s\u00ed mismos.<\/p>\n","protected":false},"excerpt":{"rendered":"<p>PARR, MARIA<\/p>\n","protected":false},"featured_media":103394,"template":"","meta":{"_acf_changed":false,"om_disable_all_campaigns":false,"rs_blank_template":"","rs_page_bg_color":"","slide_template_v7":"","inline_featured_image":false,"_monsterinsights_skip_tracking":false,"_monsterinsights_sitenote_active":false,"_monsterinsights_sitenote_note":"","_monsterinsights_sitenote_category":0},"product_brand":[],"product_cat":[16],"product_tag":[],"class_list":{"0":"post-103393","1":"product","2":"type-product","3":"status-publish","4":"has-post-thumbnail","6":"product_cat-sense-categoria","8":"first","9":"instock","10":"taxable","11":"shipping-taxable","12":"purchasable","13":"product-type-simple"},"acf":{"autor":"PARR, MARIA","codart":"841806744","libros-coleccion":"N\u00f3rdica Infantil","ediciones":"1","encuadernacion":"R\u00fastica","fecha_de_publicacion":"01\/10\/2020","novedad":"1","paginas":"264","subtitulo":"","orden":"0","portada":"0","idioma":"spa","editorial":[{"ID":148583,"post_author":"3","post_date":"2022-10-14 11:59:22","post_date_gmt":"2022-10-14 09:59:22","post_content":"","post_title":"Nordica libros s.l","post_excerpt":"","post_status":"publish","comment_status":"closed","ping_status":"closed","post_password":"","post_name":"nordica-libros-s-l","to_ping":"","pinged":"","post_modified":"2022-10-14 11:59:22","post_modified_gmt":"2022-10-14 09:59:22","post_content_filtered":"","post_parent":0,"guid":"http:\/\/dev.claret.cat\/editorial\/nordica-libros-s-l\/","menu_order":0,"post_type":"editorial","post_mime_type":"","comment_count":"0","filter":"raw"}]},"aioseo_notices":[],"_links":{"self":[{"href":"https:\/\/www.claret.cat\/es\/wp-json\/wp\/v2\/product\/103393","targetHints":{"allow":["GET"]}}],"collection":[{"href":"https:\/\/www.claret.cat\/es\/wp-json\/wp\/v2\/product"}],"about":[{"href":"https:\/\/www.claret.cat\/es\/wp-json\/wp\/v2\/types\/product"}],"wp:featuredmedia":[{"embeddable":true,"href":"https:\/\/www.claret.cat\/es\/wp-json\/wp\/v2\/media\/103394"}],"wp:attachment":[{"href":"https:\/\/www.claret.cat\/es\/wp-json\/wp\/v2\/media?parent=103393"}],"wp:term":[{"taxonomy":"product_brand","embeddable":true,"href":"https:\/\/www.claret.cat\/es\/wp-json\/wp\/v2\/product_brand?post=103393"},{"taxonomy":"product_cat","embeddable":true,"href":"https:\/\/www.claret.cat\/es\/wp-json\/wp\/v2\/product_cat?post=103393"},{"taxonomy":"product_tag","embeddable":true,"href":"https:\/\/www.claret.cat\/es\/wp-json\/wp\/v2\/product_tag?post=103393"}],"curies":[{"name":"wp","href":"https:\/\/api.w.org\/{rel}","templated":true}]}}