{"id":103423,"date":"2022-10-12T08:34:58","date_gmt":"2022-10-12T06:34:58","guid":{"rendered":"http:\/\/dev.claret.cat\/producte\/tiempo-de-mujeres-saga-hijas-de-una-nueva-era-2\/"},"modified":"2023-01-28T10:54:08","modified_gmt":"2023-01-28T09:54:08","slug":"tiempo-de-mujeres-saga-hijas-de-una-nueva-era-2-9788408234531","status":"publish","type":"product","link":"https:\/\/www.claret.cat\/es\/libro\/tiempo-de-mujeres-saga-hijas-de-una-nueva-era-2-9788408234531\/","title":{"rendered":"TIEMPO DE MUJERES (SAGA HIJAS DE UNA NUEVA ERA 2)"},"content":{"rendered":"<p>1949. La guerra ha terminado. Hamburgo queda reducida a escombros y muchos se encuentran\u00a0sin un hogar al que regresar. Como Henny, quien no ha podido olvidar la mirada de su\u00a0amiga Kathe en ese tranv\u00eda&#8230; Lina, por su parte, ha abierto una librer\u00eda, Ida est\u00e1 decepcionada\u00a0por su relaci\u00f3n con Tian, a pesar de todo lo vivido. Los a\u00f1os pasan, los hijos de las protagonistas\u00a0crecen y ellos tambi\u00e9n tienen historias que contar. Arrancan por fin los a\u00f1os del\u00a0milagro econ\u00f3mico y las revoluciones sociales que marcaron los a\u00f1os cincuenta y sesenta: la\u00a0construcci\u00f3n del muro de Berl\u00edn, la llegada de la p\u00edldora y de la televisi\u00f3n, el comienzo de los\u00a0movimientos estudiantiles y la m\u00fasica de los Beatles.<\/p>\n<p> La segunda entrega de la saga que ha cautivado\u00a0a 1.800.000 lectores.\u00a0<br \/> CUATRO MUJERES, DOS GUERRAS MUNDIALES, TODO UN SIGLO.<\/p>\n","protected":false},"excerpt":{"rendered":"<p>KORN, CARMEN<\/p>\n","protected":false},"featured_media":103424,"template":"","meta":{"_acf_changed":false,"om_disable_all_campaigns":false,"rs_blank_template":"","rs_page_bg_color":"","slide_template_v7":"","inline_featured_image":false,"_monsterinsights_skip_tracking":false,"_monsterinsights_sitenote_active":false,"_monsterinsights_sitenote_note":"","_monsterinsights_sitenote_category":0},"product_brand":[],"product_cat":[130],"product_tag":[],"class_list":{"0":"post-103423","1":"product","2":"type-product","3":"status-publish","4":"has-post-thumbnail","6":"product_cat-novella-historica-i-ficcio","8":"first","9":"instock","10":"taxable","11":"shipping-taxable","12":"purchasable","13":"product-type-simple"},"acf":{"editorial":[{"ID":6233,"post_author":"3","post_date":"2022-07-28 17:47:48","post_date_gmt":"2022-07-28 15:47:48","post_content":"","post_title":"EDITORIAL PLANETA","post_excerpt":"","post_status":"publish","comment_status":"closed","ping_status":"closed","post_password":"","post_name":"editorial-planeta","to_ping":"","pinged":"","post_modified":"2022-07-28 17:47:48","post_modified_gmt":"2022-07-28 15:47:48","post_content_filtered":"","post_parent":0,"guid":"http:\/\/dev.claret.cat\/editorial\/editorial-planeta\/","menu_order":0,"post_type":"editorial","post_mime_type":"","comment_count":"0","filter":"raw"}],"autores-libros":[{"ID":152422,"post_author":"3","post_date":"2022-10-14 14:48:38","post_date_gmt":"2022-10-14 12:48:38","post_content":"","post_title":"CARMEN KORN","post_excerpt":"","post_status":"publish","comment_status":"closed","ping_status":"closed","post_password":"","post_name":"carmen-korn","to_ping":"","pinged":"","post_modified":"2022-10-14 14:48:38","post_modified_gmt":"2022-10-14 12:48:38","post_content_filtered":"","post_parent":0,"guid":"http:\/\/dev.claret.cat\/autor\/carmen-korn\/","menu_order":0,"post_type":"autor","post_mime_type":"","comment_count":"0","filter":"raw"}],"autor":"KORN, CARMEN","codart":"840823453","libros-coleccion":"Planeta Internacional","ediciones":"1","encuadernacion":"Carton\u00e9","fecha_de_publicacion":"01\/10\/2020","novedad":"1","paginas":"573","subtitulo":"CUATRO MUJERES QUE SE ENFRENTARON A LOS MOMENTOS CRUCIALES DEL SIGLO XX","orden":"0","portada":"0","idioma":"spa"},"aioseo_notices":[],"_links":{"self":[{"href":"https:\/\/www.claret.cat\/es\/wp-json\/wp\/v2\/product\/103423","targetHints":{"allow":["GET"]}}],"collection":[{"href":"https:\/\/www.claret.cat\/es\/wp-json\/wp\/v2\/product"}],"about":[{"href":"https:\/\/www.claret.cat\/es\/wp-json\/wp\/v2\/types\/product"}],"wp:featuredmedia":[{"embeddable":true,"href":"https:\/\/www.claret.cat\/es\/wp-json\/wp\/v2\/media\/103424"}],"wp:attachment":[{"href":"https:\/\/www.claret.cat\/es\/wp-json\/wp\/v2\/media?parent=103423"}],"wp:term":[{"taxonomy":"product_brand","embeddable":true,"href":"https:\/\/www.claret.cat\/es\/wp-json\/wp\/v2\/product_brand?post=103423"},{"taxonomy":"product_cat","embeddable":true,"href":"https:\/\/www.claret.cat\/es\/wp-json\/wp\/v2\/product_cat?post=103423"},{"taxonomy":"product_tag","embeddable":true,"href":"https:\/\/www.claret.cat\/es\/wp-json\/wp\/v2\/product_tag?post=103423"}],"curies":[{"name":"wp","href":"https:\/\/api.w.org\/{rel}","templated":true}]}}