{"id":1034387,"date":"2025-06-16T10:05:32","date_gmt":"2025-06-16T08:05:32","guid":{"rendered":"https:\/\/www.claret.cat\/llibre\/la-urgencia-de-la-evangelizacion-9788428842716\/"},"modified":"2025-06-21T13:00:31","modified_gmt":"2025-06-21T11:00:31","slug":"la-urgencia-de-la-evangelizacion-9788428842716","status":"publish","type":"product","link":"https:\/\/www.claret.cat\/es\/libro\/la-urgencia-de-la-evangelizacion-9788428842716\/","title":{"rendered":"LA URGENCIA DE LA EVANGELIZACI\u00d3N"},"content":{"rendered":"<p>El <strong>Seminario de Profesores y Doctorandos<\/strong> del <strong>Departamento de Evangelizaci\u00f3n y Catequesis<\/strong> de la <strong>Facultad de Teolog\u00eda<\/strong> de la <strong>Universidad Eclesi\u00e1stica San D\u00e1maso<\/strong> dedic\u00f3 el curso 2023-2024 a reflexionar sobre la vigencia de <strong>Evangelii nuntiandi<\/strong>, con motivo del <strong>cincuenta aniversario<\/strong> de su publicaci\u00f3n.<\/p>\n<p>En <strong>La urgencia de la evangelizaci\u00f3n. A los cincuenta a\u00f1os de Evangelii nuntiandi<\/strong> se recopilan las reflexiones y di\u00e1logos generados durante este seminario, que abordaron el impacto hist\u00f3rico y la proyecci\u00f3n futura de este documento clave para la <strong>vida y misi\u00f3n de la Iglesia<\/strong>.<\/p>\n<p class='ql-align-justify'>Este t\u00edtulo constituye el <strong>tercer volumen<\/strong> de la serie <strong>\u2018Evangelizaci\u00f3n y Catequesis\u2019<\/strong>, integrada en la colecci\u00f3n <strong>\u2018Presencia y di\u00e1logo\u2019<\/strong> de la <strong>Universidad San D\u00e1maso<\/strong>, destinada a estudios teol\u00f3gicos actuales y relevantes en el campo de la evangelizaci\u00f3n.<\/p>\n","protected":false},"excerpt":{"rendered":"<p>CARVAJAL BLANCO, JUAN CARLOS; DELGADO ESCOLAR , RAFAEL<\/p>\n","protected":false},"featured_media":1035287,"template":"","meta":{"_acf_changed":false,"om_disable_all_campaigns":false,"rs_blank_template":"","rs_page_bg_color":"","slide_template_v7":"","inline_featured_image":false,"_monsterinsights_skip_tracking":false,"_monsterinsights_sitenote_active":false,"_monsterinsights_sitenote_note":"","_monsterinsights_sitenote_category":0},"product_brand":[],"product_cat":[275,413,419,285],"product_tag":[],"class_list":{"0":"post-1034387","1":"product","2":"type-product","3":"status-publish","4":"has-post-thumbnail","6":"product_cat-fonamental","7":"product_cat-fundamental","8":"product_cat-pastoral-teologia-1_espiritualidad","9":"product_cat-pastoral-teologia","11":"first","12":"instock","13":"taxable","14":"shipping-taxable","15":"purchasable","16":"product-type-simple"},"acf":{"autor":"CARVAJAL BLANCO, JUAN CARLOS; DELGADO ESCOLAR , RAFAEL","codart":"842884271","libros-coleccion":"","ediciones":"1","encuadernacion":"R\u00fastica","fecha_de_publicacion":"12\/06\/2025","novedad":"1","paginas":"176","subtitulo":"A LOS CINCUENTA A\u00d1OS DE EVANGELII NUNTIANDI","orden":"0","portada":"0","idioma":"spa","booktrailer":"","resenas":"","editorial":[{"ID":6335,"post_author":"3","post_date":"2022-07-28 17:49:59","post_date_gmt":"2022-07-28 15:49:59","post_content":"","post_title":"PPC altres","post_excerpt":"","post_status":"publish","comment_status":"closed","ping_status":"closed","post_password":"","post_name":"ppc-altres","to_ping":"","pinged":"","post_modified":"2022-07-28 17:49:59","post_modified_gmt":"2022-07-28 15:49:59","post_content_filtered":"","post_parent":0,"guid":"http:\/\/dev.claret.cat\/editorial\/ppc-altres\/","menu_order":0,"post_type":"editorial","post_mime_type":"","comment_count":"0","filter":"raw"}]},"aioseo_notices":[],"_links":{"self":[{"href":"https:\/\/www.claret.cat\/es\/wp-json\/wp\/v2\/product\/1034387","targetHints":{"allow":["GET"]}}],"collection":[{"href":"https:\/\/www.claret.cat\/es\/wp-json\/wp\/v2\/product"}],"about":[{"href":"https:\/\/www.claret.cat\/es\/wp-json\/wp\/v2\/types\/product"}],"wp:featuredmedia":[{"embeddable":true,"href":"https:\/\/www.claret.cat\/es\/wp-json\/wp\/v2\/media\/1035287"}],"wp:attachment":[{"href":"https:\/\/www.claret.cat\/es\/wp-json\/wp\/v2\/media?parent=1034387"}],"wp:term":[{"taxonomy":"product_brand","embeddable":true,"href":"https:\/\/www.claret.cat\/es\/wp-json\/wp\/v2\/product_brand?post=1034387"},{"taxonomy":"product_cat","embeddable":true,"href":"https:\/\/www.claret.cat\/es\/wp-json\/wp\/v2\/product_cat?post=1034387"},{"taxonomy":"product_tag","embeddable":true,"href":"https:\/\/www.claret.cat\/es\/wp-json\/wp\/v2\/product_tag?post=1034387"}],"curies":[{"name":"wp","href":"https:\/\/api.w.org\/{rel}","templated":true}]}}