{"id":1034451,"date":"2025-06-16T13:55:42","date_gmt":"2025-06-16T11:55:42","guid":{"rendered":"https:\/\/www.claret.cat\/llibre\/caminos-de-jesucristo-9788470577017\/"},"modified":"2025-06-17T14:50:32","modified_gmt":"2025-06-17T12:50:32","slug":"caminos-de-jesucristo-9788470577017","status":"publish","type":"product","link":"https:\/\/www.claret.cat\/es\/libro\/caminos-de-jesucristo-9788470577017\/","title":{"rendered":"CAMINOS DE JESUCRISTO"},"content":{"rendered":"<p><strong>Caminos de Jesucristo \u2013 Joseph Ratzinger (Benedicto XVI) | Libro esencial de teolog\u00eda cristiana.<\/strong><\/p>\n<p><strong><em>Caminos de Jesucristo<\/em><\/strong>, obra fundamental del <strong>cardenal Joseph Ratzinger<\/strong> \u2014posteriormente <strong>papa Benedicto XVI<\/strong>\u2014, es una recopilaci\u00f3n de <strong>textos teol\u00f3gicos<\/strong> publicada originalmente en alem\u00e1n en 2003. Esta <strong>tercera edici\u00f3n en espa\u00f1ol<\/strong> incluye un nuevo pr\u00f3logo del <strong>cardenal Luis F. Ladaria<\/strong>, prefecto em\u00e9rito del <strong>Dicasterio para la Doctrina de la Fe<\/strong>, que subraya la <strong>actualidad<\/strong> y la <strong>profundidad cristol\u00f3gica<\/strong> del libro, especialmente relevante en el contexto del <strong>Jubileo de 2025<\/strong>.<\/p>\n<p>Este <strong>libro de teolog\u00eda cat\u00f3lica<\/strong> aborda con claridad los grandes n\u00facleos del <strong>cristianismo<\/strong>: la <strong>centralidad de Jesucristo<\/strong>, la <strong>revelaci\u00f3n del rostro de Dios en Cristo<\/strong>, la <strong>historicidad de los Evangelios<\/strong>, la <strong>unicidad de la salvaci\u00f3n cristiana<\/strong>, el <strong>misterio de la Eucarist\u00eda<\/strong> y la <strong>misi\u00f3n universal de la Iglesia<\/strong>. Lejos de limitarse a una cr\u00edtica de errores doctrinales, Ratzinger ofrece una <strong>reflexi\u00f3n serena y luminosa<\/strong> que integra <strong>fe, cultura y vida eclesial<\/strong>.<\/p>\n<p>Con un estilo <strong>teol\u00f3gicamente riguroso<\/strong>, <strong>espiritualmente profundo<\/strong> y <strong>pedag\u00f3gicamente claro<\/strong>, <strong><em>Caminos de Jesucristo<\/em><\/strong> es una <strong>gu\u00eda esencial<\/strong> para <strong>creyentes<\/strong>, <strong>estudiosos<\/strong> y lectores que desean <strong>redescubrir el coraz\u00f3n de la fe cristiana<\/strong> y su <strong>relevancia en el mundo contempor\u00e1neo<\/strong>. Ideal para la <strong>formaci\u00f3n teol\u00f3gica<\/strong>, la <strong>meditaci\u00f3n personal<\/strong> y el <strong>di\u00e1logo con los desaf\u00edos actuales<\/strong> del pensamiento y la sociedad.<\/p>\n","protected":false},"excerpt":{"rendered":"<p>RATZINGER, JOSEPH<\/p>\n","protected":false},"featured_media":1034777,"template":"","meta":{"_acf_changed":false,"om_disable_all_campaigns":false,"rs_blank_template":"","rs_page_bg_color":"","slide_template_v7":"","inline_featured_image":false,"_monsterinsights_skip_tracking":false,"_monsterinsights_sitenote_active":false,"_monsterinsights_sitenote_note":"","_monsterinsights_sitenote_category":0},"product_brand":[],"product_cat":[541,91,276,414],"product_tag":[],"class_list":{"0":"post-1034451","1":"product","2":"type-product","3":"status-publish","4":"has-post-thumbnail","6":"product_cat-cristologia-1_espiritualidad-spa","7":"product_cat-cristologia","8":"product_cat-cristologia-teologia","9":"product_cat-cristologia-teologia-1_espiritualidad","11":"first","12":"instock","13":"taxable","14":"shipping-taxable","15":"purchasable","16":"product-type-simple"},"acf":{"autor":"RATZINGER, JOSEPH","codart":"847057701","libros-coleccion":"Espiritualidad","ediciones":"3","encuadernacion":"R\u00fastica","fecha_de_publicacion":"13\/06\/2025","novedad":"1","paginas":"195","subtitulo":"","orden":"0","portada":"1","idioma":"spa","booktrailer":"","resenas":"","editorial":[{"ID":6173,"post_author":"3","post_date":"2022-07-28 17:46:28","post_date_gmt":"2022-07-28 15:46:28","post_content":"","post_title":"Cristiandad","post_excerpt":"","post_status":"publish","comment_status":"closed","ping_status":"closed","post_password":"","post_name":"cristiandad","to_ping":"","pinged":"","post_modified":"2022-07-28 17:46:28","post_modified_gmt":"2022-07-28 15:46:28","post_content_filtered":"","post_parent":0,"guid":"http:\/\/dev.claret.cat\/editorial\/cristiandad\/","menu_order":0,"post_type":"editorial","post_mime_type":"","comment_count":"0","filter":"raw"}]},"aioseo_notices":[],"_links":{"self":[{"href":"https:\/\/www.claret.cat\/es\/wp-json\/wp\/v2\/product\/1034451","targetHints":{"allow":["GET"]}}],"collection":[{"href":"https:\/\/www.claret.cat\/es\/wp-json\/wp\/v2\/product"}],"about":[{"href":"https:\/\/www.claret.cat\/es\/wp-json\/wp\/v2\/types\/product"}],"wp:featuredmedia":[{"embeddable":true,"href":"https:\/\/www.claret.cat\/es\/wp-json\/wp\/v2\/media\/1034777"}],"wp:attachment":[{"href":"https:\/\/www.claret.cat\/es\/wp-json\/wp\/v2\/media?parent=1034451"}],"wp:term":[{"taxonomy":"product_brand","embeddable":true,"href":"https:\/\/www.claret.cat\/es\/wp-json\/wp\/v2\/product_brand?post=1034451"},{"taxonomy":"product_cat","embeddable":true,"href":"https:\/\/www.claret.cat\/es\/wp-json\/wp\/v2\/product_cat?post=1034451"},{"taxonomy":"product_tag","embeddable":true,"href":"https:\/\/www.claret.cat\/es\/wp-json\/wp\/v2\/product_tag?post=1034451"}],"curies":[{"name":"wp","href":"https:\/\/api.w.org\/{rel}","templated":true}]}}