{"id":1034668,"date":"2025-06-17T13:10:26","date_gmt":"2025-06-17T11:10:26","guid":{"rendered":"https:\/\/www.claret.cat\/llibre\/sabios-y-rebeldes-9788419393463\/"},"modified":"2025-06-17T19:12:13","modified_gmt":"2025-06-17T17:12:13","slug":"sabios-y-rebeldes-9788419393463","status":"publish","type":"product","link":"https:\/\/www.claret.cat\/es\/libro\/sabios-y-rebeldes-9788419393463\/","title":{"rendered":"SABIOS Y REBELDES"},"content":{"rendered":"<p>\u00a1La historia de la filosof\u00eda en c\u00f3mic!  Desde la Antig\u00fcedad hasta nuestros d\u00edas, lo  que los fil\u00f3sofos a\u00fan tienen que ense\u00f1arnos.  Una visi\u00f3n viva y humor\u00edstica de la vida  cotidiana de los grandes fil\u00f3sofos, para  comprender su vida, sus preguntas, sus  respuestas y c\u00f3mo pueden seguir  interpel\u00e1ndonos hoy en d\u00eda.  Un libro para descubrir c\u00f3mo la filosof\u00eda  puede iluminarnos sobre la forma en que  vivimos nuestras vidas, permitirnos adquirir  un esp\u00edritu cr\u00edtico y proporcionarnos  herramientas para construir nuestra propia  sabidur\u00eda personal.  Una forma diferente de acercar la filosof\u00eda a  la infancia, m\u00e1s cercana, con historias  personales, an\u00e9cdotas y humor.<\/p>\n","protected":false},"excerpt":{"rendered":"<p>PASTORINI, CHIARA \/ BARRIER, PERCEVAL<\/p>\n","protected":false},"featured_media":1034854,"template":"","meta":{"_acf_changed":false,"om_disable_all_campaigns":false,"rs_blank_template":"","rs_page_bg_color":"","slide_template_v7":"","inline_featured_image":false,"_monsterinsights_skip_tracking":false,"_monsterinsights_sitenote_active":false,"_monsterinsights_sitenote_note":"","_monsterinsights_sitenote_category":0},"product_brand":[],"product_cat":[373,166,558,108],"product_tag":[],"class_list":{"0":"post-1034668","1":"product","2":"type-product","3":"status-publish","4":"has-post-thumbnail","6":"product_cat-autores","7":"product_cat-autors-filosofia","8":"product_cat-comic-3_infantil-juvenil-spa-spa","9":"product_cat-comic","11":"first","12":"instock","13":"taxable","14":"shipping-taxable","15":"purchasable","16":"product-type-simple"},"acf":{"autor":"PASTORINI, CHIARA \/ BARRIER, PERCEVAL","codart":"841939346","libros-coleccion":"NOVELA GRAFICA","ediciones":"1","encuadernacion":"R\u00fastica","fecha_de_publicacion":"01\/06\/2025","novedad":"1","paginas":"174","subtitulo":"","orden":"0","portada":"0","idioma":"spa","booktrailer":"","resenas":"","editorial":[{"ID":148197,"post_author":"3","post_date":"2022-10-14 11:56:23","post_date_gmt":"2022-10-14 09:56:23","post_content":"","post_title":"Garbuix Books","post_excerpt":"","post_status":"publish","comment_status":"closed","ping_status":"closed","post_password":"","post_name":"garbuix-books","to_ping":"","pinged":"","post_modified":"2022-10-14 11:56:23","post_modified_gmt":"2022-10-14 09:56:23","post_content_filtered":"","post_parent":0,"guid":"http:\/\/dev.claret.cat\/editorial\/garbuix-books\/","menu_order":0,"post_type":"editorial","post_mime_type":"","comment_count":"0","filter":"raw"}]},"aioseo_notices":[],"_links":{"self":[{"href":"https:\/\/www.claret.cat\/es\/wp-json\/wp\/v2\/product\/1034668","targetHints":{"allow":["GET"]}}],"collection":[{"href":"https:\/\/www.claret.cat\/es\/wp-json\/wp\/v2\/product"}],"about":[{"href":"https:\/\/www.claret.cat\/es\/wp-json\/wp\/v2\/types\/product"}],"wp:featuredmedia":[{"embeddable":true,"href":"https:\/\/www.claret.cat\/es\/wp-json\/wp\/v2\/media\/1034854"}],"wp:attachment":[{"href":"https:\/\/www.claret.cat\/es\/wp-json\/wp\/v2\/media?parent=1034668"}],"wp:term":[{"taxonomy":"product_brand","embeddable":true,"href":"https:\/\/www.claret.cat\/es\/wp-json\/wp\/v2\/product_brand?post=1034668"},{"taxonomy":"product_cat","embeddable":true,"href":"https:\/\/www.claret.cat\/es\/wp-json\/wp\/v2\/product_cat?post=1034668"},{"taxonomy":"product_tag","embeddable":true,"href":"https:\/\/www.claret.cat\/es\/wp-json\/wp\/v2\/product_tag?post=1034668"}],"curies":[{"name":"wp","href":"https:\/\/api.w.org\/{rel}","templated":true}]}}