{"id":1034743,"date":"2025-06-17T14:06:09","date_gmt":"2025-06-17T12:06:09","guid":{"rendered":"https:\/\/www.claret.cat\/llibre\/el-xiprer-arrelats-a-la-terra-mirant-cap-al-cel-9788491365976\/"},"modified":"2026-04-16T19:26:14","modified_gmt":"2026-04-16T17:26:14","slug":"el-xiprer-arrelats-a-la-terra-mirant-cap-al-cel-9788491365976","status":"publish","type":"product","link":"https:\/\/www.claret.cat\/es\/libro\/el-xiprer-arrelats-a-la-terra-mirant-cap-al-cel-9788491365976\/","title":{"rendered":"EL XIPRER. ARRELATS A LA TERRA, MIRANT CAP AL CEL"},"content":{"rendered":"<p><strong>El Xiprer. Un exemple viu del Regne de D\u00e9u.<\/strong><\/p>\n<p><strong>Sovint<\/strong>, ens deixem portar pel <strong>soroll del m\u00f3n<\/strong> i les <strong>not\u00edcies negatives<\/strong> que ens envolten: i ens enfonsem. Per\u00f2 la <strong>bondat<\/strong> i <strong>l\u2019amor desinteressat<\/strong> arrelen en molts cors. Quan aquests cors es troben <strong>en el temps i en l\u2019espai<\/strong>, neixen <strong>exemples reals del Regne de D\u00e9u<\/strong>.<\/p>\n<p>Si \u00e9s cert que <strong>l\u2019\u00e9sser hum\u00e0 apr\u00e8n per imitaci\u00f3<\/strong>, i que les <strong>neurones mirall<\/strong> ens fan cr\u00e9ixer en empatia, la <strong>comunitat d\u2019El Xiprer<\/strong> \u00e9s un testimoni viu de com les <strong>persones bones<\/strong> poden <strong>donar el seu temps i la seva vida<\/strong> per <strong>elevar aquest m\u00f3n<\/strong>, per <strong>treure\u2019l del fang<\/strong> i <strong>elevar-lo cap al cel<\/strong>.<\/p>\n<p><strong>El Xiprer<\/strong> no \u00e9s nom\u00e9s un lloc d&#8217;acollida, sin\u00f3 una <strong>experi\u00e8ncia transformadora<\/strong> que mostra que la <strong>solidaritat<\/strong>, la <strong>generositat<\/strong> i la <strong>fe compartida<\/strong> s\u00f3n camins concrets per <strong>fer visible el Regne de D\u00e9u<\/strong> entre nosaltres.<\/p>\n<p><em>*Aquest llibre ha estat impr\u00e8s amb paper certificat pel&nbsp;<\/em>&nbsp;<a href='https:\/\/fsc.org\/en' rel='noopener noreferrer' target='_blank'><em>Forest Stewardship Council (FSC)<\/em><\/a>&nbsp;<em>, que compleix amb els principis de gesti\u00f3 econ\u00f2mica, social i ambiental sostenibles.<\/em><\/p>\n<p><\/p>\n","protected":false},"excerpt":{"rendered":"<p>GANCHO RODR\u00cdGUEZ, GREGORI<\/p>\n","protected":false},"featured_media":1081483,"template":"","meta":{"_acf_changed":false,"om_disable_all_campaigns":false,"rs_blank_template":"","rs_page_bg_color":"","slide_template_v7":"","inline_featured_image":false,"_monsterinsights_skip_tracking":false,"_monsterinsights_sitenote_active":false,"_monsterinsights_sitenote_note":"","_monsterinsights_sitenote_category":0},"product_brand":[],"product_cat":[485,232,581],"product_tag":[],"class_list":{"0":"post-1034743","1":"product","2":"type-product","3":"status-publish","4":"has-post-thumbnail","6":"product_cat-autores-espiritualidad-1_espiritualidad","7":"product_cat-autors-espiritualitat","8":"product_cat-editorial-claret","10":"first","11":"instock","12":"taxable","13":"shipping-taxable","14":"purchasable","15":"product-type-simple"},"acf":{"autor":"GANCHO RODR\u00cdGUEZ, GREGORI","codart":"849136597","libros-coleccion":"","ediciones":"1","encuadernacion":"R\u00fastica","fecha_de_publicacion":"01\/07\/2025","novedad":"1","paginas":"184","subtitulo":"","orden":"0","portada":"1","idioma":"cat","booktrailer":"","resenas":"<p>SomGranollers, 17\/07\/2025<\/p>\n<p><a href=\"https:\/\/www.somgranollers.cat\/noticia\/105930\/la-historia-del-xiprer-recollida-en-un-llibre\" rel=\"noopener noreferrer\" target=\"_blank\">https:\/\/www.somgranollers.cat\/noticia\/105930\/la-historia-del-xiprer-recollida-en-un-llibre<\/a><\/p>\n<p><\/p>\n<p>El9nou, 20\/07\/2025<\/p>\n<p><a href=\"https:\/\/el9nou.cat\/valles-oriental\/actualitat\/societat\/el-nou-llibre-el-xiprer-recull-50-anys-accio-solidari\/\" rel=\"noopener noreferrer\" target=\"_blank\">https:\/\/el9nou.cat\/valles-oriental\/actualitat\/societat\/el-nou-llibre-el-xiprer-recull-50-anys-accio-solidari\/<\/a><\/p>\n<p><\/p>\n<p>R\u00e0dio Granollers, 24\/09\/2025<\/p>\n<p><a href=\"https:\/\/www.radiogranollers.cat\/c\/la-porxada-24-09-2025\" rel=\"noopener noreferrer\" target=\"_blank\">https:\/\/www.radiogranollers.cat\/c\/la-porxada-24-09-2025<\/a><\/p>\n<p><\/p>\n<p>VOTV, 25\/09\/2025<\/p>\n<p><a href=\"https:\/\/votv.cat\/la-fundacio-el-xiprer-presenta-el-seu-nou-llibre-el-xiprer-arrelats-a-la-terra-mirant-al-cell\/\" rel=\"noopener noreferrer\" target=\"_blank\">https:\/\/votv.cat\/la-fundacio-el-xiprer-presenta-el-seu-nou-llibre-el-xiprer-arrelats-a-la-terra-mirant-al-cell\/<\/a><\/p>\n<p><\/p>\n<p>Revista del Vall\u00e8s, 25\/09\/2025<\/p>\n<p><a href=\"https:\/\/revistadelvalles.es\/2025\/09\/25\/presentat-el-llibre-que-commemora-el-cinquantenari-del-xiprer-de-granollers\/\" rel=\"noopener noreferrer\" target=\"_blank\">https:\/\/revistadelvalles.es\/2025\/09\/25\/presentat-el-llibre-que-commemora-el-cinquantenari-del-xiprer-de-granollers\/<\/a><\/p>\n<p><\/p>\n<p>Som Granollers, 25\/09\/2025<\/p>\n<p><a href=\"https:\/\/www.somgranollers.cat\/noticia\/107176\/presentacio-llibre-xiprer-es-una-familia-que-comparteix-i-estima\" rel=\"noopener noreferrer\" target=\"_blank\">https:\/\/www.somgranollers.cat\/noticia\/107176\/presentacio-llibre-xiprer-es-una-familia-que-comparteix-i-estima<\/a><\/p>\n<p><\/p>\n<p>Fundaci\u00f3 El Xiprer, 25\/09\/2025<\/p>\n<p><a href=\"https:\/\/elxiprer.org\/2025\/09\/25\/el-xiprer-compartir-i-estimar\/\" rel=\"noopener noreferrer\" target=\"_blank\">https:\/\/elxiprer.org\/2025\/09\/25\/el-xiprer-compartir-i-estimar\/<\/a><\/p>\n<p><\/p>\n<p>Catalunya Religi\u00f3, 26\/09\/2025<\/p>\n<p><a href=\"https:\/\/www.catalunyareligio.cat\/ca\/es-presenta-nou-llibre-fundacio-xiprer-cal-viure\" rel=\"noopener noreferrer\" target=\"_blank\">https:\/\/www.catalunyareligio.cat\/ca\/es-presenta-nou-llibre-fundacio-xiprer-cal-viure<\/a><\/p>\n","editorial":[{"ID":6158,"post_author":"3","post_date":"2022-07-28 17:46:08","post_date_gmt":"2022-07-28 15:46:08","post_content":"","post_title":"CLARET","post_excerpt":"","post_status":"publish","comment_status":"closed","ping_status":"closed","post_password":"","post_name":"claret","to_ping":"","pinged":"","post_modified":"2022-07-28 17:46:08","post_modified_gmt":"2022-07-28 15:46:08","post_content_filtered":"","post_parent":0,"guid":"http:\/\/dev.claret.cat\/editorial\/claret\/","menu_order":0,"post_type":"editorial","post_mime_type":"","comment_count":"0","filter":"raw"}],"linkebook":"","ficha":"849136597_1750166707.pdf","muestra":"","precioebook":"0","presentacion":"","autores-libros":[{"ID":1034789,"post_author":"3","post_date":"2025-06-17 15:30:10","post_date_gmt":"2025-06-17 13:30:10","post_content":"<span class=\"fontstyle0\">Gregori Gancho Rodr\u00edguez (Barcelona, 1967) \u00e9s professor de secund\u00e0ria a l\u2019escola Valldaura i alumne de la Facultat de Teologia de Barcelona. Ha col\u00b7laborat amb diverses editorials des de fa trenta anys sempre abordant temes relacionats amb la religi\u00f3 i el m\u00f3n grecorom\u00e0. \u00c9s llicenciat en Filologia Cl\u00e0ssica.<\/span>","post_title":"GREGORI GANCHO RODR\u00cdGUEZ","post_excerpt":"","post_status":"publish","comment_status":"closed","ping_status":"closed","post_password":"","post_name":"gregori-gancho-rodriguez","to_ping":"","pinged":"","post_modified":"2025-06-30 11:53:57","post_modified_gmt":"2025-06-30 09:53:57","post_content_filtered":"","post_parent":0,"guid":"https:\/\/www.claret.cat\/autor\/gregori-gancho-rodriguez\/","menu_order":0,"post_type":"autor","post_mime_type":"","comment_count":"0","filter":"raw"}]},"aioseo_notices":[],"_links":{"self":[{"href":"https:\/\/www.claret.cat\/es\/wp-json\/wp\/v2\/product\/1034743","targetHints":{"allow":["GET"]}}],"collection":[{"href":"https:\/\/www.claret.cat\/es\/wp-json\/wp\/v2\/product"}],"about":[{"href":"https:\/\/www.claret.cat\/es\/wp-json\/wp\/v2\/types\/product"}],"wp:featuredmedia":[{"embeddable":true,"href":"https:\/\/www.claret.cat\/es\/wp-json\/wp\/v2\/media\/1081483"}],"wp:attachment":[{"href":"https:\/\/www.claret.cat\/es\/wp-json\/wp\/v2\/media?parent=1034743"}],"wp:term":[{"taxonomy":"product_brand","embeddable":true,"href":"https:\/\/www.claret.cat\/es\/wp-json\/wp\/v2\/product_brand?post=1034743"},{"taxonomy":"product_cat","embeddable":true,"href":"https:\/\/www.claret.cat\/es\/wp-json\/wp\/v2\/product_cat?post=1034743"},{"taxonomy":"product_tag","embeddable":true,"href":"https:\/\/www.claret.cat\/es\/wp-json\/wp\/v2\/product_tag?post=1034743"}],"curies":[{"name":"wp","href":"https:\/\/api.w.org\/{rel}","templated":true}]}}