{"id":103482,"date":"2022-10-12T08:35:48","date_gmt":"2022-10-12T06:35:48","guid":{"rendered":"http:\/\/dev.claret.cat\/producte\/la-clase-de-religion-en-salida\/"},"modified":"2025-05-14T13:38:04","modified_gmt":"2025-05-14T11:38:04","slug":"la-clase-de-religion-en-salida-9788428836333","status":"publish","type":"product","link":"https:\/\/www.claret.cat\/es\/libro\/la-clase-de-religion-en-salida-9788428836333\/","title":{"rendered":"LA CLASE DE RELIGI\u00d3N EN SALIDA"},"content":{"rendered":"<p>En el mundo educativo est\u00e1n emergiendo con fuerza nuevas iniciativas que impulsan un giro antropol\u00f3gico en la escuela: un informe mundial de la UNESCO para 2021 fortaleciendo la educaci\u00f3n como bien com\u00fan; la Agenda 2030 y su apuesta por el desarrollo sostenible; la competencia global que la OCDE propone para PISA; y un renovado planteamiento de la educaci\u00f3n ciudadana con perspectiva mundial. Esas tendencias son un eje transversal que impulsa una renovada pasi\u00f3n por la dignidad humana.La ense\u00f1anza de la religi\u00f3n, demasiado centrada sobre s\u00ed misma, no puede permanecer ajena a lo que est\u00e1 pasando. Esta es la pretensi\u00f3n de este libro:\u00a0abrir caminos a lo nuevo y renovar sus aprendizajes esenciales en di\u00e1logo con los signos de los tiempos.<\/p>\n","protected":false},"excerpt":{"rendered":"<p>ESTEBAN GARC\u00c9S, CARLOS<\/p>\n","protected":false},"featured_media":338133,"template":"","meta":{"_acf_changed":false,"om_disable_all_campaigns":false,"rs_blank_template":"","rs_page_bg_color":"","slide_template_v7":"","inline_featured_image":false,"_monsterinsights_skip_tracking":false,"_monsterinsights_sitenote_active":false,"_monsterinsights_sitenote_note":"","_monsterinsights_sitenote_category":0},"product_brand":[],"product_cat":[189,453],"product_tag":[],"class_list":{"0":"post-103482","1":"product","2":"type-product","3":"status-publish","4":"has-post-thumbnail","6":"product_cat-didactica-i-praxi-escolar","7":"product_cat-didactica-y-praxis-escolar","9":"first","10":"instock","11":"taxable","12":"shipping-taxable","13":"purchasable","14":"product-type-simple"},"acf":{"editorial":[{"ID":6335,"post_author":"3","post_date":"2022-07-28 17:49:59","post_date_gmt":"2022-07-28 15:49:59","post_content":"","post_title":"PPC altres","post_excerpt":"","post_status":"publish","comment_status":"closed","ping_status":"closed","post_password":"","post_name":"ppc-altres","to_ping":"","pinged":"","post_modified":"2022-07-28 17:49:59","post_modified_gmt":"2022-07-28 15:49:59","post_content_filtered":"","post_parent":0,"guid":"http:\/\/dev.claret.cat\/editorial\/ppc-altres\/","menu_order":0,"post_type":"editorial","post_mime_type":"","comment_count":"0","filter":"raw"}],"autor":"ESTEBAN GARC\u00c9S, CARLOS","codart":"842883633","libros-coleccion":"Educar Pr\u00e1ctico","ediciones":"1","encuadernacion":"R\u00fastica","fecha_de_publicacion":"30\/10\/2020","novedad":"1","paginas":"256","subtitulo":"","orden":"0","portada":"0","idioma":"spa","autores-libros":[{"ID":152247,"post_author":"3","post_date":"2022-10-14 14:47:15","post_date_gmt":"2022-10-14 12:47:15","post_content":"","post_title":"CARLOS ESTEBAN GARCES","post_excerpt":"","post_status":"publish","comment_status":"closed","ping_status":"closed","post_password":"","post_name":"carlos-esteban-garces","to_ping":"","pinged":"","post_modified":"2022-10-14 14:47:15","post_modified_gmt":"2022-10-14 12:47:15","post_content_filtered":"","post_parent":0,"guid":"http:\/\/dev.claret.cat\/autor\/carlos-esteban-garces\/","menu_order":0,"post_type":"autor","post_mime_type":"","comment_count":"0","filter":"raw"}],"booktrailer":"","resenas":""},"aioseo_notices":[],"_links":{"self":[{"href":"https:\/\/www.claret.cat\/es\/wp-json\/wp\/v2\/product\/103482","targetHints":{"allow":["GET"]}}],"collection":[{"href":"https:\/\/www.claret.cat\/es\/wp-json\/wp\/v2\/product"}],"about":[{"href":"https:\/\/www.claret.cat\/es\/wp-json\/wp\/v2\/types\/product"}],"wp:featuredmedia":[{"embeddable":true,"href":"https:\/\/www.claret.cat\/es\/wp-json\/wp\/v2\/media\/338133"}],"wp:attachment":[{"href":"https:\/\/www.claret.cat\/es\/wp-json\/wp\/v2\/media?parent=103482"}],"wp:term":[{"taxonomy":"product_brand","embeddable":true,"href":"https:\/\/www.claret.cat\/es\/wp-json\/wp\/v2\/product_brand?post=103482"},{"taxonomy":"product_cat","embeddable":true,"href":"https:\/\/www.claret.cat\/es\/wp-json\/wp\/v2\/product_cat?post=103482"},{"taxonomy":"product_tag","embeddable":true,"href":"https:\/\/www.claret.cat\/es\/wp-json\/wp\/v2\/product_tag?post=103482"}],"curies":[{"name":"wp","href":"https:\/\/api.w.org\/{rel}","templated":true}]}}