{"id":1034916,"date":"2025-06-18T12:45:05","date_gmt":"2025-06-18T10:45:05","guid":{"rendered":"https:\/\/www.claret.cat\/llibre\/fantastica-historia-de-amor-9791387563578\/"},"modified":"2026-04-07T12:01:12","modified_gmt":"2026-04-07T10:01:12","slug":"fantastica-historia-de-amor-9791387563578","status":"publish","type":"product","link":"https:\/\/www.claret.cat\/es\/libro\/fantastica-historia-de-amor-9791387563578\/","title":{"rendered":"FANT\u00c1STICA HISTORIA DE AMOR"},"content":{"rendered":"<p>Bastien, inspector de trabajo de Lyon, debe investigar un accidente: un trabajador de una f\u00e1brica de tratamiento de residuos muri\u00f3 aplastado por un compactador.<\/p>\n<p> Ma\u00efa, periodista cient\u00edfica, acude al Cern, el prestigioso centro de investigaci\u00f3n nuclear de Ginebra, para escribir un art\u00edculo sobre el cristal centelleador, un nuevo material cuyas propiedades desconciertan a sus inventores.<\/p>\n<p> Bastien se entera de que el accidente fue en realidad un homicidio. Ma\u00efa descubre que el experimento sali\u00f3 mal. Su t\u00eda, f\u00edsica de una importante instituci\u00f3n suiza, le pide que la ayude a deshacerse de este cristal que se ha vuelto t\u00f3xico.<\/p>\n<p> Esta adictiva novela que toma prestados los c\u00f3digos de la serie y del thriller es tambi\u00e9n una historia de amor.<\/p>\n","protected":false},"excerpt":{"rendered":"<p>DIVRY, SOPHIE<\/p>\n","protected":false},"featured_media":1034917,"template":"","meta":{"_acf_changed":false,"om_disable_all_campaigns":false,"rs_blank_template":"","rs_page_bg_color":"","slide_template_v7":"","inline_featured_image":false,"_monsterinsights_skip_tracking":false,"_monsterinsights_sitenote_active":false,"_monsterinsights_sitenote_note":"","_monsterinsights_sitenote_category":0},"product_brand":[],"product_cat":[127,357],"product_tag":[],"class_list":{"0":"post-1034916","1":"product","2":"type-product","3":"status-publish","4":"has-post-thumbnail","6":"product_cat-novella-contemporania","7":"product_cat-novela-contemporanea","9":"first","10":"instock","11":"taxable","12":"shipping-taxable","13":"purchasable","14":"product-type-simple"},"acf":{"autor":"DIVRY, SOPHIE","codart":"138756357","libros-coleccion":"Otras Latitudes","ediciones":"1","encuadernacion":"R\u00fastica","fecha_de_publicacion":"01\/06\/2025","novedad":"1","paginas":"454","subtitulo":"","orden":"0","portada":"0","idioma":"spa","booktrailer":"","resenas":"","editorial":[{"ID":148581,"post_author":"3","post_date":"2022-10-14 11:59:22","post_date_gmt":"2022-10-14 09:59:22","post_content":"","post_title":"N\u00d3RDICA LIBROS","post_excerpt":"","post_status":"publish","comment_status":"closed","ping_status":"closed","post_password":"","post_name":"nordica-libros","to_ping":"","pinged":"","post_modified":"2022-10-14 11:59:22","post_modified_gmt":"2022-10-14 09:59:22","post_content_filtered":"","post_parent":0,"guid":"http:\/\/dev.claret.cat\/editorial\/nordica-libros\/","menu_order":0,"post_type":"editorial","post_mime_type":"","comment_count":"0","filter":"raw"}]},"aioseo_notices":[],"_links":{"self":[{"href":"https:\/\/www.claret.cat\/es\/wp-json\/wp\/v2\/product\/1034916","targetHints":{"allow":["GET"]}}],"collection":[{"href":"https:\/\/www.claret.cat\/es\/wp-json\/wp\/v2\/product"}],"about":[{"href":"https:\/\/www.claret.cat\/es\/wp-json\/wp\/v2\/types\/product"}],"wp:featuredmedia":[{"embeddable":true,"href":"https:\/\/www.claret.cat\/es\/wp-json\/wp\/v2\/media\/1034917"}],"wp:attachment":[{"href":"https:\/\/www.claret.cat\/es\/wp-json\/wp\/v2\/media?parent=1034916"}],"wp:term":[{"taxonomy":"product_brand","embeddable":true,"href":"https:\/\/www.claret.cat\/es\/wp-json\/wp\/v2\/product_brand?post=1034916"},{"taxonomy":"product_cat","embeddable":true,"href":"https:\/\/www.claret.cat\/es\/wp-json\/wp\/v2\/product_cat?post=1034916"},{"taxonomy":"product_tag","embeddable":true,"href":"https:\/\/www.claret.cat\/es\/wp-json\/wp\/v2\/product_tag?post=1034916"}],"curies":[{"name":"wp","href":"https:\/\/api.w.org\/{rel}","templated":true}]}}