{"id":1034963,"date":"2025-06-18T13:20:37","date_gmt":"2025-06-18T11:20:37","guid":{"rendered":"https:\/\/www.claret.cat\/llibre\/pla-de-vacances-en-autocaravana-4t-primaria-9788447954698\/"},"modified":"2025-07-07T11:20:45","modified_gmt":"2025-07-07T09:20:45","slug":"quadern-de-vacances-4t-primaria-9788447954698","status":"publish","type":"product","link":"https:\/\/www.claret.cat\/es\/libro\/quadern-de-vacances-4t-primaria-9788447954698\/","title":{"rendered":"QUADERN DE VACANCES 4T PRIM\u00c0RIA"},"content":{"rendered":"<p>Una s\u00e8rie de quaderns d&#8217;exercicis i passatemps per trencar-se el cap i gaudir aprenent. S\u00f3n ideals per aprendre jugant i desconnectar de les pantalles. A m\u00e9s, s\u00f3n perfectes per gaudir-ne a qualsevol lloc.<\/p>\n<p><\/p>\n<p>El llibre Pla de vacances ofereix passatemps educatius i creatius, exercicis per entrenar  l&#8217;atenci\u00f3, la mem\u00f2ria, la flexibilitat i el control inhibitori; receptes, manualitats, experiments, jocs de taula i molt m\u00e9s.<\/p>\n<p><\/p>\n","protected":false},"excerpt":{"rendered":"<p>MOLINA FERN\u00c1NDEZ, RAQUEL<\/p>\n","protected":false},"featured_media":1043416,"template":"","meta":{"_acf_changed":false,"om_disable_all_campaigns":false,"rs_blank_template":"","rs_page_bg_color":"","slide_template_v7":"","inline_featured_image":false,"_monsterinsights_skip_tracking":false,"_monsterinsights_sitenote_active":false,"_monsterinsights_sitenote_note":"","_monsterinsights_sitenote_category":0},"product_brand":[],"product_cat":[333,122],"product_tag":[],"class_list":{"0":"post-1034963","1":"product","2":"type-product","3":"status-publish","4":"has-post-thumbnail","6":"product_cat-cuadernos-de-vacaciones","7":"product_cat-quaderns-de-vacances","9":"first","10":"instock","11":"taxable","12":"shipping-taxable","13":"purchasable","14":"product-type-simple"},"acf":{"autor":"MOLINA FERN\u00c1NDEZ, RAQUEL","codart":"844795469","libros-coleccion":"FORA DE COL.LECCI\u00d3","ediciones":"1","encuadernacion":"R\u00fastica","fecha_de_publicacion":"01\/06\/2025","novedad":"1","paginas":"63","subtitulo":"PL\u00c0 DE VACANCES EN AUTOCARAVANA ","orden":"0","portada":"0","idioma":"cat","booktrailer":"","resenas":"","editorial":[{"ID":147536,"post_author":"3","post_date":"2022-10-14 11:51:19","post_date_gmt":"2022-10-14 09:51:19","post_content":"","post_title":"BAULA-EDELVIVES-VALENCIANO\/CATALAN-TXT-","post_excerpt":"","post_status":"publish","comment_status":"closed","ping_status":"closed","post_password":"","post_name":"baula-edelvives-valenciano-catalan-txt","to_ping":"","pinged":"","post_modified":"2022-10-14 11:51:19","post_modified_gmt":"2022-10-14 09:51:19","post_content_filtered":"","post_parent":0,"guid":"http:\/\/dev.claret.cat\/editorial\/baula-edelvives-valenciano-catalan-txt\/","menu_order":0,"post_type":"editorial","post_mime_type":"","comment_count":"0","filter":"raw"}],"linkebook":"","ficha":"","muestra":"","precioebook":"0","presentacion":""},"aioseo_notices":[],"_links":{"self":[{"href":"https:\/\/www.claret.cat\/es\/wp-json\/wp\/v2\/product\/1034963","targetHints":{"allow":["GET"]}}],"collection":[{"href":"https:\/\/www.claret.cat\/es\/wp-json\/wp\/v2\/product"}],"about":[{"href":"https:\/\/www.claret.cat\/es\/wp-json\/wp\/v2\/types\/product"}],"wp:featuredmedia":[{"embeddable":true,"href":"https:\/\/www.claret.cat\/es\/wp-json\/wp\/v2\/media\/1043416"}],"wp:attachment":[{"href":"https:\/\/www.claret.cat\/es\/wp-json\/wp\/v2\/media?parent=1034963"}],"wp:term":[{"taxonomy":"product_brand","embeddable":true,"href":"https:\/\/www.claret.cat\/es\/wp-json\/wp\/v2\/product_brand?post=1034963"},{"taxonomy":"product_cat","embeddable":true,"href":"https:\/\/www.claret.cat\/es\/wp-json\/wp\/v2\/product_cat?post=1034963"},{"taxonomy":"product_tag","embeddable":true,"href":"https:\/\/www.claret.cat\/es\/wp-json\/wp\/v2\/product_tag?post=1034963"}],"curies":[{"name":"wp","href":"https:\/\/api.w.org\/{rel}","templated":true}]}}