{"id":103515,"date":"2022-10-12T08:36:15","date_gmt":"2022-10-12T06:36:15","guid":{"rendered":"http:\/\/dev.claret.cat\/producte\/formar-personas\/"},"modified":"2024-05-02T15:40:19","modified_gmt":"2024-05-02T13:40:19","slug":"formar-personas-9788422021490","status":"publish","type":"product","link":"https:\/\/www.claret.cat\/es\/libro\/formar-personas-9788422021490\/","title":{"rendered":"FORMAR PERSONAS"},"content":{"rendered":"<p>La mentalidad rigurosa y anal\u00edtica de Edith Stein se refleja, n\u00edtidamente, en la arquitectura de sus obras que poseen una gran sistematicidad. A pesar de ello, el foco de atenci\u00f3n, lo que realmente se pretende, con este libro, es abordar su filosof\u00eda de la educaci\u00f3n y, particularmente, su noci\u00f3n de formaci\u00f3n (Bildung) y esta tem\u00e1tica est\u00e1 esparcida por distintas obras de car\u00e1cter antropol\u00f3gico y pedag\u00f3gico. No existe una \u00fanica obra dedicada a ello. Por lo tanto, en este trabajo se trata de atravesar el corpus steiniano a partir de la Bildung como constructo hermen\u00e9utico.<\/p>\n","protected":false},"excerpt":{"rendered":"<p>TORRALBA ROSELL\u00d3, FRANCESC<\/p>\n","protected":false},"featured_media":103516,"template":"","meta":{"_acf_changed":false,"om_disable_all_campaigns":false,"rs_blank_template":"","rs_page_bg_color":"","slide_template_v7":"","inline_featured_image":false,"_monsterinsights_skip_tracking":false,"_monsterinsights_sitenote_active":false,"_monsterinsights_sitenote_note":"","_monsterinsights_sitenote_category":0},"product_brand":[],"product_cat":[90,540],"product_tag":[],"class_list":{"0":"post-103515","1":"product","2":"type-product","3":"status-publish","4":"has-post-thumbnail","6":"product_cat-altres","7":"product_cat-otros","9":"first","10":"instock","11":"taxable","12":"shipping-taxable","13":"purchasable","14":"product-type-simple"},"acf":{"editorial":[{"ID":6142,"post_author":"3","post_date":"2022-07-28 17:45:47","post_date_gmt":"2022-07-28 15:45:47","post_content":"","post_title":"BIBLIOTECA AUTORES CRI   B.A.C","post_excerpt":"","post_status":"publish","comment_status":"closed","ping_status":"closed","post_password":"","post_name":"biblioteca-autores-cri-b-a-c","to_ping":"","pinged":"","post_modified":"2022-07-28 17:45:47","post_modified_gmt":"2022-07-28 15:45:47","post_content_filtered":"","post_parent":0,"guid":"http:\/\/dev.claret.cat\/editorial\/biblioteca-autores-cri-b-a-c\/","menu_order":0,"post_type":"editorial","post_mime_type":"","comment_count":"0","filter":"raw"}],"autor":"TORRALBA ROSELL\u00d3, FRANCESC","codart":"842202149","libros-coleccion":"ESTUDIOS Y ENSAYOS","ediciones":"1","encuadernacion":"R\u00fastica","fecha_de_publicacion":"01\/10\/2020","novedad":"1","paginas":"0","subtitulo":"LA TEOLOG\u00cdA DE LA EDUCACI\u00d3N DE EDITH STEIN","orden":"0","portada":"0","idioma":"spa","autores-libros":[{"ID":156146,"post_author":"3","post_date":"2022-10-14 15:18:29","post_date_gmt":"2022-10-14 13:18:29","post_content":"","post_title":"FRANCESC TORRALBA ROSELL\u00d3","post_excerpt":"","post_status":"publish","comment_status":"closed","ping_status":"closed","post_password":"","post_name":"francesc-torralba-rosello","to_ping":"","pinged":"","post_modified":"2022-10-14 15:18:29","post_modified_gmt":"2022-10-14 13:18:29","post_content_filtered":"","post_parent":0,"guid":"http:\/\/dev.claret.cat\/autor\/francesc-torralba-rosello\/","menu_order":0,"post_type":"autor","post_mime_type":"","comment_count":"0","filter":"raw"}]},"aioseo_notices":[],"_links":{"self":[{"href":"https:\/\/www.claret.cat\/es\/wp-json\/wp\/v2\/product\/103515","targetHints":{"allow":["GET"]}}],"collection":[{"href":"https:\/\/www.claret.cat\/es\/wp-json\/wp\/v2\/product"}],"about":[{"href":"https:\/\/www.claret.cat\/es\/wp-json\/wp\/v2\/types\/product"}],"wp:featuredmedia":[{"embeddable":true,"href":"https:\/\/www.claret.cat\/es\/wp-json\/wp\/v2\/media\/103516"}],"wp:attachment":[{"href":"https:\/\/www.claret.cat\/es\/wp-json\/wp\/v2\/media?parent=103515"}],"wp:term":[{"taxonomy":"product_brand","embeddable":true,"href":"https:\/\/www.claret.cat\/es\/wp-json\/wp\/v2\/product_brand?post=103515"},{"taxonomy":"product_cat","embeddable":true,"href":"https:\/\/www.claret.cat\/es\/wp-json\/wp\/v2\/product_cat?post=103515"},{"taxonomy":"product_tag","embeddable":true,"href":"https:\/\/www.claret.cat\/es\/wp-json\/wp\/v2\/product_tag?post=103515"}],"curies":[{"name":"wp","href":"https:\/\/api.w.org\/{rel}","templated":true}]}}