{"id":1035249,"date":"2025-06-19T13:45:02","date_gmt":"2025-06-19T11:45:02","guid":{"rendered":"https:\/\/www.claret.cat\/llibre\/lalcora-9791387633127\/"},"modified":"2025-06-30T19:55:20","modified_gmt":"2025-06-30T17:55:20","slug":"lalcora-9791387633127","status":"publish","type":"product","link":"https:\/\/www.claret.cat\/es\/libro\/lalcora-9791387633127\/","title":{"rendered":"L&#8217;ALCOR\u00c0"},"content":{"rendered":"<p>L\u2019Alcor\u00e0 \u00e9s el llibre que els musulmans consideren sagrat perqu\u00e8 creuen que cont\u00e9 la paraula de D\u00e9u. En ell es recull la predicaci\u00f3 feta (610-632) a Ar\u00e0bia pel profeta Muhammad, conegut tamb\u00e9 com a Mahoma. Els fidels de l\u2019islam creuen que l\u2019Alcor\u00e0 \u00e9s el testimoni del missatger div\u00ed transm\u00e8s a trav\u00e9s de l\u2019\u00e0ngel Gabriel al seu Profeta, qui, alhora, el repetia immediatament als seus oients. Per aquest motiu, sustenten que l\u2019Alcor\u00e0 constitueix la paraula de D\u00e9u tornada al dictat. En aquesta obra, escrita amb un vocabulari i estil molt accessibles, s\u2019analitza el text alcor\u00e0nic, la seva estructura i les seves caracter\u00edstiques. Com a paraula divina, la doctrina en ell continguda constitueix la primera i principal font del drets isl\u00e0mic. Tamb\u00e9 es tracten alguns punts pol\u00e8mics, com ara les seves contradiccions internes, la pretensi\u00f3 del fet que \u00e9s un llibre violent o les hur\u00eds com a premi etern.<\/p>\n","protected":false},"excerpt":{"rendered":"<p>BRAMON, DOLORS<\/p>\n","protected":false},"featured_media":1035295,"template":"","meta":{"_acf_changed":false,"om_disable_all_campaigns":false,"rs_blank_template":"","rs_page_bg_color":"","slide_template_v7":"","inline_featured_image":false,"_monsterinsights_skip_tracking":false,"_monsterinsights_sitenote_active":false,"_monsterinsights_sitenote_note":"","_monsterinsights_sitenote_category":0},"product_brand":[],"product_cat":[544,94],"product_tag":[677],"class_list":{"0":"post-1035249","1":"product","2":"type-product","3":"status-publish","4":"has-post-thumbnail","6":"product_cat-religiones","7":"product_cat-religions","8":"product_tag-alcora","10":"first","11":"instock","12":"taxable","13":"shipping-taxable","14":"purchasable","15":"product-type-simple"},"acf":{"autor":"BRAMON, DOLORS","codart":"138763312","libros-coleccion":"FORA DE COL.LECCI\u00d3","ediciones":"1","encuadernacion":"R\u00fastica","fecha_de_publicacion":"01\/06\/2025","novedad":"1","paginas":"223","subtitulo":"UNA IMMERSI\u00d3 R\u00c0PIDA","orden":"0","portada":"1","idioma":"cat","booktrailer":"","resenas":"","editorial":[{"ID":6375,"post_author":"3","post_date":"2022-07-28 17:50:51","post_date_gmt":"2022-07-28 15:50:51","post_content":"","post_title":"Tibidabo Ediciones","post_excerpt":"","post_status":"publish","comment_status":"closed","ping_status":"closed","post_password":"","post_name":"tibidabo-ediciones","to_ping":"","pinged":"","post_modified":"2022-07-28 17:50:51","post_modified_gmt":"2022-07-28 15:50:51","post_content_filtered":"","post_parent":0,"guid":"http:\/\/dev.claret.cat\/editorial\/tibidabo-ediciones\/","menu_order":0,"post_type":"editorial","post_mime_type":"","comment_count":"0","filter":"raw"}]},"aioseo_notices":[],"_links":{"self":[{"href":"https:\/\/www.claret.cat\/es\/wp-json\/wp\/v2\/product\/1035249","targetHints":{"allow":["GET"]}}],"collection":[{"href":"https:\/\/www.claret.cat\/es\/wp-json\/wp\/v2\/product"}],"about":[{"href":"https:\/\/www.claret.cat\/es\/wp-json\/wp\/v2\/types\/product"}],"wp:featuredmedia":[{"embeddable":true,"href":"https:\/\/www.claret.cat\/es\/wp-json\/wp\/v2\/media\/1035295"}],"wp:attachment":[{"href":"https:\/\/www.claret.cat\/es\/wp-json\/wp\/v2\/media?parent=1035249"}],"wp:term":[{"taxonomy":"product_brand","embeddable":true,"href":"https:\/\/www.claret.cat\/es\/wp-json\/wp\/v2\/product_brand?post=1035249"},{"taxonomy":"product_cat","embeddable":true,"href":"https:\/\/www.claret.cat\/es\/wp-json\/wp\/v2\/product_cat?post=1035249"},{"taxonomy":"product_tag","embeddable":true,"href":"https:\/\/www.claret.cat\/es\/wp-json\/wp\/v2\/product_tag?post=1035249"}],"curies":[{"name":"wp","href":"https:\/\/api.w.org\/{rel}","templated":true}]}}